{"id":1862,"date":"2024-02-06T02:16:49","date_gmt":"2024-02-06T07:16:49","guid":{"rendered":"https:\/\/mdeurbanlab.com\/?page_id=1862"},"modified":"2024-02-29T20:40:19","modified_gmt":"2024-03-01T01:40:19","slug":"recursos","status":"publish","type":"page","link":"https:\/\/mdeurbanlab.com\/en\/recursos\/","title":{"rendered":"RECURSOS"},"content":{"rendered":"<div data-elementor-type=\"wp-page\" data-elementor-id=\"1862\" class=\"elementor elementor-1862\">\n\t\t\t\t\t\t<section class=\"elementor-section elementor-top-section elementor-element elementor-element-6e69021 elementor-section-content-middle elementor-section-boxed elementor-section-height-default elementor-section-height-default\" data-id=\"6e69021\" data-element_type=\"section\" data-settings=\"{&quot;background_background&quot;:&quot;classic&quot;}\">\n\t\t\t\t\t\t\t<div class=\"elementor-background-overlay\"><\/div>\n\t\t\t\t\t\t\t<div class=\"elementor-container elementor-column-gap-no\">\n\t\t\t\t\t<div class=\"elementor-column elementor-col-100 elementor-top-column elementor-element elementor-element-76184e5\" data-id=\"76184e5\" data-element_type=\"column\">\n\t\t\t<div class=\"elementor-widget-wrap elementor-element-populated\">\n\t\t\t\t\t\t<div class=\"elementor-element elementor-element-e14cf13 elementor-widget elementor-widget-heading\" data-id=\"e14cf13\" data-element_type=\"widget\" data-widget_type=\"heading.default\">\n\t\t\t\t<div class=\"elementor-widget-container\">\n\t\t\t<h1 class=\"elementor-heading-title elementor-size-default\">RECURSOS<\/h1>\t\t<\/div>\n\t\t\t\t<\/div>\n\t\t\t\t\t<\/div>\n\t\t<\/div>\n\t\t\t\t\t<\/div>\n\t\t<\/section>\n\t\t\t\t<section class=\"elementor-section elementor-top-section elementor-element elementor-element-c0bbe3e elementor-section-boxed elementor-section-height-default elementor-section-height-default\" data-id=\"c0bbe3e\" data-element_type=\"section\">\n\t\t\t\t\t\t<div class=\"elementor-container elementor-column-gap-default\">\n\t\t\t\t\t<div class=\"elementor-column elementor-col-100 elementor-top-column elementor-element elementor-element-be305f2\" data-id=\"be305f2\" data-element_type=\"column\">\n\t\t\t<div class=\"elementor-widget-wrap elementor-element-populated\">\n\t\t\t\t\t\t<div class=\"elementor-element elementor-element-f091464 elementor-widget elementor-widget-heading\" data-id=\"f091464\" data-element_type=\"widget\" data-widget_type=\"heading.default\">\n\t\t\t\t<div class=\"elementor-widget-container\">\n\t\t\t<h2 class=\"elementor-heading-title elementor-size-default\">LOS SISTEMAS URBANOS REGENERATIVOS EN EL \u00c1MBITO DE LA PLANIFICACI\u00d3N Y DISE\u00d1O URBANO.<\/h2>\t\t<\/div>\n\t\t\t\t<\/div>\n\t\t\t\t<div class=\"elementor-element elementor-element-a38c513 elementor-widget elementor-widget-text-editor\" data-id=\"a38c513\" data-element_type=\"widget\" data-widget_type=\"text-editor.default\">\n\t\t\t\t<div class=\"elementor-widget-container\">\n\t\t\t\t\t\t\t<p>En el \u00e1mbito de la planificaci\u00f3n y dise\u00f1o urbano, los sistemas urbanos regenerativos representan enfoques y pr\u00e1cticas novedosas que buscan revitalizar y mejorar \u00e1reas urbanas de manera integral y sostenible. Estos sistemas tienen como enfoque central la restauraci\u00f3n y mejora de la calidad de vida en las ciudades, al mismo tiempo que se trabajan en la mitigaci\u00f3n de impactos ambientales, particularmente aquellos relacionados con el cambio clim\u00e1tico, y se fomenta la resiliencia urbana.<\/p>\t\t\t\t\t\t<\/div>\n\t\t\t\t<\/div>\n\t\t\t\t<div class=\"elementor-element elementor-element-0ce6c00 elementor-widget elementor-widget-text-editor\" data-id=\"0ce6c00\" data-element_type=\"widget\" data-widget_type=\"text-editor.default\">\n\t\t\t\t<div class=\"elementor-widget-container\">\n\t\t\t\t\t\t\t<p>Los sistemas urbanos regenerativos son por tanto una evoluci\u00f3n de los sistemas urbanos convencionales, ya que paulatinamente vienen fomentando la capacidad que tienen las ciudades de adaptarse a la creciente complejidad que supone la adaptaci\u00f3n a los permanentes cambios en las formas de vida. Esto incluye el notable impacto de las nuevas tecnolog\u00edas y las pautas de consumo. En este proceso de evoluci\u00f3n, surgen estructuras con propiedades disipativas que desempe\u00f1an un papel crucial al aliviar las tensiones acumuladas en el sistema urbano.<\/p><p>Una de las estrategias clave para facilitar la transici\u00f3n hacia sistemas urbanos regenerativos es la implementaci\u00f3n de enfoques de innovaci\u00f3n y dise\u00f1o sist\u00e9mico, como se describe en (<a href=\"http:\/\/systemicdesignlabs.ethz.ch\/\">http:\/\/systemicdesignlabs.ethz.ch<\/a>). Estos enfoques incorporan conocimientos cient\u00edficos, experiencias colectivas y la participaci\u00f3n creativa de la comunidad, con el objetivo de catalizar cambios que contrarresten las tendencias de incertidumbre y caos que han surgido en el sistema urbano en evoluci\u00f3n.<\/p>\t\t\t\t\t\t<\/div>\n\t\t\t\t<\/div>\n\t\t\t\t<div class=\"elementor-element elementor-element-29ed0be elementor-widget elementor-widget-text-editor\" data-id=\"29ed0be\" data-element_type=\"widget\" data-widget_type=\"text-editor.default\">\n\t\t\t\t<div class=\"elementor-widget-container\">\n\t\t\t\t\t\t\t<p>Claras las metas en punto a la sostenibilidad y la regeneratividad, los sistemas urbanos regenerativos, deben abordar diversos frentes para conseguir los alcances deseados, entre los que tenemos:<\/p>\t\t\t\t\t\t<\/div>\n\t\t\t\t<\/div>\n\t\t\t\t<div class=\"elementor-element elementor-element-8b3145e elementor-widget elementor-widget-text-editor\" data-id=\"8b3145e\" data-element_type=\"widget\" data-widget_type=\"text-editor.default\">\n\t\t\t\t<div class=\"elementor-widget-container\">\n\t\t\t\t\t\t\t<ul><li><strong>Contexto Territorial:<\/strong> Implica comprender el entorno geogr\u00e1fico en el que se ubica la ciudad y c\u00f3mo interact\u00faa con \u00e9l. Esto incluye la consideraci\u00f3n de la geograf\u00eda, el clima, los recursos naturales y las caracter\u00edsticas geol\u00f3gicas que pueden influir en el desarrollo urbano.<\/li><li><strong>Urbanizaci\u00f3n y Procesos Claves:<\/strong> Esto se refiere a entender la manera en que la ciudad se desarrolla y transforma con el tiempo. Incluye aspectos como c\u00f3mo se utiliza el suelo, c\u00f3mo cambia el paisaje debido a la construcci\u00f3n y la urbanizaci\u00f3n, y c\u00f3mo se gestionan elementos como la movilidad, el transporte, la producci\u00f3n y el consumo dentro de la ciudad.<\/li><li><strong>Organizaci\u00f3n Social:<\/strong> Hace referencia a la estructura de la sociedad en la ciudad, la gobernanza y la gesti\u00f3n de los recursos urbanos. Esto implica considerar c\u00f3mo se toman decisiones, c\u00f3mo se administran los servicios p\u00fablicos y c\u00f3mo se garantiza la participaci\u00f3n de la comunidad en la toma de decisiones urbanas.<\/li><li><strong>Base Natural:<\/strong> Se refiere a los recursos naturales que sustentan la vida en la ciudad, incluyendo la provisi\u00f3n de bienes y servicios ecosist\u00e9micos como el suministro de agua, la calidad del aire, la biodiversidad y otros elementos que son fundamentales para el bienestar de la poblaci\u00f3n urbana.<\/li><\/ul>\t\t\t\t\t\t<\/div>\n\t\t\t\t<\/div>\n\t\t\t\t<div class=\"elementor-element elementor-element-332e535 elementor-widget elementor-widget-text-editor\" data-id=\"332e535\" data-element_type=\"widget\" data-widget_type=\"text-editor.default\">\n\t\t\t\t<div class=\"elementor-widget-container\">\n\t\t\t\t\t\t\t<p>Los alcances mencionados se refieren a los aspectos y dimensiones clave que deben tenerse en cuenta al considerar la implementaci\u00f3n de sistemas urbanos regenerativos. En conjunto, estos alcances indican que los sistemas urbanos regenerativos abordan de manera integral la planificaci\u00f3n y el desarrollo de las ciudades, considerando tanto los aspectos naturales como sociales, y buscan promover la sostenibilidad y la resiliencia en un contexto urbano en constante evoluci\u00f3n.<\/p>\t\t\t\t\t\t<\/div>\n\t\t\t\t<\/div>\n\t\t\t\t<div class=\"elementor-element elementor-element-5f9b80a elementor-widget elementor-widget-text-editor\" data-id=\"5f9b80a\" data-element_type=\"widget\" data-widget_type=\"text-editor.default\">\n\t\t\t\t<div class=\"elementor-widget-container\">\n\t\t\t\t\t\t\t<p>Para desarrollar estos alcances, a su vez, deben considerarse en los estudios de metabolismo para sistemas regenerativos urbanos, adelantados con enfoque de innovaci\u00f3n y dise\u00f1o sist\u00e9micos las siguientes etapas:<\/p>\t\t\t\t\t\t<\/div>\n\t\t\t\t<\/div>\n\t\t\t\t<div class=\"elementor-element elementor-element-e628d03 elementor-widget elementor-widget-text-editor\" data-id=\"e628d03\" data-element_type=\"widget\" data-widget_type=\"text-editor.default\">\n\t\t\t\t<div class=\"elementor-widget-container\">\n\t\t\t\t\t\t\t<ul><li><strong>Acotar el sistema urbano en consideraci\u00f3n en t\u00e9rminos espaciales y temporales:<\/strong> En esta etapa, se delimita el alcance del sistema urbano que se va a analizar. Esto implica definir los l\u00edmites geogr\u00e1ficos y el per\u00edodo de tiempo que se tendr\u00e1 en cuenta para el estudio.<\/li><li><strong>Identificar los procesos urbanos clave para los flujos de recursos:<\/strong> Se busca identificar los procesos y actividades urbanas que tienen un impacto significativo en la circulaci\u00f3n y uso de recursos dentro de la ciudad.<\/li><li><strong>Levantar informaci\u00f3n base sobre oferta y demanda de recursos por tales procesos clave:<\/strong> Se recopila informaci\u00f3n detallada sobre la cantidad y tipo de recursos que se consumen y producen en relaci\u00f3n con los procesos urbanos identificados.<\/li><li><strong>Elaborar c\u00e1lculos que permitan disponer de un mapa de an\u00e1lisis de los flujos de recursos en el sistema:<\/strong> Con base en la informaci\u00f3n recopilada, se realizan c\u00e1lculos para crear un mapa que ilustra c\u00f3mo fluyen los recursos a trav\u00e9s del sistema urbano.<\/li><li><strong>Realizar evaluaciones de efectos ambientales, sociales y econ\u00f3micos:<\/strong> Se eval\u00faan los impactos de los flujos de recursos en t\u00e9rminos de su influencia en el medio ambiente, la sociedad y la econom\u00eda.<\/li><li><strong>Plantear y priorizar opciones de intervenci\u00f3n de dichos flujos, bajo los determinantes dados por los atributos indicados:<\/strong> Se proponen y priorizan diferentes estrategias para intervenir en los flujos de recursos, considerando los atributos y los impactos evaluados.<\/li><li><strong>Planear, dise\u00f1ar, estructurar y gestionar proyectos para la implementaci\u00f3n de soluciones tecnol\u00f3gicas y sociales:<\/strong> Se desarrollan proyectos concretos para llevar a cabo las estrategias seleccionadas, lo que implica la planificaci\u00f3n detallada, el dise\u00f1o, la gesti\u00f3n y la estructuraci\u00f3n de estos proyectos.<\/li><li><strong>Asegurar, monitorear, verificar y comunicar:<\/strong> Se establecen sistemas de seguimiento y verificaci\u00f3n para asegurar que las intervenciones se lleven a cabo de manera efectiva. Adem\u00e1s, se comunica de manera transparente a todas las partes interesadas.<\/li><li><strong>Tomar decisiones de ajuste y de orientaci\u00f3n estrat\u00e9gica:<\/strong> A medida que se implementan las intervenciones, se pueden tomar decisiones para ajustar y mejorar el proceso seg\u00fan sea necesario. Tambi\u00e9n se orienta estrat\u00e9gicamente el desarrollo futuro del sistema urbano.<\/li><li><strong>Generar mecanismos, instrumentos y herramientas habilitantes que faciliten el proceso:<\/strong> Se crean herramientas y recursos que facilitan la gesti\u00f3n y planificaci\u00f3n de sistemas urbanos regenerativos.<\/li><li><strong>Documentar experiencias, formar agentes de cambio y experimentar situaciones:<\/strong> Se registra y comparte la experiencia acumulada durante el proceso, se forma a personas y grupos interesados en el enfoque y se busca la innovaci\u00f3n continua a trav\u00e9s de experimentaci\u00f3n y aprendizaje.<\/li><\/ul>\t\t\t\t\t\t<\/div>\n\t\t\t\t<\/div>\n\t\t\t\t<div class=\"elementor-element elementor-element-04ec42c elementor-widget elementor-widget-text-editor\" data-id=\"04ec42c\" data-element_type=\"widget\" data-widget_type=\"text-editor.default\">\n\t\t\t\t<div class=\"elementor-widget-container\">\n\t\t\t\t\t\t\t<p>En conjunto, estas etapas representan un enfoque integral para la planificaci\u00f3n y gesti\u00f3n de sistemas urbanos regenerativos, que busca promover la sostenibilidad y la eficiencia en el uso de recursos en entornos urbanos.<\/p><p>Finalmente, Algunas herramientas empleadas para elaborar estudios de metabolismo para sistemas regenerativos urbanos, adelantados con enfoque de innovaci\u00f3n y dise\u00f1o sist\u00e9micos, son las siguientes:<\/p>\t\t\t\t\t\t<\/div>\n\t\t\t\t<\/div>\n\t\t\t\t<div class=\"elementor-element elementor-element-77c2af5 elementor-widget elementor-widget-text-editor\" data-id=\"77c2af5\" data-element_type=\"widget\" data-widget_type=\"text-editor.default\">\n\t\t\t\t<div class=\"elementor-widget-container\">\n\t\t\t\t\t\t\t<ul><li><strong>Sistemas<\/strong> <strong>de informaci\u00f3n referenciada geogr\u00e1ficamente:<\/strong> Son sistemas que permiten la representaci\u00f3n y an\u00e1lisis de datos espaciales en un entorno digital. Estos sistemas son \u00fatiles para visualizar y comprender la distribuci\u00f3n geogr\u00e1fica de recursos y procesos dentro de una ciudad.<\/li><li><strong>An\u00e1lisis de flujos de materiales y energ\u00eda: <\/strong>Consiste en estudiar c\u00f3mo se mueven y se utilizan los recursos materiales y energ\u00e9ticos dentro de un sistema urbano. Esto ayuda a identificar ineficiencias y oportunidades para una gesti\u00f3n m\u00e1s sostenible.<\/li><li><strong>Evaluaci\u00f3n de indicadores ambientales:<\/strong> Implica medir y evaluar diversos indicadores relacionados con el impacto ambiental de las actividades urbanas. Estos indicadores incluyen la calidad del ambiente, la eficiencia en el uso de recursos, la circularidad de materiales, la huella ecol\u00f3gica (impacto ambiental total), la huella de carbono (emisiones de carbono), la huella h\u00eddrica (uso de agua), entre otros.<\/li><li><strong>Evaluaci\u00f3n de indicadores socioambientales:<\/strong> Se refiere a la evaluaci\u00f3n de indicadores que relacionan aspectos sociales y ambientales. Esto incluye la identificaci\u00f3n de externalidades ambientales (impactos no deseados en la sociedad), riesgos socioambientales, valoraci\u00f3n econ\u00f3mica de impactos ambientales, an\u00e1lisis de costos y beneficios sociales y ambientales, entre otros.<\/li><li><strong>Eco innovaci\u00f3n:<\/strong> Es un enfoque que promueve la innovaci\u00f3n en productos, procesos y modelos de negocio para lograr mejoras ambientales significativas. Esto implica la introducci\u00f3n de pr\u00e1cticas y tecnolog\u00edas m\u00e1s sostenibles en la ciudad.<\/li><li><strong>Dise\u00f1o regenerativo:<\/strong> Se refiere a la planificaci\u00f3n y dise\u00f1o de sistemas urbanos que buscan restaurar y mejorar la calidad de vida en la ciudad, minimizando el impacto ambiental y promoviendo la resiliencia urbana.<\/li><li><strong>Tecnolog\u00edas de intensificaci\u00f3n e integraci\u00f3n:<\/strong> Estas tecnolog\u00edas se utilizan para optimizar el uso de recursos y la eficiencia en los procesos urbanos. Pueden incluir soluciones tecnol\u00f3gicas avanzadas que permiten una gesti\u00f3n m\u00e1s efectiva de recursos como la energ\u00eda, el agua y los materiales.<\/li><\/ul>\t\t\t\t\t\t<\/div>\n\t\t\t\t<\/div>\n\t\t\t\t<div class=\"elementor-element elementor-element-1a16028 elementor-widget elementor-widget-text-editor\" data-id=\"1a16028\" data-element_type=\"widget\" data-widget_type=\"text-editor.default\">\n\t\t\t\t<div class=\"elementor-widget-container\">\n\t\t\t\t\t\t\t<p>En conjunto, estas herramientas son fundamentales para comprender, medir y gestionar los aspectos ambientales y sociales de los sistemas urbanos, con el objetivo de promover la sostenibilidad y la regeneraci\u00f3n en las ciudades.<\/p>\t\t\t\t\t\t<\/div>\n\t\t\t\t<\/div>\n\t\t\t\t<div class=\"elementor-element elementor-element-9830d49 elementor-widget elementor-widget-text-editor\" data-id=\"9830d49\" data-element_type=\"widget\" data-widget_type=\"text-editor.default\">\n\t\t\t\t<div class=\"elementor-widget-container\">\n\t\t\t\t\t\t\t<p>Por:<strong><em> Carlos Cadavid Restrepo<br \/><\/em><\/strong>Senior Ambiental<br \/>MDE URBAN LAB S.A.S.<\/p>\t\t\t\t\t\t<\/div>\n\t\t\t\t<\/div>\n\t\t\t\t\t<\/div>\n\t\t<\/div>\n\t\t\t\t\t<\/div>\n\t\t<\/section>\n\t\t\t\t<\/div>","protected":false},"excerpt":{"rendered":"<p>RECURSOS LOS SISTEMAS URBANOS REGENERATIVOS EN EL \u00c1MBITO DE LA PLANIFICACI\u00d3N Y DISE\u00d1O URBANO. En el \u00e1mbito de la planificaci\u00f3n y dise\u00f1o urbano, los sistemas urbanos regenerativos representan enfoques y pr\u00e1cticas novedosas que buscan revitalizar y mejorar \u00e1reas urbanas de manera integral y sostenible. Estos sistemas tienen como enfoque central la restauraci\u00f3n y mejora de &hellip;<\/p>\n<p class=\"read-more\"> <a class=\"\" href=\"https:\/\/mdeurbanlab.com\/en\/recursos\/\"> <span class=\"screen-reader-text\">RECURSOS<\/span> Read More &raquo;<\/a><\/p>","protected":false},"author":1,"featured_media":0,"parent":0,"menu_order":0,"comment_status":"closed","ping_status":"closed","template":"","meta":{"site-sidebar-layout":"no-sidebar","site-content-layout":"page-builder","ast-global-header-display":"","ast-banner-title-visibility":"","ast-main-header-display":"","ast-hfb-above-header-display":"","ast-hfb-below-header-display":"","ast-hfb-mobile-header-display":"","site-post-title":"disabled","ast-breadcrumbs-content":"","ast-featured-img":"disabled","footer-sml-layout":"","theme-transparent-header-meta":"","adv-header-id-meta":"","stick-header-meta":"","header-above-stick-meta":"","header-main-stick-meta":"","header-below-stick-meta":"","footnotes":""},"class_list":["post-1862","page","type-page","status-publish","hentry"],"_links":{"self":[{"href":"https:\/\/mdeurbanlab.com\/en\/wp-json\/wp\/v2\/pages\/1862"}],"collection":[{"href":"https:\/\/mdeurbanlab.com\/en\/wp-json\/wp\/v2\/pages"}],"about":[{"href":"https:\/\/mdeurbanlab.com\/en\/wp-json\/wp\/v2\/types\/page"}],"author":[{"embeddable":true,"href":"https:\/\/mdeurbanlab.com\/en\/wp-json\/wp\/v2\/users\/1"}],"replies":[{"embeddable":true,"href":"https:\/\/mdeurbanlab.com\/en\/wp-json\/wp\/v2\/comments?post=1862"}],"version-history":[{"count":11,"href":"https:\/\/mdeurbanlab.com\/en\/wp-json\/wp\/v2\/pages\/1862\/revisions"}],"predecessor-version":[{"id":2213,"href":"https:\/\/mdeurbanlab.com\/en\/wp-json\/wp\/v2\/pages\/1862\/revisions\/2213"}],"wp:attachment":[{"href":"https:\/\/mdeurbanlab.com\/en\/wp-json\/wp\/v2\/media?parent=1862"}],"curies":[{"name":"wp","href":"https:\/\/api.w.org\/{rel}","templated":true}]}}