{"id":1976,"date":"2024-02-29T11:01:54","date_gmt":"2024-02-29T16:01:54","guid":{"rendered":"https:\/\/mdeurbanlab.com\/?page_id=1976"},"modified":"2024-02-29T12:15:28","modified_gmt":"2024-02-29T17:15:28","slug":"paisajes-en-transicion","status":"publish","type":"page","link":"https:\/\/mdeurbanlab.com\/en\/paisajes-en-transicion\/","title":{"rendered":"Paisajes en transici\u00f3n"},"content":{"rendered":"<div data-elementor-type=\"wp-page\" data-elementor-id=\"1976\" class=\"elementor elementor-1976\">\n\t\t\t\t\t\t<section class=\"elementor-section elementor-top-section elementor-element elementor-element-163f5d3 elementor-section-height-min-height elementor-section-boxed elementor-section-height-default elementor-section-items-middle\" data-id=\"163f5d3\" data-element_type=\"section\" data-settings=\"{&quot;background_background&quot;:&quot;classic&quot;}\">\n\t\t\t\t\t\t\t<div class=\"elementor-background-overlay\"><\/div>\n\t\t\t\t\t\t\t<div class=\"elementor-container elementor-column-gap-default\">\n\t\t\t\t\t<div class=\"elementor-column elementor-col-100 elementor-top-column elementor-element elementor-element-f6d31af\" data-id=\"f6d31af\" data-element_type=\"column\">\n\t\t\t<div class=\"elementor-widget-wrap elementor-element-populated\">\n\t\t\t\t\t\t<div class=\"elementor-element elementor-element-3462963 elementor-widget elementor-widget-spacer\" data-id=\"3462963\" data-element_type=\"widget\" data-widget_type=\"spacer.default\">\n\t\t\t\t<div class=\"elementor-widget-container\">\n\t\t\t\t\t<div class=\"elementor-spacer\">\n\t\t\t<div class=\"elementor-spacer-inner\"><\/div>\n\t\t<\/div>\n\t\t\t\t<\/div>\n\t\t\t\t<\/div>\n\t\t\t\t\t<\/div>\n\t\t<\/div>\n\t\t\t\t\t<\/div>\n\t\t<\/section>\n\t\t\t\t<section class=\"elementor-section elementor-top-section elementor-element elementor-element-e455ada elementor-section-boxed elementor-section-height-default elementor-section-height-default\" data-id=\"e455ada\" data-element_type=\"section\">\n\t\t\t\t\t\t<div class=\"elementor-container elementor-column-gap-default\">\n\t\t\t\t\t<div class=\"elementor-column elementor-col-100 elementor-top-column elementor-element elementor-element-0847909\" data-id=\"0847909\" data-element_type=\"column\">\n\t\t\t<div class=\"elementor-widget-wrap elementor-element-populated\">\n\t\t\t\t\t\t<div class=\"elementor-element elementor-element-c06a23b elementor-widget elementor-widget-heading\" data-id=\"c06a23b\" data-element_type=\"widget\" data-widget_type=\"heading.default\">\n\t\t\t\t<div class=\"elementor-widget-container\">\n\t\t\t<h2 class=\"elementor-heading-title elementor-size-default\">Paisajes en transici\u00f3n<\/h2>\t\t<\/div>\n\t\t\t\t<\/div>\n\t\t\t\t<div class=\"elementor-element elementor-element-3724bcd elementor-widget elementor-widget-text-editor\" data-id=\"3724bcd\" data-element_type=\"widget\" data-widget_type=\"text-editor.default\">\n\t\t\t\t<div class=\"elementor-widget-container\">\n\t\t\t\t\t\t\t<p>El nuevo Norte como modelo regenerativo de urbanismo eco productivo<\/p>\t\t\t\t\t\t<\/div>\n\t\t\t\t<\/div>\n\t\t\t\t<div class=\"elementor-element elementor-element-5058ee6 elementor-widget elementor-widget-text-editor\" data-id=\"5058ee6\" data-element_type=\"widget\" data-widget_type=\"text-editor.default\">\n\t\t\t\t<div class=\"elementor-widget-container\">\n\t\t\t\t\t\t\t<p><strong>Ubicaci\u00f3n: Bucaramanga, Colombia<\/strong><\/p>\t\t\t\t\t\t<\/div>\n\t\t\t\t<\/div>\n\t\t\t\t<div class=\"elementor-element elementor-element-875e85f elementor-widget elementor-widget-text-editor\" data-id=\"875e85f\" data-element_type=\"widget\" data-widget_type=\"text-editor.default\">\n\t\t\t\t<div class=\"elementor-widget-container\">\n\t\t\t\t\t\t\t<p>Busca posicionar al nuevo norte de Bucaramanga como una centralidad Eco Productiva para el \u00c1rea Metropolitana, a trav\u00e9s de un modelo de borde din\u00e1mico que promueve la transici\u00f3n y el cambio de paradigmas hacia un modelo de urbanismo regenerativo donde convergen el desarrollo econ\u00f3mico, la protecci\u00f3n y regeneraci\u00f3n ambiental y la integraci\u00f3n social impulsadas por una gobernanza activa y responsable que potencie las virtudes del territorio.<\/p><p>Este modelo permitir\u00e1 la coexistencia de los sistemas econ\u00f3micos y productivos, las din\u00e1micas urbanas y rurales, sociales y de gobernabilidad, funcionales y el bienestar humano y no humano, poniendo como primera medida el valor del paisaje, la memoria y el ambiente natural para su regeneraci\u00f3n hacia la producci\u00f3n y el consumo responsable, mientras en paralelo, se implementan soluciones adaptativas, basadas en la naturaleza.<\/p>\t\t\t\t\t\t<\/div>\n\t\t\t\t<\/div>\n\t\t\t\t\t<\/div>\n\t\t<\/div>\n\t\t\t\t\t<\/div>\n\t\t<\/section>\n\t\t\t\t<section class=\"elementor-section elementor-top-section elementor-element elementor-element-1b21599 elementor-section-boxed elementor-section-height-default elementor-section-height-default\" data-id=\"1b21599\" data-element_type=\"section\">\n\t\t\t\t\t\t<div class=\"elementor-container elementor-column-gap-default\">\n\t\t\t\t\t<div class=\"elementor-column elementor-col-50 elementor-top-column elementor-element elementor-element-9134628\" data-id=\"9134628\" data-element_type=\"column\">\n\t\t\t<div class=\"elementor-widget-wrap elementor-element-populated\">\n\t\t\t\t\t\t<div class=\"elementor-element elementor-element-d3e517d elementor-widget elementor-widget-image\" data-id=\"d3e517d\" data-element_type=\"widget\" data-widget_type=\"image.default\">\n\t\t\t\t<div class=\"elementor-widget-container\">\n\t\t\t\t\t\t\t\t\t\t\t\t\t<img fetchpriority=\"high\" decoding=\"async\" width=\"774\" height=\"1024\" src=\"https:\/\/mdeurbanlab.com\/wp-content\/uploads\/2024\/02\/01-Nodo-Ecoproductivo2-774x1024.jpg\" class=\"attachment-large size-large wp-image-1987\" alt=\"\" srcset=\"https:\/\/mdeurbanlab.com\/wp-content\/uploads\/2024\/02\/01-Nodo-Ecoproductivo2-774x1024.jpg 774w, https:\/\/mdeurbanlab.com\/wp-content\/uploads\/2024\/02\/01-Nodo-Ecoproductivo2-227x300.jpg 227w, https:\/\/mdeurbanlab.com\/wp-content\/uploads\/2024\/02\/01-Nodo-Ecoproductivo2-768x1016.jpg 768w, https:\/\/mdeurbanlab.com\/wp-content\/uploads\/2024\/02\/01-Nodo-Ecoproductivo2-9x12.jpg 9w, https:\/\/mdeurbanlab.com\/wp-content\/uploads\/2024\/02\/01-Nodo-Ecoproductivo2.jpg 800w\" sizes=\"(max-width: 774px) 100vw, 774px\" \/>\t\t\t\t\t\t\t\t\t\t\t\t\t<\/div>\n\t\t\t\t<\/div>\n\t\t\t\t\t<\/div>\n\t\t<\/div>\n\t\t\t\t<div class=\"elementor-column elementor-col-50 elementor-top-column elementor-element elementor-element-fa4043f\" data-id=\"fa4043f\" data-element_type=\"column\">\n\t\t\t<div class=\"elementor-widget-wrap elementor-element-populated\">\n\t\t\t\t\t\t<div class=\"elementor-element elementor-element-caa4407 elementor-widget elementor-widget-heading\" data-id=\"caa4407\" data-element_type=\"widget\" data-widget_type=\"heading.default\">\n\t\t\t\t<div class=\"elementor-widget-container\">\n\t\t\t<h2 class=\"elementor-heading-title elementor-size-default\">A. Escala Ciudad - Regi\u00f3n:  <\/br> Nodo Ecoproductivo<\/h2>\t\t<\/div>\n\t\t\t\t<\/div>\n\t\t\t\t<div class=\"elementor-element elementor-element-fee983f elementor-widget elementor-widget-text-editor\" data-id=\"fee983f\" data-element_type=\"widget\" data-widget_type=\"text-editor.default\">\n\t\t\t\t<div class=\"elementor-widget-container\">\n\t\t\t\t\t\t\t<p>El objetivo desde la escala Ciudad-Regi\u00f3n es consolidar a Bucaramanga y a su zona norte como nodo Eco Productivo estrat\u00e9gico para la regi\u00f3n y el pa\u00eds, a trav\u00e9s de la definici\u00f3n de un sistema espacial que combina la protecci\u00f3n y fortalecimiento del sistema ambiental al tiempo que potencia productividad diversa y responsable por medio de la creaci\u00f3n de un nuevo sistema de corredores p\u00fablicos urbanos y rurales integrales que buscan un desarrollo que ponga en equilibrio los sistemas naturales, las din\u00e1micas sociales y las fortalezas econ\u00f3micas presentes en la zona.<\/p>\t\t\t\t\t\t<\/div>\n\t\t\t\t<\/div>\n\t\t\t\t<div class=\"elementor-element elementor-element-91712e6 elementor-widget elementor-widget-image\" data-id=\"91712e6\" data-element_type=\"widget\" data-widget_type=\"image.default\">\n\t\t\t\t<div class=\"elementor-widget-container\">\n\t\t\t\t\t\t\t\t\t\t\t\t\t<img decoding=\"async\" width=\"800\" height=\"564\" src=\"https:\/\/mdeurbanlab.com\/wp-content\/uploads\/2024\/02\/CIRCUITOS-BIOINTEGRADORES.jpg\" class=\"attachment-large size-large wp-image-1988\" alt=\"\" srcset=\"https:\/\/mdeurbanlab.com\/wp-content\/uploads\/2024\/02\/CIRCUITOS-BIOINTEGRADORES.jpg 800w, https:\/\/mdeurbanlab.com\/wp-content\/uploads\/2024\/02\/CIRCUITOS-BIOINTEGRADORES-300x212.jpg 300w, https:\/\/mdeurbanlab.com\/wp-content\/uploads\/2024\/02\/CIRCUITOS-BIOINTEGRADORES-768x541.jpg 768w, https:\/\/mdeurbanlab.com\/wp-content\/uploads\/2024\/02\/CIRCUITOS-BIOINTEGRADORES-18x12.jpg 18w\" sizes=\"(max-width: 800px) 100vw, 800px\" \/>\t\t\t\t\t\t\t\t\t\t\t\t\t<\/div>\n\t\t\t\t<\/div>\n\t\t\t\t\t<\/div>\n\t\t<\/div>\n\t\t\t\t\t<\/div>\n\t\t<\/section>\n\t\t\t\t<section class=\"elementor-section elementor-top-section elementor-element elementor-element-f13c849 elementor-section-boxed elementor-section-height-default elementor-section-height-default\" data-id=\"f13c849\" data-element_type=\"section\">\n\t\t\t\t\t\t<div class=\"elementor-container elementor-column-gap-default\">\n\t\t\t\t\t<div class=\"elementor-column elementor-col-50 elementor-top-column elementor-element elementor-element-9b689e0\" data-id=\"9b689e0\" data-element_type=\"column\">\n\t\t\t<div class=\"elementor-widget-wrap elementor-element-populated\">\n\t\t\t\t\t\t<div class=\"elementor-element elementor-element-0172c0d elementor-widget elementor-widget-image\" data-id=\"0172c0d\" data-element_type=\"widget\" data-widget_type=\"image.default\">\n\t\t\t\t<div class=\"elementor-widget-container\">\n\t\t\t\t\t\t\t\t\t\t\t\t\t<img decoding=\"async\" width=\"774\" height=\"1024\" src=\"https:\/\/mdeurbanlab.com\/wp-content\/uploads\/2024\/02\/escala-territorial-774x1024.jpg\" class=\"attachment-large size-large wp-image-1998\" alt=\"\" srcset=\"https:\/\/mdeurbanlab.com\/wp-content\/uploads\/2024\/02\/escala-territorial-774x1024.jpg 774w, https:\/\/mdeurbanlab.com\/wp-content\/uploads\/2024\/02\/escala-territorial-227x300.jpg 227w, https:\/\/mdeurbanlab.com\/wp-content\/uploads\/2024\/02\/escala-territorial-768x1016.jpg 768w, https:\/\/mdeurbanlab.com\/wp-content\/uploads\/2024\/02\/escala-territorial-9x12.jpg 9w, https:\/\/mdeurbanlab.com\/wp-content\/uploads\/2024\/02\/escala-territorial.jpg 800w\" sizes=\"(max-width: 774px) 100vw, 774px\" \/>\t\t\t\t\t\t\t\t\t\t\t\t\t<\/div>\n\t\t\t\t<\/div>\n\t\t\t\t\t<\/div>\n\t\t<\/div>\n\t\t\t\t<div class=\"elementor-column elementor-col-50 elementor-top-column elementor-element elementor-element-5290979\" data-id=\"5290979\" data-element_type=\"column\">\n\t\t\t<div class=\"elementor-widget-wrap elementor-element-populated\">\n\t\t\t\t\t\t<div class=\"elementor-element elementor-element-a1082fe elementor-widget elementor-widget-heading\" data-id=\"a1082fe\" data-element_type=\"widget\" data-widget_type=\"heading.default\">\n\t\t\t\t<div class=\"elementor-widget-container\">\n\t\t\t<h2 class=\"elementor-heading-title elementor-size-default\">B. Escala territorial: <\/h2>\t\t<\/div>\n\t\t\t\t<\/div>\n\t\t\t\t<div class=\"elementor-element elementor-element-5c5a755 elementor-widget elementor-widget-text-editor\" data-id=\"5c5a755\" data-element_type=\"widget\" data-widget_type=\"text-editor.default\">\n\t\t\t\t<div class=\"elementor-widget-container\">\n\t\t\t\t\t\t\t<p>El nuevo norte como ecotono y catalizador productivo<\/p>\t\t\t\t\t\t<\/div>\n\t\t\t\t<\/div>\n\t\t\t\t<div class=\"elementor-element elementor-element-e412ce3 elementor-widget elementor-widget-image\" data-id=\"e412ce3\" data-element_type=\"widget\" data-widget_type=\"image.default\">\n\t\t\t\t<div class=\"elementor-widget-container\">\n\t\t\t\t\t\t\t\t\t\t\t\t\t<img loading=\"lazy\" decoding=\"async\" width=\"800\" height=\"846\" src=\"https:\/\/mdeurbanlab.com\/wp-content\/uploads\/2024\/02\/escala-territorial02.jpg\" class=\"attachment-large size-large wp-image-1999\" alt=\"\" srcset=\"https:\/\/mdeurbanlab.com\/wp-content\/uploads\/2024\/02\/escala-territorial02.jpg 800w, https:\/\/mdeurbanlab.com\/wp-content\/uploads\/2024\/02\/escala-territorial02-284x300.jpg 284w, https:\/\/mdeurbanlab.com\/wp-content\/uploads\/2024\/02\/escala-territorial02-768x812.jpg 768w, https:\/\/mdeurbanlab.com\/wp-content\/uploads\/2024\/02\/escala-territorial02-11x12.jpg 11w\" sizes=\"(max-width: 800px) 100vw, 800px\" \/>\t\t\t\t\t\t\t\t\t\t\t\t\t<\/div>\n\t\t\t\t<\/div>\n\t\t\t\t\t<\/div>\n\t\t<\/div>\n\t\t\t\t\t<\/div>\n\t\t<\/section>\n\t\t\t\t<section class=\"elementor-section elementor-top-section elementor-element elementor-element-4f997aa elementor-section-boxed elementor-section-height-default elementor-section-height-default\" data-id=\"4f997aa\" data-element_type=\"section\">\n\t\t\t\t\t\t<div class=\"elementor-container elementor-column-gap-default\">\n\t\t\t\t\t<div class=\"elementor-column elementor-col-50 elementor-top-column elementor-element elementor-element-5b81d6b\" data-id=\"5b81d6b\" data-element_type=\"column\">\n\t\t\t<div class=\"elementor-widget-wrap elementor-element-populated\">\n\t\t\t\t\t\t<div class=\"elementor-element elementor-element-9a4c791 elementor-widget elementor-widget-image\" data-id=\"9a4c791\" data-element_type=\"widget\" data-widget_type=\"image.default\">\n\t\t\t\t<div class=\"elementor-widget-container\">\n\t\t\t\t\t\t\t\t\t\t\t\t\t<img loading=\"lazy\" decoding=\"async\" width=\"774\" height=\"1024\" src=\"https:\/\/mdeurbanlab.com\/wp-content\/uploads\/2024\/02\/sistemas-territoriales-774x1024.jpg\" class=\"attachment-large size-large wp-image-2001\" alt=\"\" srcset=\"https:\/\/mdeurbanlab.com\/wp-content\/uploads\/2024\/02\/sistemas-territoriales-774x1024.jpg 774w, https:\/\/mdeurbanlab.com\/wp-content\/uploads\/2024\/02\/sistemas-territoriales-227x300.jpg 227w, https:\/\/mdeurbanlab.com\/wp-content\/uploads\/2024\/02\/sistemas-territoriales-768x1016.jpg 768w, https:\/\/mdeurbanlab.com\/wp-content\/uploads\/2024\/02\/sistemas-territoriales-9x12.jpg 9w, https:\/\/mdeurbanlab.com\/wp-content\/uploads\/2024\/02\/sistemas-territoriales.jpg 800w\" sizes=\"(max-width: 774px) 100vw, 774px\" \/>\t\t\t\t\t\t\t\t\t\t\t\t\t<\/div>\n\t\t\t\t<\/div>\n\t\t\t\t\t<\/div>\n\t\t<\/div>\n\t\t\t\t<div class=\"elementor-column elementor-col-50 elementor-top-column elementor-element elementor-element-d005582\" data-id=\"d005582\" data-element_type=\"column\">\n\t\t\t<div class=\"elementor-widget-wrap elementor-element-populated\">\n\t\t\t\t\t\t<div class=\"elementor-element elementor-element-4132497 elementor-widget elementor-widget-image\" data-id=\"4132497\" data-element_type=\"widget\" data-widget_type=\"image.default\">\n\t\t\t\t<div class=\"elementor-widget-container\">\n\t\t\t\t\t\t\t\t\t\t\t\t\t<img loading=\"lazy\" decoding=\"async\" width=\"800\" height=\"810\" src=\"https:\/\/mdeurbanlab.com\/wp-content\/uploads\/2024\/02\/sistemas-territoriales3.jpg\" class=\"attachment-large size-large wp-image-2003\" alt=\"\" srcset=\"https:\/\/mdeurbanlab.com\/wp-content\/uploads\/2024\/02\/sistemas-territoriales3.jpg 800w, https:\/\/mdeurbanlab.com\/wp-content\/uploads\/2024\/02\/sistemas-territoriales3-296x300.jpg 296w, https:\/\/mdeurbanlab.com\/wp-content\/uploads\/2024\/02\/sistemas-territoriales3-768x778.jpg 768w, https:\/\/mdeurbanlab.com\/wp-content\/uploads\/2024\/02\/sistemas-territoriales3-12x12.jpg 12w\" sizes=\"(max-width: 800px) 100vw, 800px\" \/>\t\t\t\t\t\t\t\t\t\t\t\t\t<\/div>\n\t\t\t\t<\/div>\n\t\t\t\t<div class=\"elementor-element elementor-element-04bd2c9 elementor-widget elementor-widget-heading\" data-id=\"04bd2c9\" data-element_type=\"widget\" data-widget_type=\"heading.default\">\n\t\t\t\t<div class=\"elementor-widget-container\">\n\t\t\t<h2 class=\"elementor-heading-title elementor-size-default\">C. Escala Urbano Rural: <\/h2>\t\t<\/div>\n\t\t\t\t<\/div>\n\t\t\t\t<div class=\"elementor-element elementor-element-fb1b3c5 elementor-widget elementor-widget-text-editor\" data-id=\"fb1b3c5\" data-element_type=\"widget\" data-widget_type=\"text-editor.default\">\n\t\t\t\t<div class=\"elementor-widget-container\">\n\t\t\t\t\t\t\t<p>Redefiniendo el modelo productivo Eco Industrial<\/p>\t\t\t\t\t\t<\/div>\n\t\t\t\t<\/div>\n\t\t\t\t<div class=\"elementor-element elementor-element-66262db elementor-widget elementor-widget-text-editor\" data-id=\"66262db\" data-element_type=\"widget\" data-widget_type=\"text-editor.default\">\n\t\t\t\t<div class=\"elementor-widget-container\">\n\t\t\t\t\t\t\t<p>El objetivo en esta escala es formular un modelo de ocupaci\u00f3n que centralice y tecnifique los sistemas productivos respondiendo a las din\u00e1micas tanto urbanas como rurales, conservando los recursos ambientales donde los modos de habitar se relacionen con las actividades industriales, comerciales y agr\u00edcolas de manera sostenible y amigable.<\/p>\t\t\t\t\t\t<\/div>\n\t\t\t\t<\/div>\n\t\t\t\t\t<\/div>\n\t\t<\/div>\n\t\t\t\t\t<\/div>\n\t\t<\/section>\n\t\t\t\t<\/div>","protected":false},"excerpt":{"rendered":"<p>Paisajes en transici\u00f3n El nuevo Norte como modelo regenerativo de urbanismo eco productivo Ubicaci\u00f3n: Bucaramanga, Colombia Busca posicionar al nuevo norte de Bucaramanga como una centralidad Eco Productiva para el \u00c1rea Metropolitana, a trav\u00e9s de un modelo de borde din\u00e1mico que promueve la transici\u00f3n y el cambio de paradigmas hacia un modelo de urbanismo regenerativo &hellip;<\/p>\n<p class=\"read-more\"> <a class=\"\" href=\"https:\/\/mdeurbanlab.com\/en\/paisajes-en-transicion\/\"> <span class=\"screen-reader-text\">Paisajes en transici\u00f3n<\/span> Read More &raquo;<\/a><\/p>","protected":false},"author":1,"featured_media":0,"parent":0,"menu_order":0,"comment_status":"closed","ping_status":"closed","template":"","meta":{"site-sidebar-layout":"no-sidebar","site-content-layout":"page-builder","ast-global-header-display":"","ast-banner-title-visibility":"","ast-main-header-display":"","ast-hfb-above-header-display":"","ast-hfb-below-header-display":"","ast-hfb-mobile-header-display":"","site-post-title":"disabled","ast-breadcrumbs-content":"","ast-featured-img":"disabled","footer-sml-layout":"","theme-transparent-header-meta":"","adv-header-id-meta":"","stick-header-meta":"","header-above-stick-meta":"","header-main-stick-meta":"","header-below-stick-meta":"","footnotes":""},"class_list":["post-1976","page","type-page","status-publish","hentry"],"_links":{"self":[{"href":"https:\/\/mdeurbanlab.com\/en\/wp-json\/wp\/v2\/pages\/1976"}],"collection":[{"href":"https:\/\/mdeurbanlab.com\/en\/wp-json\/wp\/v2\/pages"}],"about":[{"href":"https:\/\/mdeurbanlab.com\/en\/wp-json\/wp\/v2\/types\/page"}],"author":[{"embeddable":true,"href":"https:\/\/mdeurbanlab.com\/en\/wp-json\/wp\/v2\/users\/1"}],"replies":[{"embeddable":true,"href":"https:\/\/mdeurbanlab.com\/en\/wp-json\/wp\/v2\/comments?post=1976"}],"version-history":[{"count":16,"href":"https:\/\/mdeurbanlab.com\/en\/wp-json\/wp\/v2\/pages\/1976\/revisions"}],"predecessor-version":[{"id":2006,"href":"https:\/\/mdeurbanlab.com\/en\/wp-json\/wp\/v2\/pages\/1976\/revisions\/2006"}],"wp:attachment":[{"href":"https:\/\/mdeurbanlab.com\/en\/wp-json\/wp\/v2\/media?parent=1976"}],"curies":[{"name":"wp","href":"https:\/\/api.w.org\/{rel}","templated":true}]}}