{"id":2010,"date":"2024-02-29T12:25:18","date_gmt":"2024-02-29T17:25:18","guid":{"rendered":"https:\/\/mdeurbanlab.com\/?page_id=2010"},"modified":"2024-02-29T13:15:36","modified_gmt":"2024-02-29T18:15:36","slug":"la-ruta-es-el-agua","status":"publish","type":"page","link":"https:\/\/mdeurbanlab.com\/en\/la-ruta-es-el-agua\/","title":{"rendered":"La ruta es el agua"},"content":{"rendered":"<div data-elementor-type=\"wp-page\" data-elementor-id=\"2010\" class=\"elementor elementor-2010\">\n\t\t\t\t\t\t<section class=\"elementor-section elementor-top-section elementor-element elementor-element-163f5d3 elementor-section-height-min-height elementor-section-boxed elementor-section-height-default elementor-section-items-middle\" data-id=\"163f5d3\" data-element_type=\"section\" data-settings=\"{&quot;background_background&quot;:&quot;classic&quot;}\">\n\t\t\t\t\t\t\t<div class=\"elementor-background-overlay\"><\/div>\n\t\t\t\t\t\t\t<div class=\"elementor-container elementor-column-gap-default\">\n\t\t\t\t\t<div class=\"elementor-column elementor-col-100 elementor-top-column elementor-element elementor-element-f6d31af\" data-id=\"f6d31af\" data-element_type=\"column\">\n\t\t\t<div class=\"elementor-widget-wrap elementor-element-populated\">\n\t\t\t\t\t\t<div class=\"elementor-element elementor-element-3462963 elementor-widget elementor-widget-spacer\" data-id=\"3462963\" data-element_type=\"widget\" data-widget_type=\"spacer.default\">\n\t\t\t\t<div class=\"elementor-widget-container\">\n\t\t\t\t\t<div class=\"elementor-spacer\">\n\t\t\t<div class=\"elementor-spacer-inner\"><\/div>\n\t\t<\/div>\n\t\t\t\t<\/div>\n\t\t\t\t<\/div>\n\t\t\t\t\t<\/div>\n\t\t<\/div>\n\t\t\t\t\t<\/div>\n\t\t<\/section>\n\t\t\t\t<section class=\"elementor-section elementor-top-section elementor-element elementor-element-1b21599 elementor-section-boxed elementor-section-height-default elementor-section-height-default\" data-id=\"1b21599\" data-element_type=\"section\">\n\t\t\t\t\t\t<div class=\"elementor-container elementor-column-gap-default\">\n\t\t\t\t\t<div class=\"elementor-column elementor-col-50 elementor-top-column elementor-element elementor-element-9134628\" data-id=\"9134628\" data-element_type=\"column\">\n\t\t\t<div class=\"elementor-widget-wrap elementor-element-populated\">\n\t\t\t\t\t\t<div class=\"elementor-element elementor-element-d3e517d elementor-widget elementor-widget-image\" data-id=\"d3e517d\" data-element_type=\"widget\" data-widget_type=\"image.default\">\n\t\t\t\t<div class=\"elementor-widget-container\">\n\t\t\t\t\t\t\t\t\t\t\t\t\t<img fetchpriority=\"high\" decoding=\"async\" width=\"774\" height=\"1024\" src=\"https:\/\/mdeurbanlab.com\/wp-content\/uploads\/2024\/02\/la-ruta-es-el-agua-774x1024.jpg\" class=\"attachment-large size-large wp-image-2013\" alt=\"\" srcset=\"https:\/\/mdeurbanlab.com\/wp-content\/uploads\/2024\/02\/la-ruta-es-el-agua-774x1024.jpg 774w, https:\/\/mdeurbanlab.com\/wp-content\/uploads\/2024\/02\/la-ruta-es-el-agua-227x300.jpg 227w, https:\/\/mdeurbanlab.com\/wp-content\/uploads\/2024\/02\/la-ruta-es-el-agua-768x1016.jpg 768w, https:\/\/mdeurbanlab.com\/wp-content\/uploads\/2024\/02\/la-ruta-es-el-agua-9x12.jpg 9w, https:\/\/mdeurbanlab.com\/wp-content\/uploads\/2024\/02\/la-ruta-es-el-agua.jpg 800w\" sizes=\"(max-width: 774px) 100vw, 774px\" \/>\t\t\t\t\t\t\t\t\t\t\t\t\t<\/div>\n\t\t\t\t<\/div>\n\t\t\t\t\t<\/div>\n\t\t<\/div>\n\t\t\t\t<div class=\"elementor-column elementor-col-50 elementor-top-column elementor-element elementor-element-fa4043f\" data-id=\"fa4043f\" data-element_type=\"column\">\n\t\t\t<div class=\"elementor-widget-wrap elementor-element-populated\">\n\t\t\t\t\t\t<div class=\"elementor-element elementor-element-caa4407 elementor-widget elementor-widget-heading\" data-id=\"caa4407\" data-element_type=\"widget\" data-widget_type=\"heading.default\">\n\t\t\t\t<div class=\"elementor-widget-container\">\n\t\t\t<h2 class=\"elementor-heading-title elementor-size-default\">Participaci\u00f3n en la Bienal de arquitectura y urbanismo de Se\u00fal, 2023.<\/h2>\t\t<\/div>\n\t\t\t\t<\/div>\n\t\t\t\t<div class=\"elementor-element elementor-element-5058ee6 elementor-widget elementor-widget-text-editor\" data-id=\"5058ee6\" data-element_type=\"widget\" data-widget_type=\"text-editor.default\">\n\t\t\t\t<div class=\"elementor-widget-container\">\n\t\t\t\t\t\t\t<p>Ubicaci\u00f3n: Se\u00fal, Corea del Sur<\/p>\t\t\t\t\t\t<\/div>\n\t\t\t\t<\/div>\n\t\t\t\t<div class=\"elementor-element elementor-element-fee983f elementor-widget elementor-widget-text-editor\" data-id=\"fee983f\" data-element_type=\"widget\" data-widget_type=\"text-editor.default\">\n\t\t\t\t<div class=\"elementor-widget-container\">\n\t\t\t\t\t\t\t<p>El departamento de Antioquia se ubica en la esquina noroccidental de Suram\u00e9rica, en la confluencia de la cordillera de los Andes y las costas de los oc\u00e9anos Atl\u00e1ntico y Pac\u00edfico. Este territorio alberga un ecosistema complejo, caracterizado por una biodiversidad extraordinaria y una riqueza ambiental y paisaj\u00edstica inigualable. Somos una regi\u00f3n donde el agua desempe\u00f1a un papel fundamental.<\/p><p>Comprender su presencia en el territorio, incluyendo aspectos como la geograf\u00eda, las cuencas, los ecosistemas h\u00eddricos y las zonas de producci\u00f3n de agua, como los p\u00e1ramos altoandinos, humedales y grandes r\u00edos que forman parte de nuestra riqueza, es esencial para dirigir nuestro futuro en este entorno.<\/p><p>La propuesta \u201cLa ruta es el agua\u201d aborda nuestras experiencias a nivel municipal, metropolitano y regional, evidenciando como a lo largo del tiempo, hemos desarrollado habilidades en la planificaci\u00f3n, gesti\u00f3n urbana y urbanismo a diversas escalas, enfocadas en manejar las complejas relaciones entre el asentamiento humano, la urbanizaci\u00f3n y los sistemas naturales e h\u00eddricos.<\/p>\t\t\t\t\t\t<\/div>\n\t\t\t\t<\/div>\n\t\t\t\t<div class=\"elementor-element elementor-element-6f3b147 elementor-widget elementor-widget-image\" data-id=\"6f3b147\" data-element_type=\"widget\" data-widget_type=\"image.default\">\n\t\t\t\t<div class=\"elementor-widget-container\">\n\t\t\t\t\t\t\t\t\t\t\t\t\t<img decoding=\"async\" width=\"800\" height=\"125\" src=\"https:\/\/mdeurbanlab.com\/wp-content\/uploads\/2024\/02\/la-ruta-es-el-agua3.jpg\" class=\"attachment-large size-large wp-image-2014\" alt=\"\" srcset=\"https:\/\/mdeurbanlab.com\/wp-content\/uploads\/2024\/02\/la-ruta-es-el-agua3.jpg 800w, https:\/\/mdeurbanlab.com\/wp-content\/uploads\/2024\/02\/la-ruta-es-el-agua3-300x47.jpg 300w, https:\/\/mdeurbanlab.com\/wp-content\/uploads\/2024\/02\/la-ruta-es-el-agua3-768x120.jpg 768w, https:\/\/mdeurbanlab.com\/wp-content\/uploads\/2024\/02\/la-ruta-es-el-agua3-18x3.jpg 18w\" sizes=\"(max-width: 800px) 100vw, 800px\" \/>\t\t\t\t\t\t\t\t\t\t\t\t\t<\/div>\n\t\t\t\t<\/div>\n\t\t\t\t\t<\/div>\n\t\t<\/div>\n\t\t\t\t\t<\/div>\n\t\t<\/section>\n\t\t\t\t<section class=\"elementor-section elementor-top-section elementor-element elementor-element-f13c849 elementor-section-boxed elementor-section-height-default elementor-section-height-default\" data-id=\"f13c849\" data-element_type=\"section\">\n\t\t\t\t\t\t<div class=\"elementor-container elementor-column-gap-default\">\n\t\t\t\t\t<div class=\"elementor-column elementor-col-50 elementor-top-column elementor-element elementor-element-9b689e0\" data-id=\"9b689e0\" data-element_type=\"column\">\n\t\t\t<div class=\"elementor-widget-wrap elementor-element-populated\">\n\t\t\t\t\t\t<div class=\"elementor-element elementor-element-0172c0d elementor-widget elementor-widget-image\" data-id=\"0172c0d\" data-element_type=\"widget\" data-widget_type=\"image.default\">\n\t\t\t\t<div class=\"elementor-widget-container\">\n\t\t\t\t\t\t\t\t\t\t\t\t\t<img decoding=\"async\" width=\"774\" height=\"1024\" src=\"https:\/\/mdeurbanlab.com\/wp-content\/uploads\/2024\/02\/la-ruta-es-el-agua4-774x1024.jpg\" class=\"attachment-large size-large wp-image-2015\" alt=\"\" srcset=\"https:\/\/mdeurbanlab.com\/wp-content\/uploads\/2024\/02\/la-ruta-es-el-agua4-774x1024.jpg 774w, https:\/\/mdeurbanlab.com\/wp-content\/uploads\/2024\/02\/la-ruta-es-el-agua4-227x300.jpg 227w, https:\/\/mdeurbanlab.com\/wp-content\/uploads\/2024\/02\/la-ruta-es-el-agua4-768x1016.jpg 768w, https:\/\/mdeurbanlab.com\/wp-content\/uploads\/2024\/02\/la-ruta-es-el-agua4-9x12.jpg 9w, https:\/\/mdeurbanlab.com\/wp-content\/uploads\/2024\/02\/la-ruta-es-el-agua4.jpg 800w\" sizes=\"(max-width: 774px) 100vw, 774px\" \/>\t\t\t\t\t\t\t\t\t\t\t\t\t<\/div>\n\t\t\t\t<\/div>\n\t\t\t\t\t<\/div>\n\t\t<\/div>\n\t\t\t\t<div class=\"elementor-column elementor-col-50 elementor-top-column elementor-element elementor-element-5290979\" data-id=\"5290979\" data-element_type=\"column\">\n\t\t\t<div class=\"elementor-widget-wrap elementor-element-populated\">\n\t\t\t\t\t\t<div class=\"elementor-element elementor-element-a1082fe elementor-widget elementor-widget-heading\" data-id=\"a1082fe\" data-element_type=\"widget\" data-widget_type=\"heading.default\">\n\t\t\t\t<div class=\"elementor-widget-container\">\n\t\t\t<h2 class=\"elementor-heading-title elementor-size-default\">Parques del R\u00edo Medell\u00edn<\/h2>\t\t<\/div>\n\t\t\t\t<\/div>\n\t\t\t\t<div class=\"elementor-element elementor-element-4cbf6a7 elementor-widget elementor-widget-text-editor\" data-id=\"4cbf6a7\" data-element_type=\"widget\" data-widget_type=\"text-editor.default\">\n\t\t\t\t<div class=\"elementor-widget-container\">\n\t\t\t\t\t\t\t<p>La AIE MEDR\u00edo estructur\u00f3 el concurso para el dise\u00f1o del proyecto \u201cParques del R\u00edo Medell\u00edn\u201d como detonador del desarrollo y promoci\u00f3n del crecimiento hacia el interior, as\u00ed como elemento estructural de la estrategia de conectividad ecol\u00f3gica, articulaci\u00f3n de la movilidad regional multimodal, generaci\u00f3n de espacio p\u00fablico y regeneraci\u00f3n urbana de Medell\u00edn.<\/p>\t\t\t\t\t\t<\/div>\n\t\t\t\t<\/div>\n\t\t\t\t<div class=\"elementor-element elementor-element-e412ce3 elementor-widget elementor-widget-image\" data-id=\"e412ce3\" data-element_type=\"widget\" data-widget_type=\"image.default\">\n\t\t\t\t<div class=\"elementor-widget-container\">\n\t\t\t\t\t\t\t\t\t\t\t\t\t<img loading=\"lazy\" decoding=\"async\" width=\"800\" height=\"602\" src=\"https:\/\/mdeurbanlab.com\/wp-content\/uploads\/2024\/02\/la-ruta-es-el-agua5.jpg\" class=\"attachment-large size-large wp-image-2016\" alt=\"\" srcset=\"https:\/\/mdeurbanlab.com\/wp-content\/uploads\/2024\/02\/la-ruta-es-el-agua5.jpg 800w, https:\/\/mdeurbanlab.com\/wp-content\/uploads\/2024\/02\/la-ruta-es-el-agua5-300x226.jpg 300w, https:\/\/mdeurbanlab.com\/wp-content\/uploads\/2024\/02\/la-ruta-es-el-agua5-768x578.jpg 768w, https:\/\/mdeurbanlab.com\/wp-content\/uploads\/2024\/02\/la-ruta-es-el-agua5-16x12.jpg 16w\" sizes=\"(max-width: 800px) 100vw, 800px\" \/>\t\t\t\t\t\t\t\t\t\t\t\t\t<\/div>\n\t\t\t\t<\/div>\n\t\t\t\t\t<\/div>\n\t\t<\/div>\n\t\t\t\t\t<\/div>\n\t\t<\/section>\n\t\t\t\t<section class=\"elementor-section elementor-top-section elementor-element elementor-element-4f997aa elementor-section-boxed elementor-section-height-default elementor-section-height-default\" data-id=\"4f997aa\" data-element_type=\"section\">\n\t\t\t\t\t\t<div class=\"elementor-container elementor-column-gap-default\">\n\t\t\t\t\t<div class=\"elementor-column elementor-col-50 elementor-top-column elementor-element elementor-element-5b81d6b\" data-id=\"5b81d6b\" data-element_type=\"column\">\n\t\t\t<div class=\"elementor-widget-wrap elementor-element-populated\">\n\t\t\t\t\t\t<div class=\"elementor-element elementor-element-9a4c791 elementor-widget elementor-widget-image\" data-id=\"9a4c791\" data-element_type=\"widget\" data-widget_type=\"image.default\">\n\t\t\t\t<div class=\"elementor-widget-container\">\n\t\t\t\t\t\t\t\t\t\t\t\t\t<img loading=\"lazy\" decoding=\"async\" width=\"774\" height=\"1024\" src=\"https:\/\/mdeurbanlab.com\/wp-content\/uploads\/2024\/02\/la-ruta-es-el-agua6-774x1024.jpg\" class=\"attachment-large size-large wp-image-2017\" alt=\"\" srcset=\"https:\/\/mdeurbanlab.com\/wp-content\/uploads\/2024\/02\/la-ruta-es-el-agua6-774x1024.jpg 774w, https:\/\/mdeurbanlab.com\/wp-content\/uploads\/2024\/02\/la-ruta-es-el-agua6-227x300.jpg 227w, https:\/\/mdeurbanlab.com\/wp-content\/uploads\/2024\/02\/la-ruta-es-el-agua6-768x1016.jpg 768w, https:\/\/mdeurbanlab.com\/wp-content\/uploads\/2024\/02\/la-ruta-es-el-agua6-9x12.jpg 9w, https:\/\/mdeurbanlab.com\/wp-content\/uploads\/2024\/02\/la-ruta-es-el-agua6.jpg 800w\" sizes=\"(max-width: 774px) 100vw, 774px\" \/>\t\t\t\t\t\t\t\t\t\t\t\t\t<\/div>\n\t\t\t\t<\/div>\n\t\t\t\t\t<\/div>\n\t\t<\/div>\n\t\t\t\t<div class=\"elementor-column elementor-col-50 elementor-top-column elementor-element elementor-element-d005582\" data-id=\"d005582\" data-element_type=\"column\">\n\t\t\t<div class=\"elementor-widget-wrap elementor-element-populated\">\n\t\t\t\t\t\t<div class=\"elementor-element elementor-element-4132497 elementor-widget elementor-widget-image\" data-id=\"4132497\" data-element_type=\"widget\" data-widget_type=\"image.default\">\n\t\t\t\t<div class=\"elementor-widget-container\">\n\t\t\t\t\t\t\t\t\t\t\t\t\t<img loading=\"lazy\" decoding=\"async\" width=\"774\" height=\"1024\" src=\"https:\/\/mdeurbanlab.com\/wp-content\/uploads\/2024\/02\/la-ruta-es-el-agua7-774x1024.jpg\" class=\"attachment-large size-large wp-image-2018\" alt=\"\" srcset=\"https:\/\/mdeurbanlab.com\/wp-content\/uploads\/2024\/02\/la-ruta-es-el-agua7-774x1024.jpg 774w, https:\/\/mdeurbanlab.com\/wp-content\/uploads\/2024\/02\/la-ruta-es-el-agua7-227x300.jpg 227w, https:\/\/mdeurbanlab.com\/wp-content\/uploads\/2024\/02\/la-ruta-es-el-agua7-768x1016.jpg 768w, https:\/\/mdeurbanlab.com\/wp-content\/uploads\/2024\/02\/la-ruta-es-el-agua7-9x12.jpg 9w, https:\/\/mdeurbanlab.com\/wp-content\/uploads\/2024\/02\/la-ruta-es-el-agua7.jpg 800w\" sizes=\"(max-width: 774px) 100vw, 774px\" \/>\t\t\t\t\t\t\t\t\t\t\t\t\t<\/div>\n\t\t\t\t<\/div>\n\t\t\t\t\t<\/div>\n\t\t<\/div>\n\t\t\t\t\t<\/div>\n\t\t<\/section>\n\t\t\t\t<section class=\"elementor-section elementor-top-section elementor-element elementor-element-3e00b27 elementor-section-boxed elementor-section-height-default elementor-section-height-default\" data-id=\"3e00b27\" data-element_type=\"section\">\n\t\t\t\t\t\t<div class=\"elementor-container elementor-column-gap-default\">\n\t\t\t\t\t<div class=\"elementor-column elementor-col-33 elementor-top-column elementor-element elementor-element-81163dd\" data-id=\"81163dd\" data-element_type=\"column\">\n\t\t\t<div class=\"elementor-widget-wrap elementor-element-populated\">\n\t\t\t\t\t\t<div class=\"elementor-element elementor-element-e07e125 elementor-widget elementor-widget-heading\" data-id=\"e07e125\" data-element_type=\"widget\" data-widget_type=\"heading.default\">\n\t\t\t\t<div class=\"elementor-widget-container\">\n\t\t\t<h2 class=\"elementor-heading-title elementor-size-default\">Macroprocesos  <\/br> Territoriales  <\/br> de Antioquia<\/h2>\t\t<\/div>\n\t\t\t\t<\/div>\n\t\t\t\t<div class=\"elementor-element elementor-element-acc5472 elementor-widget elementor-widget-image\" data-id=\"acc5472\" data-element_type=\"widget\" data-widget_type=\"image.default\">\n\t\t\t\t<div class=\"elementor-widget-container\">\n\t\t\t\t\t\t\t\t\t\t\t\t\t<img loading=\"lazy\" decoding=\"async\" width=\"300\" height=\"63\" src=\"https:\/\/mdeurbanlab.com\/wp-content\/uploads\/2024\/02\/la-ruta-es-el-agua9-300x63.jpg\" class=\"attachment-medium size-medium wp-image-2020\" alt=\"\" srcset=\"https:\/\/mdeurbanlab.com\/wp-content\/uploads\/2024\/02\/la-ruta-es-el-agua9-300x63.jpg 300w, https:\/\/mdeurbanlab.com\/wp-content\/uploads\/2024\/02\/la-ruta-es-el-agua9-18x4.jpg 18w, https:\/\/mdeurbanlab.com\/wp-content\/uploads\/2024\/02\/la-ruta-es-el-agua9.jpg 464w\" sizes=\"(max-width: 300px) 100vw, 300px\" \/>\t\t\t\t\t\t\t\t\t\t\t\t\t<\/div>\n\t\t\t\t<\/div>\n\t\t\t\t<div class=\"elementor-element elementor-element-46c9d6c elementor-widget elementor-widget-text-editor\" data-id=\"46c9d6c\" data-element_type=\"widget\" data-widget_type=\"text-editor.default\">\n\t\t\t\t<div class=\"elementor-widget-container\">\n\t\t\t\t\t\t\t<p>Antioquia cuenta con los tres sistemas h\u00eddricos m\u00e1s importantes del pa\u00eds: el r\u00edo Atrato, el r\u00edo Cauca y el r\u00edo Magdalena. Adem\u00e1s, cuenta con varios embalses para la producci\u00f3n de energ\u00eda y suministro de agua. En este sentido, los Macroprocesos se constituyen como el modelo orientador de Desarrollo el cual define las l\u00edneas orientadoras f\u00edsico-territoriales para el desarrollo del departamento.<\/p><p>Los Macroprocesos proponen un modelo de desarrollo departamental que se materializa a trav\u00e9s de la configuraci\u00f3n de tres macrorregiones, concebidas desde la comprensi\u00f3n de las caracter\u00edsticas del territorio en t\u00e9rminos de sus condiciones ambientales, culturales y funcionales. Estas son:<\/p><p>01. M\u00e9dula, ciudad larga de 4 corazones<br \/>02. Antioquia Norte Caribe<br \/>03. Antioquia Pac\u00edfica<\/p>\t\t\t\t\t\t<\/div>\n\t\t\t\t<\/div>\n\t\t\t\t\t<\/div>\n\t\t<\/div>\n\t\t\t\t<div class=\"elementor-column elementor-col-66 elementor-top-column elementor-element elementor-element-17f391f\" data-id=\"17f391f\" data-element_type=\"column\">\n\t\t\t<div class=\"elementor-widget-wrap elementor-element-populated\">\n\t\t\t\t\t\t<div class=\"elementor-element elementor-element-80251da elementor-widget elementor-widget-image\" data-id=\"80251da\" data-element_type=\"widget\" data-widget_type=\"image.default\">\n\t\t\t\t<div class=\"elementor-widget-container\">\n\t\t\t\t\t\t\t\t\t\t\t\t\t<img loading=\"lazy\" decoding=\"async\" width=\"1024\" height=\"876\" src=\"https:\/\/mdeurbanlab.com\/wp-content\/uploads\/2024\/02\/la-ruta-es-el-agua8-1024x876.jpg\" class=\"attachment-large size-large wp-image-2019\" alt=\"\" srcset=\"https:\/\/mdeurbanlab.com\/wp-content\/uploads\/2024\/02\/la-ruta-es-el-agua8-1024x876.jpg 1024w, https:\/\/mdeurbanlab.com\/wp-content\/uploads\/2024\/02\/la-ruta-es-el-agua8-300x257.jpg 300w, https:\/\/mdeurbanlab.com\/wp-content\/uploads\/2024\/02\/la-ruta-es-el-agua8-768x657.jpg 768w, https:\/\/mdeurbanlab.com\/wp-content\/uploads\/2024\/02\/la-ruta-es-el-agua8-14x12.jpg 14w, https:\/\/mdeurbanlab.com\/wp-content\/uploads\/2024\/02\/la-ruta-es-el-agua8.jpg 1237w\" sizes=\"(max-width: 1024px) 100vw, 1024px\" \/>\t\t\t\t\t\t\t\t\t\t\t\t\t<\/div>\n\t\t\t\t<\/div>\n\t\t\t\t\t<\/div>\n\t\t<\/div>\n\t\t\t\t\t<\/div>\n\t\t<\/section>\n\t\t\t\t<\/div>","protected":false},"excerpt":{"rendered":"<p>Participaci\u00f3n en la Bienal de arquitectura y urbanismo de Se\u00fal, 2023. Ubicaci\u00f3n: Se\u00fal, Corea del Sur El departamento de Antioquia se ubica en la esquina noroccidental de Suram\u00e9rica, en la confluencia de la cordillera de los Andes y las costas de los oc\u00e9anos Atl\u00e1ntico y Pac\u00edfico. Este territorio alberga un ecosistema complejo, caracterizado por una &hellip;<\/p>\n<p class=\"read-more\"> <a class=\"\" href=\"https:\/\/mdeurbanlab.com\/en\/la-ruta-es-el-agua\/\"> <span class=\"screen-reader-text\">La ruta es el agua<\/span> Read More &raquo;<\/a><\/p>","protected":false},"author":1,"featured_media":0,"parent":0,"menu_order":0,"comment_status":"closed","ping_status":"closed","template":"","meta":{"site-sidebar-layout":"no-sidebar","site-content-layout":"page-builder","ast-global-header-display":"","ast-banner-title-visibility":"","ast-main-header-display":"","ast-hfb-above-header-display":"","ast-hfb-below-header-display":"","ast-hfb-mobile-header-display":"","site-post-title":"disabled","ast-breadcrumbs-content":"","ast-featured-img":"disabled","footer-sml-layout":"","theme-transparent-header-meta":"","adv-header-id-meta":"","stick-header-meta":"","header-above-stick-meta":"","header-main-stick-meta":"","header-below-stick-meta":"","footnotes":""},"class_list":["post-2010","page","type-page","status-publish","hentry"],"_links":{"self":[{"href":"https:\/\/mdeurbanlab.com\/en\/wp-json\/wp\/v2\/pages\/2010"}],"collection":[{"href":"https:\/\/mdeurbanlab.com\/en\/wp-json\/wp\/v2\/pages"}],"about":[{"href":"https:\/\/mdeurbanlab.com\/en\/wp-json\/wp\/v2\/types\/page"}],"author":[{"embeddable":true,"href":"https:\/\/mdeurbanlab.com\/en\/wp-json\/wp\/v2\/users\/1"}],"replies":[{"embeddable":true,"href":"https:\/\/mdeurbanlab.com\/en\/wp-json\/wp\/v2\/comments?post=2010"}],"version-history":[{"count":7,"href":"https:\/\/mdeurbanlab.com\/en\/wp-json\/wp\/v2\/pages\/2010\/revisions"}],"predecessor-version":[{"id":2027,"href":"https:\/\/mdeurbanlab.com\/en\/wp-json\/wp\/v2\/pages\/2010\/revisions\/2027"}],"wp:attachment":[{"href":"https:\/\/mdeurbanlab.com\/en\/wp-json\/wp\/v2\/media?parent=2010"}],"curies":[{"name":"wp","href":"https:\/\/api.w.org\/{rel}","templated":true}]}}