{"id":2031,"date":"2024-02-29T13:32:06","date_gmt":"2024-02-29T18:32:06","guid":{"rendered":"https:\/\/mdeurbanlab.com\/?page_id=2031"},"modified":"2024-02-29T14:29:43","modified_gmt":"2024-02-29T19:29:43","slug":"plan-urbano-estrategico-de-keldur","status":"publish","type":"page","link":"https:\/\/mdeurbanlab.com\/en\/plan-urbano-estrategico-de-keldur\/","title":{"rendered":"Plan Urbano Estrat\u00e9gico de Keldur"},"content":{"rendered":"<div data-elementor-type=\"wp-page\" data-elementor-id=\"2031\" class=\"elementor elementor-2031\">\n\t\t\t\t\t\t<section class=\"elementor-section elementor-top-section elementor-element elementor-element-163f5d3 elementor-section-height-min-height elementor-section-boxed elementor-section-height-default elementor-section-items-middle\" data-id=\"163f5d3\" data-element_type=\"section\" data-settings=\"{&quot;background_background&quot;:&quot;classic&quot;}\">\n\t\t\t\t\t\t\t<div class=\"elementor-background-overlay\"><\/div>\n\t\t\t\t\t\t\t<div class=\"elementor-container elementor-column-gap-default\">\n\t\t\t\t\t<div class=\"elementor-column elementor-col-100 elementor-top-column elementor-element elementor-element-f6d31af\" data-id=\"f6d31af\" data-element_type=\"column\">\n\t\t\t<div class=\"elementor-widget-wrap elementor-element-populated\">\n\t\t\t\t\t\t<div class=\"elementor-element elementor-element-3462963 elementor-widget elementor-widget-spacer\" data-id=\"3462963\" data-element_type=\"widget\" data-widget_type=\"spacer.default\">\n\t\t\t\t<div class=\"elementor-widget-container\">\n\t\t\t\t\t<div class=\"elementor-spacer\">\n\t\t\t<div class=\"elementor-spacer-inner\"><\/div>\n\t\t<\/div>\n\t\t\t\t<\/div>\n\t\t\t\t<\/div>\n\t\t\t\t\t<\/div>\n\t\t<\/div>\n\t\t\t\t\t<\/div>\n\t\t<\/section>\n\t\t\t\t<section class=\"elementor-section elementor-top-section elementor-element elementor-element-3e00b27 elementor-section-boxed elementor-section-height-default elementor-section-height-default\" data-id=\"3e00b27\" data-element_type=\"section\">\n\t\t\t\t\t\t<div class=\"elementor-container elementor-column-gap-default\">\n\t\t\t\t\t<div class=\"elementor-column elementor-col-33 elementor-top-column elementor-element elementor-element-81163dd\" data-id=\"81163dd\" data-element_type=\"column\">\n\t\t\t<div class=\"elementor-widget-wrap elementor-element-populated\">\n\t\t\t\t\t\t<div class=\"elementor-element elementor-element-e07e125 elementor-widget elementor-widget-heading\" data-id=\"e07e125\" data-element_type=\"widget\" data-widget_type=\"heading.default\">\n\t\t\t\t<div class=\"elementor-widget-container\">\n\t\t\t<h2 class=\"elementor-heading-title elementor-size-default\">Plan Urbano estrat\u00e9gico  <\/br> de Keldur. Reikiavik<\/h2>\t\t<\/div>\n\t\t\t\t<\/div>\n\t\t\t\t<div class=\"elementor-element elementor-element-5058ee6 elementor-widget elementor-widget-text-editor\" data-id=\"5058ee6\" data-element_type=\"widget\" data-widget_type=\"text-editor.default\">\n\t\t\t\t<div class=\"elementor-widget-container\">\n\t\t\t\t\t\t\t<p>Ubicaci\u00f3n: Reikiavik, Islandia<\/p>\t\t\t\t\t\t<\/div>\n\t\t\t\t<\/div>\n\t\t\t\t<div class=\"elementor-element elementor-element-acc5472 elementor-widget elementor-widget-image\" data-id=\"acc5472\" data-element_type=\"widget\" data-widget_type=\"image.default\">\n\t\t\t\t<div class=\"elementor-widget-container\">\n\t\t\t\t\t\t\t\t\t\t\t\t\t<img decoding=\"async\" width=\"300\" height=\"77\" src=\"https:\/\/mdeurbanlab.com\/wp-content\/uploads\/2024\/02\/Plan-urbano-estrategico2-300x77.png\" class=\"attachment-medium size-medium wp-image-2035\" alt=\"\" srcset=\"https:\/\/mdeurbanlab.com\/wp-content\/uploads\/2024\/02\/Plan-urbano-estrategico2-300x77.png 300w, https:\/\/mdeurbanlab.com\/wp-content\/uploads\/2024\/02\/Plan-urbano-estrategico2-18x5.png 18w, https:\/\/mdeurbanlab.com\/wp-content\/uploads\/2024\/02\/Plan-urbano-estrategico2.png 450w\" sizes=\"(max-width: 300px) 100vw, 300px\" \/>\t\t\t\t\t\t\t\t\t\t\t\t\t<\/div>\n\t\t\t\t<\/div>\n\t\t\t\t<div class=\"elementor-element elementor-element-46c9d6c elementor-widget elementor-widget-text-editor\" data-id=\"46c9d6c\" data-element_type=\"widget\" data-widget_type=\"text-editor.default\">\n\t\t\t\t<div class=\"elementor-widget-container\">\n\t\t\t\t\t\t\t<p>Consolidaci\u00f3n de una nueva zona de urbanizaci\u00f3n en Reikiavik, integrada a la ciudad existente, con mayor compacidad, densidad y acceso a m\u00faltiples serviicios, en medio de espacios p\u00fablicos. Keldur, nuevo corredor verde para la movilidad multimodal, articulado con el Borgal\u00edna, futuro sistema BRT de la ciudad.<\/p>\t\t\t\t\t\t<\/div>\n\t\t\t\t<\/div>\n\t\t\t\t\t<\/div>\n\t\t<\/div>\n\t\t\t\t<div class=\"elementor-column elementor-col-66 elementor-top-column elementor-element elementor-element-17f391f\" data-id=\"17f391f\" data-element_type=\"column\">\n\t\t\t<div class=\"elementor-widget-wrap elementor-element-populated\">\n\t\t\t\t\t\t<div class=\"elementor-element elementor-element-80251da elementor-widget elementor-widget-image\" data-id=\"80251da\" data-element_type=\"widget\" data-widget_type=\"image.default\">\n\t\t\t\t<div class=\"elementor-widget-container\">\n\t\t\t\t\t\t\t\t\t\t\t\t\t<img fetchpriority=\"high\" decoding=\"async\" width=\"1024\" height=\"868\" src=\"https:\/\/mdeurbanlab.com\/wp-content\/uploads\/2024\/02\/Plan-urbano-estrategico-1024x868.png\" class=\"attachment-large size-large wp-image-2033\" alt=\"\" srcset=\"https:\/\/mdeurbanlab.com\/wp-content\/uploads\/2024\/02\/Plan-urbano-estrategico-1024x868.png 1024w, https:\/\/mdeurbanlab.com\/wp-content\/uploads\/2024\/02\/Plan-urbano-estrategico-300x254.png 300w, https:\/\/mdeurbanlab.com\/wp-content\/uploads\/2024\/02\/Plan-urbano-estrategico-768x651.png 768w, https:\/\/mdeurbanlab.com\/wp-content\/uploads\/2024\/02\/Plan-urbano-estrategico-14x12.png 14w, https:\/\/mdeurbanlab.com\/wp-content\/uploads\/2024\/02\/Plan-urbano-estrategico.png 1248w\" sizes=\"(max-width: 1024px) 100vw, 1024px\" \/>\t\t\t\t\t\t\t\t\t\t\t\t\t<\/div>\n\t\t\t\t<\/div>\n\t\t\t\t\t<\/div>\n\t\t<\/div>\n\t\t\t\t\t<\/div>\n\t\t<\/section>\n\t\t\t\t<section class=\"elementor-section elementor-top-section elementor-element elementor-element-1b21599 elementor-section-boxed elementor-section-height-default elementor-section-height-default\" data-id=\"1b21599\" data-element_type=\"section\">\n\t\t\t\t\t\t<div class=\"elementor-container elementor-column-gap-default\">\n\t\t\t\t\t<div class=\"elementor-column elementor-col-50 elementor-top-column elementor-element elementor-element-9134628\" data-id=\"9134628\" data-element_type=\"column\">\n\t\t\t<div class=\"elementor-widget-wrap elementor-element-populated\">\n\t\t\t\t\t\t<div class=\"elementor-element elementor-element-caa4407 elementor-widget elementor-widget-heading\" data-id=\"caa4407\" data-element_type=\"widget\" data-widget_type=\"heading.default\">\n\t\t\t\t<div class=\"elementor-widget-container\">\n\t\t\t<h2 class=\"elementor-heading-title elementor-size-default\">Plan Urbano estrat\u00e9gico de Keldur Reikiavik<\/h2>\t\t<\/div>\n\t\t\t\t<\/div>\n\t\t\t\t<div class=\"elementor-element elementor-element-d3e517d elementor-widget elementor-widget-image\" data-id=\"d3e517d\" data-element_type=\"widget\" data-widget_type=\"image.default\">\n\t\t\t\t<div class=\"elementor-widget-container\">\n\t\t\t\t\t\t\t\t\t\t\t\t\t<img decoding=\"async\" width=\"800\" height=\"881\" src=\"https:\/\/mdeurbanlab.com\/wp-content\/uploads\/2024\/02\/Plan-Urbano-estrategico-de-Keldur.jpg\" class=\"attachment-large size-large wp-image-2036\" alt=\"\" srcset=\"https:\/\/mdeurbanlab.com\/wp-content\/uploads\/2024\/02\/Plan-Urbano-estrategico-de-Keldur.jpg 800w, https:\/\/mdeurbanlab.com\/wp-content\/uploads\/2024\/02\/Plan-Urbano-estrategico-de-Keldur-272x300.jpg 272w, https:\/\/mdeurbanlab.com\/wp-content\/uploads\/2024\/02\/Plan-Urbano-estrategico-de-Keldur-768x846.jpg 768w, https:\/\/mdeurbanlab.com\/wp-content\/uploads\/2024\/02\/Plan-Urbano-estrategico-de-Keldur-11x12.jpg 11w\" sizes=\"(max-width: 800px) 100vw, 800px\" \/>\t\t\t\t\t\t\t\t\t\t\t\t\t<\/div>\n\t\t\t\t<\/div>\n\t\t\t\t\t<\/div>\n\t\t<\/div>\n\t\t\t\t<div class=\"elementor-column elementor-col-50 elementor-top-column elementor-element elementor-element-fa4043f\" data-id=\"fa4043f\" data-element_type=\"column\">\n\t\t\t<div class=\"elementor-widget-wrap elementor-element-populated\">\n\t\t\t\t\t\t<div class=\"elementor-element elementor-element-6f3b147 elementor-widget elementor-widget-image\" data-id=\"6f3b147\" data-element_type=\"widget\" data-widget_type=\"image.default\">\n\t\t\t\t<div class=\"elementor-widget-container\">\n\t\t\t\t\t\t\t\t\t\t\t\t\t<img loading=\"lazy\" decoding=\"async\" width=\"800\" height=\"881\" src=\"https:\/\/mdeurbanlab.com\/wp-content\/uploads\/2024\/02\/Plan-Urbano-estrategico-de-Keldur2.jpg\" class=\"attachment-large size-large wp-image-2037\" alt=\"\" srcset=\"https:\/\/mdeurbanlab.com\/wp-content\/uploads\/2024\/02\/Plan-Urbano-estrategico-de-Keldur2.jpg 800w, https:\/\/mdeurbanlab.com\/wp-content\/uploads\/2024\/02\/Plan-Urbano-estrategico-de-Keldur2-272x300.jpg 272w, https:\/\/mdeurbanlab.com\/wp-content\/uploads\/2024\/02\/Plan-Urbano-estrategico-de-Keldur2-768x846.jpg 768w, https:\/\/mdeurbanlab.com\/wp-content\/uploads\/2024\/02\/Plan-Urbano-estrategico-de-Keldur2-11x12.jpg 11w\" sizes=\"(max-width: 800px) 100vw, 800px\" \/>\t\t\t\t\t\t\t\t\t\t\t\t\t<\/div>\n\t\t\t\t<\/div>\n\t\t\t\t\t<\/div>\n\t\t<\/div>\n\t\t\t\t\t<\/div>\n\t\t<\/section>\n\t\t\t\t<section class=\"elementor-section elementor-top-section elementor-element elementor-element-f13c849 elementor-section-boxed elementor-section-height-default elementor-section-height-default\" data-id=\"f13c849\" data-element_type=\"section\">\n\t\t\t\t\t\t<div class=\"elementor-container elementor-column-gap-default\">\n\t\t\t\t\t<div class=\"elementor-column elementor-col-50 elementor-top-column elementor-element elementor-element-9b689e0\" data-id=\"9b689e0\" data-element_type=\"column\">\n\t\t\t<div class=\"elementor-widget-wrap elementor-element-populated\">\n\t\t\t\t\t\t<div class=\"elementor-element elementor-element-0172c0d elementor-widget elementor-widget-image\" data-id=\"0172c0d\" data-element_type=\"widget\" data-widget_type=\"image.default\">\n\t\t\t\t<div class=\"elementor-widget-container\">\n\t\t\t\t\t\t\t\t\t\t\t\t\t<img loading=\"lazy\" decoding=\"async\" width=\"785\" height=\"1024\" src=\"https:\/\/mdeurbanlab.com\/wp-content\/uploads\/2024\/02\/Plan-Urbano-estrategico-de-Keldur3-785x1024.jpg\" class=\"attachment-large size-large wp-image-2038\" alt=\"\" srcset=\"https:\/\/mdeurbanlab.com\/wp-content\/uploads\/2024\/02\/Plan-Urbano-estrategico-de-Keldur3-785x1024.jpg 785w, https:\/\/mdeurbanlab.com\/wp-content\/uploads\/2024\/02\/Plan-Urbano-estrategico-de-Keldur3-230x300.jpg 230w, https:\/\/mdeurbanlab.com\/wp-content\/uploads\/2024\/02\/Plan-Urbano-estrategico-de-Keldur3-768x1001.jpg 768w, https:\/\/mdeurbanlab.com\/wp-content\/uploads\/2024\/02\/Plan-Urbano-estrategico-de-Keldur3-9x12.jpg 9w, https:\/\/mdeurbanlab.com\/wp-content\/uploads\/2024\/02\/Plan-Urbano-estrategico-de-Keldur3.jpg 813w\" sizes=\"(max-width: 785px) 100vw, 785px\" \/>\t\t\t\t\t\t\t\t\t\t\t\t\t<\/div>\n\t\t\t\t<\/div>\n\t\t\t\t\t<\/div>\n\t\t<\/div>\n\t\t\t\t<div class=\"elementor-column elementor-col-50 elementor-top-column elementor-element elementor-element-5290979\" data-id=\"5290979\" data-element_type=\"column\">\n\t\t\t<div class=\"elementor-widget-wrap elementor-element-populated\">\n\t\t\t\t\t\t<div class=\"elementor-element elementor-element-e412ce3 elementor-widget elementor-widget-image\" data-id=\"e412ce3\" data-element_type=\"widget\" data-widget_type=\"image.default\">\n\t\t\t\t<div class=\"elementor-widget-container\">\n\t\t\t\t\t\t\t\t\t\t\t\t\t<img loading=\"lazy\" decoding=\"async\" width=\"800\" height=\"405\" src=\"https:\/\/mdeurbanlab.com\/wp-content\/uploads\/2024\/02\/Plan-Urbano-estrategico-de-Keldur4.jpg\" class=\"attachment-large size-large wp-image-2039\" alt=\"\" srcset=\"https:\/\/mdeurbanlab.com\/wp-content\/uploads\/2024\/02\/Plan-Urbano-estrategico-de-Keldur4.jpg 800w, https:\/\/mdeurbanlab.com\/wp-content\/uploads\/2024\/02\/Plan-Urbano-estrategico-de-Keldur4-300x152.jpg 300w, https:\/\/mdeurbanlab.com\/wp-content\/uploads\/2024\/02\/Plan-Urbano-estrategico-de-Keldur4-768x389.jpg 768w, https:\/\/mdeurbanlab.com\/wp-content\/uploads\/2024\/02\/Plan-Urbano-estrategico-de-Keldur4-18x9.jpg 18w\" sizes=\"(max-width: 800px) 100vw, 800px\" \/>\t\t\t\t\t\t\t\t\t\t\t\t\t<\/div>\n\t\t\t\t<\/div>\n\t\t\t\t<div class=\"elementor-element elementor-element-4cbf6a7 elementor-widget elementor-widget-text-editor\" data-id=\"4cbf6a7\" data-element_type=\"widget\" data-widget_type=\"text-editor.default\">\n\t\t\t\t<div class=\"elementor-widget-container\">\n\t\t\t\t\t\t\t<p>KELDUR es una propuesta urbana dise\u00f1ada en armon\u00eda con la estructura ecol\u00f3gica, articulada con el agua, el paisaje y la geograf\u00eda. Un espacio verde en su esencia, cautelosa en su intervenci\u00f3n sobre el medio ambiente, con niveles m\u00ednimos imprescindibles de intervenci\u00f3n. El parque en su lado norte permitir\u00e1 la transici\u00f3n como parque lineal entre el tr\u00e1fico motorizado y los barrios.<\/p>\n<p>KELDUR se constituir\u00e1 como una centralidad ampliada de confluencia vecinal y una zona multiservicios de proximidad y vida p\u00fablica.<\/p>\t\t\t\t\t\t<\/div>\n\t\t\t\t<\/div>\n\t\t\t\t\t<\/div>\n\t\t<\/div>\n\t\t\t\t\t<\/div>\n\t\t<\/section>\n\t\t\t\t<\/div>","protected":false},"excerpt":{"rendered":"<p>Plan Urbano estrat\u00e9gico de Keldur. Reikiavik Ubicaci\u00f3n: Reikiavik, Islandia Consolidaci\u00f3n de una nueva zona de urbanizaci\u00f3n en Reikiavik, integrada a la ciudad existente, con mayor compacidad, densidad y acceso a m\u00faltiples serviicios, en medio de espacios p\u00fablicos. Keldur, nuevo corredor verde para la movilidad multimodal, articulado con el Borgal\u00edna, futuro sistema BRT de la ciudad. &hellip;<\/p>\n<p class=\"read-more\"> <a class=\"\" href=\"https:\/\/mdeurbanlab.com\/en\/plan-urbano-estrategico-de-keldur\/\"> <span class=\"screen-reader-text\">Plan Urbano Estrat\u00e9gico de Keldur<\/span> Read More &raquo;<\/a><\/p>","protected":false},"author":1,"featured_media":0,"parent":0,"menu_order":0,"comment_status":"closed","ping_status":"closed","template":"","meta":{"site-sidebar-layout":"no-sidebar","site-content-layout":"page-builder","ast-global-header-display":"","ast-banner-title-visibility":"","ast-main-header-display":"","ast-hfb-above-header-display":"","ast-hfb-below-header-display":"","ast-hfb-mobile-header-display":"","site-post-title":"disabled","ast-breadcrumbs-content":"","ast-featured-img":"disabled","footer-sml-layout":"","theme-transparent-header-meta":"","adv-header-id-meta":"","stick-header-meta":"","header-above-stick-meta":"","header-main-stick-meta":"","header-below-stick-meta":"","footnotes":""},"class_list":["post-2031","page","type-page","status-publish","hentry"],"_links":{"self":[{"href":"https:\/\/mdeurbanlab.com\/en\/wp-json\/wp\/v2\/pages\/2031"}],"collection":[{"href":"https:\/\/mdeurbanlab.com\/en\/wp-json\/wp\/v2\/pages"}],"about":[{"href":"https:\/\/mdeurbanlab.com\/en\/wp-json\/wp\/v2\/types\/page"}],"author":[{"embeddable":true,"href":"https:\/\/mdeurbanlab.com\/en\/wp-json\/wp\/v2\/users\/1"}],"replies":[{"embeddable":true,"href":"https:\/\/mdeurbanlab.com\/en\/wp-json\/wp\/v2\/comments?post=2031"}],"version-history":[{"count":10,"href":"https:\/\/mdeurbanlab.com\/en\/wp-json\/wp\/v2\/pages\/2031\/revisions"}],"predecessor-version":[{"id":2049,"href":"https:\/\/mdeurbanlab.com\/en\/wp-json\/wp\/v2\/pages\/2031\/revisions\/2049"}],"wp:attachment":[{"href":"https:\/\/mdeurbanlab.com\/en\/wp-json\/wp\/v2\/media?parent=2031"}],"curies":[{"name":"wp","href":"https:\/\/api.w.org\/{rel}","templated":true}]}}