{"id":2053,"date":"2024-02-29T14:42:19","date_gmt":"2024-02-29T19:42:19","guid":{"rendered":"https:\/\/mdeurbanlab.com\/?page_id=2053"},"modified":"2024-02-29T15:04:21","modified_gmt":"2024-02-29T20:04:21","slug":"promar-prevencion-de-residuos-marinos","status":"publish","type":"page","link":"https:\/\/mdeurbanlab.com\/en\/promar-prevencion-de-residuos-marinos\/","title":{"rendered":"PROMAR. PREVENCI\u00d3N DE RESIDUOS MARINOS"},"content":{"rendered":"<div data-elementor-type=\"wp-page\" data-elementor-id=\"2053\" class=\"elementor elementor-2053\">\n\t\t\t\t\t\t<section class=\"elementor-section elementor-top-section elementor-element elementor-element-163f5d3 elementor-section-height-min-height elementor-section-boxed elementor-section-height-default elementor-section-items-middle\" data-id=\"163f5d3\" data-element_type=\"section\" data-settings=\"{&quot;background_background&quot;:&quot;classic&quot;}\">\n\t\t\t\t\t\t\t<div class=\"elementor-background-overlay\"><\/div>\n\t\t\t\t\t\t\t<div class=\"elementor-container elementor-column-gap-default\">\n\t\t\t\t\t<div class=\"elementor-column elementor-col-100 elementor-top-column elementor-element elementor-element-f6d31af\" data-id=\"f6d31af\" data-element_type=\"column\">\n\t\t\t<div class=\"elementor-widget-wrap elementor-element-populated\">\n\t\t\t\t\t\t<div class=\"elementor-element elementor-element-3462963 elementor-widget elementor-widget-spacer\" data-id=\"3462963\" data-element_type=\"widget\" data-widget_type=\"spacer.default\">\n\t\t\t\t<div class=\"elementor-widget-container\">\n\t\t\t\t\t<div class=\"elementor-spacer\">\n\t\t\t<div class=\"elementor-spacer-inner\"><\/div>\n\t\t<\/div>\n\t\t\t\t<\/div>\n\t\t\t\t<\/div>\n\t\t\t\t\t<\/div>\n\t\t<\/div>\n\t\t\t\t\t<\/div>\n\t\t<\/section>\n\t\t\t\t<section class=\"elementor-section elementor-top-section elementor-element elementor-element-3e00b27 elementor-section-boxed elementor-section-height-default elementor-section-height-default\" data-id=\"3e00b27\" data-element_type=\"section\">\n\t\t\t\t\t\t<div class=\"elementor-container elementor-column-gap-default\">\n\t\t\t\t\t<div class=\"elementor-column elementor-col-33 elementor-top-column elementor-element elementor-element-81163dd\" data-id=\"81163dd\" data-element_type=\"column\">\n\t\t\t<div class=\"elementor-widget-wrap elementor-element-populated\">\n\t\t\t\t\t\t<div class=\"elementor-element elementor-element-e07e125 elementor-widget elementor-widget-heading\" data-id=\"e07e125\" data-element_type=\"widget\" data-widget_type=\"heading.default\">\n\t\t\t\t<div class=\"elementor-widget-container\">\n\t\t\t<h2 class=\"elementor-heading-title elementor-size-default\">PROMAR. PREVENCI\u00d3N DE RESIDUOS  MARINOS<\/h2>\t\t<\/div>\n\t\t\t\t<\/div>\n\t\t\t\t<div class=\"elementor-element elementor-element-5058ee6 elementor-widget elementor-widget-text-editor\" data-id=\"5058ee6\" data-element_type=\"widget\" data-widget_type=\"text-editor.default\">\n\t\t\t\t<div class=\"elementor-widget-container\">\n\t\t\t\t\t\t\t<p>Fundaci\u00f3n SOCYA<br \/><br \/><\/p>\t\t\t\t\t\t<\/div>\n\t\t\t\t<\/div>\n\t\t\t\t<div class=\"elementor-element elementor-element-bd7fe1b elementor-widget elementor-widget-text-editor\" data-id=\"bd7fe1b\" data-element_type=\"widget\" data-widget_type=\"text-editor.default\">\n\t\t\t\t<div class=\"elementor-widget-container\">\n\t\t\t\t\t\t\t<p>Ubicaci\u00f3n: Santa Marta, Colombia<\/p>\t\t\t\t\t\t<\/div>\n\t\t\t\t<\/div>\n\t\t\t\t<div class=\"elementor-element elementor-element-acc5472 elementor-widget elementor-widget-image\" data-id=\"acc5472\" data-element_type=\"widget\" data-widget_type=\"image.default\">\n\t\t\t\t<div class=\"elementor-widget-container\">\n\t\t\t\t\t\t\t\t\t\t\t\t\t<img fetchpriority=\"high\" decoding=\"async\" width=\"800\" height=\"673\" src=\"https:\/\/mdeurbanlab.com\/wp-content\/uploads\/2024\/02\/PROMAR.-PREVENCION-DE-RESIDUOS-MARINOS.jpg\" class=\"attachment-full size-full wp-image-2056\" alt=\"\" srcset=\"https:\/\/mdeurbanlab.com\/wp-content\/uploads\/2024\/02\/PROMAR.-PREVENCION-DE-RESIDUOS-MARINOS.jpg 800w, https:\/\/mdeurbanlab.com\/wp-content\/uploads\/2024\/02\/PROMAR.-PREVENCION-DE-RESIDUOS-MARINOS-300x252.jpg 300w, https:\/\/mdeurbanlab.com\/wp-content\/uploads\/2024\/02\/PROMAR.-PREVENCION-DE-RESIDUOS-MARINOS-768x646.jpg 768w, https:\/\/mdeurbanlab.com\/wp-content\/uploads\/2024\/02\/PROMAR.-PREVENCION-DE-RESIDUOS-MARINOS-14x12.jpg 14w\" sizes=\"(max-width: 800px) 100vw, 800px\" \/>\t\t\t\t\t\t\t\t\t\t\t\t\t<\/div>\n\t\t\t\t<\/div>\n\t\t\t\t\t<\/div>\n\t\t<\/div>\n\t\t\t\t<div class=\"elementor-column elementor-col-66 elementor-top-column elementor-element elementor-element-17f391f\" data-id=\"17f391f\" data-element_type=\"column\">\n\t\t\t<div class=\"elementor-widget-wrap elementor-element-populated\">\n\t\t\t\t\t\t<div class=\"elementor-element elementor-element-397b7e3 elementor-widget elementor-widget-text-editor\" data-id=\"397b7e3\" data-element_type=\"widget\" data-widget_type=\"text-editor.default\">\n\t\t\t\t<div class=\"elementor-widget-container\">\n\t\t\t\t\t\t\t<p>Por este motivo, el Ministerio Federal Alem\u00e1n de Medio Ambiente, Protecci\u00f3n de la Naturaleza y Seguridad Nuclear (BMUV) financia el proyecto PROMAR, el cual tiene como objetivo contribuir a la reducci\u00f3n de los flujos de residuos en el mar Caribe, especialmente empaques y pl\u00e1sticos de un solo uso, a trav\u00e9s de la promoci\u00f3n de soluciones basadas en Econom\u00eda Circular en Rep\u00fablica Dominicana, Costa Rica, Colombia, Islas V\u00edrgenes Brit\u00e1nicas, San Crist\u00f3bal &amp; Nevis, Trinidad &amp; Tobago, Guyana y Surinam.<\/p>\t\t\t\t\t\t<\/div>\n\t\t\t\t<\/div>\n\t\t\t\t<div class=\"elementor-element elementor-element-ef017aa elementor-position-left elementor-vertical-align-top elementor-widget elementor-widget-image-box\" data-id=\"ef017aa\" data-element_type=\"widget\" data-widget_type=\"image-box.default\">\n\t\t\t\t<div class=\"elementor-widget-container\">\n\t\t\t<div class=\"elementor-image-box-wrapper\"><figure class=\"elementor-image-box-img\"><img decoding=\"async\" width=\"150\" height=\"150\" src=\"https:\/\/mdeurbanlab.com\/wp-content\/uploads\/2024\/02\/1.png\" class=\"attachment-medium size-medium wp-image-2057\" alt=\"\" srcset=\"https:\/\/mdeurbanlab.com\/wp-content\/uploads\/2024\/02\/1.png 150w, https:\/\/mdeurbanlab.com\/wp-content\/uploads\/2024\/02\/1-12x12.png 12w\" sizes=\"(max-width: 150px) 100vw, 150px\" \/><\/figure><div class=\"elementor-image-box-content\"><p class=\"elementor-image-box-description\">Marcos estrat\u00e9gicos y regulatorios mejorados, as\u00ed como contribuciones a tratados                        internacionales, con el objetivo de reducir los pl\u00e1sticos y residuos marinos.<\/p><\/div><\/div>\t\t<\/div>\n\t\t\t\t<\/div>\n\t\t\t\t<div class=\"elementor-element elementor-element-0a6f66e elementor-position-left elementor-vertical-align-top elementor-widget elementor-widget-image-box\" data-id=\"0a6f66e\" data-element_type=\"widget\" data-widget_type=\"image-box.default\">\n\t\t\t\t<div class=\"elementor-widget-container\">\n\t\t\t<div class=\"elementor-image-box-wrapper\"><figure class=\"elementor-image-box-img\"><img decoding=\"async\" width=\"150\" height=\"150\" src=\"https:\/\/mdeurbanlab.com\/wp-content\/uploads\/2024\/02\/2.png\" class=\"attachment-medium size-medium wp-image-2058\" alt=\"\" srcset=\"https:\/\/mdeurbanlab.com\/wp-content\/uploads\/2024\/02\/2.png 150w, https:\/\/mdeurbanlab.com\/wp-content\/uploads\/2024\/02\/2-12x12.png 12w\" sizes=\"(max-width: 150px) 100vw, 150px\" \/><\/figure><div class=\"elementor-image-box-content\"><p class=\"elementor-image-box-description\">Sistemas de monitoreo para crear un mejor entendimiento y base para los tomadores de          decisiones.<\/p><\/div><\/div>\t\t<\/div>\n\t\t\t\t<\/div>\n\t\t\t\t<div class=\"elementor-element elementor-element-965cf17 elementor-position-left elementor-vertical-align-top elementor-widget elementor-widget-image-box\" data-id=\"965cf17\" data-element_type=\"widget\" data-widget_type=\"image-box.default\">\n\t\t\t\t<div class=\"elementor-widget-container\">\n\t\t\t<div class=\"elementor-image-box-wrapper\"><figure class=\"elementor-image-box-img\"><img loading=\"lazy\" decoding=\"async\" width=\"150\" height=\"150\" src=\"https:\/\/mdeurbanlab.com\/wp-content\/uploads\/2024\/02\/3.png\" class=\"attachment-medium size-medium wp-image-2059\" alt=\"\" srcset=\"https:\/\/mdeurbanlab.com\/wp-content\/uploads\/2024\/02\/3.png 150w, https:\/\/mdeurbanlab.com\/wp-content\/uploads\/2024\/02\/3-12x12.png 12w\" sizes=\"(max-width: 150px) 100vw, 150px\" \/><\/figure><div class=\"elementor-image-box-content\"><p class=\"elementor-image-box-description\">Mayor conciencia entre partes interesadas para inducir cambio de comportamiento y            reducci\u00f3n de residuos marinos.<\/p><\/div><\/div>\t\t<\/div>\n\t\t\t\t<\/div>\n\t\t\t\t<div class=\"elementor-element elementor-element-3184e2a elementor-widget elementor-widget-image\" data-id=\"3184e2a\" data-element_type=\"widget\" data-widget_type=\"image.default\">\n\t\t\t\t<div class=\"elementor-widget-container\">\n\t\t\t\t\t\t\t\t\t\t\t\t\t<img loading=\"lazy\" decoding=\"async\" width=\"800\" height=\"198\" src=\"https:\/\/mdeurbanlab.com\/wp-content\/uploads\/2024\/02\/PROMAR.-PREVENCION-DE-RESIDUOS-MARINOS2.jpg\" class=\"attachment-large size-large wp-image-2060\" alt=\"\" srcset=\"https:\/\/mdeurbanlab.com\/wp-content\/uploads\/2024\/02\/PROMAR.-PREVENCION-DE-RESIDUOS-MARINOS2.jpg 800w, https:\/\/mdeurbanlab.com\/wp-content\/uploads\/2024\/02\/PROMAR.-PREVENCION-DE-RESIDUOS-MARINOS2-300x74.jpg 300w, https:\/\/mdeurbanlab.com\/wp-content\/uploads\/2024\/02\/PROMAR.-PREVENCION-DE-RESIDUOS-MARINOS2-768x190.jpg 768w, https:\/\/mdeurbanlab.com\/wp-content\/uploads\/2024\/02\/PROMAR.-PREVENCION-DE-RESIDUOS-MARINOS2-18x4.jpg 18w\" sizes=\"(max-width: 800px) 100vw, 800px\" \/>\t\t\t\t\t\t\t\t\t\t\t\t\t<\/div>\n\t\t\t\t<\/div>\n\t\t\t\t<div class=\"elementor-element elementor-element-55f0983 elementor-widget elementor-widget-image\" data-id=\"55f0983\" data-element_type=\"widget\" data-widget_type=\"image.default\">\n\t\t\t\t<div class=\"elementor-widget-container\">\n\t\t\t\t\t\t\t\t\t\t\t\t\t<img loading=\"lazy\" decoding=\"async\" width=\"300\" height=\"84\" src=\"https:\/\/mdeurbanlab.com\/wp-content\/uploads\/2024\/02\/4-300x84.png\" class=\"attachment-medium size-medium wp-image-2061\" alt=\"\" srcset=\"https:\/\/mdeurbanlab.com\/wp-content\/uploads\/2024\/02\/4-300x84.png 300w, https:\/\/mdeurbanlab.com\/wp-content\/uploads\/2024\/02\/4-18x5.png 18w, https:\/\/mdeurbanlab.com\/wp-content\/uploads\/2024\/02\/4.png 432w\" sizes=\"(max-width: 300px) 100vw, 300px\" \/>\t\t\t\t\t\t\t\t\t\t\t\t\t<\/div>\n\t\t\t\t<\/div>\n\t\t\t\t<div class=\"elementor-element elementor-element-b48fee1 elementor-widget elementor-widget-text-editor\" data-id=\"b48fee1\" data-element_type=\"widget\" data-widget_type=\"text-editor.default\">\n\t\t\t\t<div class=\"elementor-widget-container\">\n\t\t\t\t\t\t\t<p>Las estrategias en Santa Marta, Colombia, abarcan desde el fortalecimiento a prestadores de aprovechamiento en estrategias de econom\u00eda circular, hasta las limpiezas de playa y jornadas de educaci\u00f3n ambiental. As\u00ed mismo la articulaci\u00f3n del esquema de aprovechamiento con los esquemas definidos por la REP (Responsabilidad Extendida del Productor).<\/p><p>Una de las estrategias m\u00e1s destacadas es el fortalecimiento a a organizaciones de recicladores locales, quienes ahora cuentan con bicicletas recolectoras con sistemas de georreferenciaci\u00f3n y plataformas con SIG (Sistemas de Informaci\u00f3n Geogr\u00e1fica), entre otros apoyos brindados.<\/p>\t\t\t\t\t\t<\/div>\n\t\t\t\t<\/div>\n\t\t\t\t\t<\/div>\n\t\t<\/div>\n\t\t\t\t\t<\/div>\n\t\t<\/section>\n\t\t\t\t<\/div>","protected":false},"excerpt":{"rendered":"<p>PROMAR. PREVENCI\u00d3N DE RESIDUOS MARINOS Fundaci\u00f3n SOCYA Ubicaci\u00f3n: Santa Marta, Colombia Por este motivo, el Ministerio Federal Alem\u00e1n de Medio Ambiente, Protecci\u00f3n de la Naturaleza y Seguridad Nuclear (BMUV) financia el proyecto PROMAR, el cual tiene como objetivo contribuir a la reducci\u00f3n de los flujos de residuos en el mar Caribe, especialmente empaques y pl\u00e1sticos &hellip;<\/p>\n<p class=\"read-more\"> <a class=\"\" href=\"https:\/\/mdeurbanlab.com\/en\/promar-prevencion-de-residuos-marinos\/\"> <span class=\"screen-reader-text\">PROMAR. PREVENCI\u00d3N DE RESIDUOS MARINOS<\/span> Read More &raquo;<\/a><\/p>","protected":false},"author":1,"featured_media":0,"parent":0,"menu_order":0,"comment_status":"closed","ping_status":"closed","template":"","meta":{"site-sidebar-layout":"no-sidebar","site-content-layout":"page-builder","ast-global-header-display":"","ast-banner-title-visibility":"","ast-main-header-display":"","ast-hfb-above-header-display":"","ast-hfb-below-header-display":"","ast-hfb-mobile-header-display":"","site-post-title":"disabled","ast-breadcrumbs-content":"","ast-featured-img":"disabled","footer-sml-layout":"","theme-transparent-header-meta":"","adv-header-id-meta":"","stick-header-meta":"","header-above-stick-meta":"","header-main-stick-meta":"","header-below-stick-meta":"","footnotes":""},"class_list":["post-2053","page","type-page","status-publish","hentry"],"_links":{"self":[{"href":"https:\/\/mdeurbanlab.com\/en\/wp-json\/wp\/v2\/pages\/2053"}],"collection":[{"href":"https:\/\/mdeurbanlab.com\/en\/wp-json\/wp\/v2\/pages"}],"about":[{"href":"https:\/\/mdeurbanlab.com\/en\/wp-json\/wp\/v2\/types\/page"}],"author":[{"embeddable":true,"href":"https:\/\/mdeurbanlab.com\/en\/wp-json\/wp\/v2\/users\/1"}],"replies":[{"embeddable":true,"href":"https:\/\/mdeurbanlab.com\/en\/wp-json\/wp\/v2\/comments?post=2053"}],"version-history":[{"count":7,"href":"https:\/\/mdeurbanlab.com\/en\/wp-json\/wp\/v2\/pages\/2053\/revisions"}],"predecessor-version":[{"id":2069,"href":"https:\/\/mdeurbanlab.com\/en\/wp-json\/wp\/v2\/pages\/2053\/revisions\/2069"}],"wp:attachment":[{"href":"https:\/\/mdeurbanlab.com\/en\/wp-json\/wp\/v2\/media?parent=2053"}],"curies":[{"name":"wp","href":"https:\/\/api.w.org\/{rel}","templated":true}]}}