{"id":2073,"date":"2024-02-29T15:24:11","date_gmt":"2024-02-29T20:24:11","guid":{"rendered":"https:\/\/mdeurbanlab.com\/?page_id=2073"},"modified":"2024-02-29T15:58:39","modified_gmt":"2024-02-29T20:58:39","slug":"desarrolla-rural-y-empoderamientode-los-concejoscomunitarios-de-choco","status":"publish","type":"page","link":"https:\/\/mdeurbanlab.com\/en\/desarrolla-rural-y-empoderamientode-los-concejoscomunitarios-de-choco\/","title":{"rendered":"Desarrolla rural y empoderamientode los concejoscomunitarios de choco"},"content":{"rendered":"<div data-elementor-type=\"wp-page\" data-elementor-id=\"2073\" class=\"elementor elementor-2073\">\n\t\t\t\t\t\t<section class=\"elementor-section elementor-top-section elementor-element elementor-element-163f5d3 elementor-section-height-min-height elementor-section-boxed elementor-section-height-default elementor-section-items-middle\" data-id=\"163f5d3\" data-element_type=\"section\" data-settings=\"{&quot;background_background&quot;:&quot;classic&quot;}\">\n\t\t\t\t\t\t\t<div class=\"elementor-background-overlay\"><\/div>\n\t\t\t\t\t\t\t<div class=\"elementor-container elementor-column-gap-default\">\n\t\t\t\t\t<div class=\"elementor-column elementor-col-100 elementor-top-column elementor-element elementor-element-f6d31af\" data-id=\"f6d31af\" data-element_type=\"column\">\n\t\t\t<div class=\"elementor-widget-wrap elementor-element-populated\">\n\t\t\t\t\t\t<div class=\"elementor-element elementor-element-3462963 elementor-widget elementor-widget-spacer\" data-id=\"3462963\" data-element_type=\"widget\" data-widget_type=\"spacer.default\">\n\t\t\t\t<div class=\"elementor-widget-container\">\n\t\t\t\t\t<div class=\"elementor-spacer\">\n\t\t\t<div class=\"elementor-spacer-inner\"><\/div>\n\t\t<\/div>\n\t\t\t\t<\/div>\n\t\t\t\t<\/div>\n\t\t\t\t\t<\/div>\n\t\t<\/div>\n\t\t\t\t\t<\/div>\n\t\t<\/section>\n\t\t\t\t<section class=\"elementor-section elementor-top-section elementor-element elementor-element-3e00b27 elementor-section-boxed elementor-section-height-default elementor-section-height-default\" data-id=\"3e00b27\" data-element_type=\"section\">\n\t\t\t\t\t\t<div class=\"elementor-container elementor-column-gap-default\">\n\t\t\t\t\t<div class=\"elementor-column elementor-col-33 elementor-top-column elementor-element elementor-element-81163dd\" data-id=\"81163dd\" data-element_type=\"column\">\n\t\t\t<div class=\"elementor-widget-wrap elementor-element-populated\">\n\t\t\t\t\t\t<div class=\"elementor-element elementor-element-acc5472 elementor-widget elementor-widget-image\" data-id=\"acc5472\" data-element_type=\"widget\" data-widget_type=\"image.default\">\n\t\t\t\t<div class=\"elementor-widget-container\">\n\t\t\t\t\t\t\t\t\t\t\t\t\t<img fetchpriority=\"high\" decoding=\"async\" width=\"800\" height=\"1057\" src=\"https:\/\/mdeurbanlab.com\/wp-content\/uploads\/2024\/02\/proyectp-choco.jpg\" class=\"attachment-full size-full wp-image-2075\" alt=\"\" srcset=\"https:\/\/mdeurbanlab.com\/wp-content\/uploads\/2024\/02\/proyectp-choco.jpg 800w, https:\/\/mdeurbanlab.com\/wp-content\/uploads\/2024\/02\/proyectp-choco-227x300.jpg 227w, https:\/\/mdeurbanlab.com\/wp-content\/uploads\/2024\/02\/proyectp-choco-775x1024.jpg 775w, https:\/\/mdeurbanlab.com\/wp-content\/uploads\/2024\/02\/proyectp-choco-768x1015.jpg 768w, https:\/\/mdeurbanlab.com\/wp-content\/uploads\/2024\/02\/proyectp-choco-9x12.jpg 9w\" sizes=\"(max-width: 800px) 100vw, 800px\" \/>\t\t\t\t\t\t\t\t\t\t\t\t\t<\/div>\n\t\t\t\t<\/div>\n\t\t\t\t\t<\/div>\n\t\t<\/div>\n\t\t\t\t<div class=\"elementor-column elementor-col-66 elementor-top-column elementor-element elementor-element-17f391f\" data-id=\"17f391f\" data-element_type=\"column\">\n\t\t\t<div class=\"elementor-widget-wrap elementor-element-populated\">\n\t\t\t\t\t\t<div class=\"elementor-element elementor-element-e07e125 elementor-widget elementor-widget-heading\" data-id=\"e07e125\" data-element_type=\"widget\" data-widget_type=\"heading.default\">\n\t\t\t\t<div class=\"elementor-widget-container\">\n\t\t\t<h2 class=\"elementor-heading-title elementor-size-default\">DESARROLLO RURAL Y EMPODERAMIENTO DE LOS CONSEJOS COMUNITARIOS DEL DEPARTAMENTO DE CHOC\u00d3 A TRAV\u00c9S DEL USO SUSTENTABLE DE LOS   RECURSOS NATURALES Y MINERALES.<\/h2>\t\t<\/div>\n\t\t\t\t<\/div>\n\t\t\t\t<div class=\"elementor-element elementor-element-5058ee6 elementor-widget elementor-widget-text-editor\" data-id=\"5058ee6\" data-element_type=\"widget\" data-widget_type=\"text-editor.default\">\n\t\t\t\t<div class=\"elementor-widget-container\">\n\t\t\t\t\t\t\t<p>Organizaci\u00f3n de las Naciones Unidas para el Desarrollo Industrial &#8211; ONUDI-<\/p>\t\t\t\t\t\t<\/div>\n\t\t\t\t<\/div>\n\t\t\t\t<div class=\"elementor-element elementor-element-55f0983 elementor-widget elementor-widget-image\" data-id=\"55f0983\" data-element_type=\"widget\" data-widget_type=\"image.default\">\n\t\t\t\t<div class=\"elementor-widget-container\">\n\t\t\t\t\t\t\t\t\t\t\t\t\t<img decoding=\"async\" width=\"300\" height=\"84\" src=\"https:\/\/mdeurbanlab.com\/wp-content\/uploads\/2024\/02\/4-300x84.png\" class=\"attachment-medium size-medium wp-image-2061\" alt=\"\" srcset=\"https:\/\/mdeurbanlab.com\/wp-content\/uploads\/2024\/02\/4-300x84.png 300w, https:\/\/mdeurbanlab.com\/wp-content\/uploads\/2024\/02\/4-18x5.png 18w, https:\/\/mdeurbanlab.com\/wp-content\/uploads\/2024\/02\/4.png 432w\" sizes=\"(max-width: 300px) 100vw, 300px\" \/>\t\t\t\t\t\t\t\t\t\t\t\t\t<\/div>\n\t\t\t\t<\/div>\n\t\t\t\t<div class=\"elementor-element elementor-element-397b7e3 elementor-widget elementor-widget-text-editor\" data-id=\"397b7e3\" data-element_type=\"widget\" data-widget_type=\"text-editor.default\">\n\t\t\t\t<div class=\"elementor-widget-container\">\n\t\t\t\t\t\t\t<p>Choc\u00f3 es uno de los departamentos con mayor biodiversidad en Colombia, as\u00ed como uno de los m\u00e1s afectados por los impactos del cambio clim\u00e1tico, la deforestaci\u00f3n y las actividades ilegales de grupos criminales. Para la poblaci\u00f3n local, compuesta en su mayor\u00eda por grupos ind\u00edgenas y afro descendientes, el sector de la miner\u00eda de oro artesanal y de peque\u00f1a escala (MAPE) es la segunda actividad econ\u00f3mica m\u00e1s importante, despu\u00e9s de la agricultura de subsistencia.<\/p>\n<p>Es por esto que el proyecto busca mejorar los medios de subsistencia de las comunidades de Medio Atrato y Uni\u00f3n Panamericana, a trav\u00e9s de la reducci\u00f3n de los impactos sociales y ambientales negativos de la miner\u00eda artesanal y de peque\u00f1a escala (MAPE) y la deforestaci\u00f3n, y el empoderamiento de las comunidades. A trav\u00e9s de la sensibilizaci\u00f3n, capacitaci\u00f3n y el trabajo conjunto con los Consejos Comunitarios, se quiere fortalecer el desarrollo productivo y de una miner\u00eda legal y responsable para la construcci\u00f3n de paz en el territorio.<\/p>\t\t\t\t\t\t<\/div>\n\t\t\t\t<\/div>\n\t\t\t\t\t<\/div>\n\t\t<\/div>\n\t\t\t\t\t<\/div>\n\t\t<\/section>\n\t\t\t\t<section class=\"elementor-section elementor-top-section elementor-element elementor-element-859447b elementor-section-boxed elementor-section-height-default elementor-section-height-default\" data-id=\"859447b\" data-element_type=\"section\">\n\t\t\t\t\t\t<div class=\"elementor-container elementor-column-gap-default\">\n\t\t\t\t\t<div class=\"elementor-column elementor-col-33 elementor-top-column elementor-element elementor-element-7c05982\" data-id=\"7c05982\" data-element_type=\"column\">\n\t\t\t<div class=\"elementor-widget-wrap elementor-element-populated\">\n\t\t\t\t\t\t<div class=\"elementor-element elementor-element-0d49f08 elementor-widget elementor-widget-image\" data-id=\"0d49f08\" data-element_type=\"widget\" data-widget_type=\"image.default\">\n\t\t\t\t<div class=\"elementor-widget-container\">\n\t\t\t\t\t\t\t\t\t\t\t\t\t<img decoding=\"async\" width=\"800\" height=\"614\" src=\"https:\/\/mdeurbanlab.com\/wp-content\/uploads\/2024\/02\/proyectp-choco2.jpg\" class=\"attachment-full size-full wp-image-2085\" alt=\"\" srcset=\"https:\/\/mdeurbanlab.com\/wp-content\/uploads\/2024\/02\/proyectp-choco2.jpg 800w, https:\/\/mdeurbanlab.com\/wp-content\/uploads\/2024\/02\/proyectp-choco2-300x230.jpg 300w, https:\/\/mdeurbanlab.com\/wp-content\/uploads\/2024\/02\/proyectp-choco2-768x589.jpg 768w, https:\/\/mdeurbanlab.com\/wp-content\/uploads\/2024\/02\/proyectp-choco2-16x12.jpg 16w\" sizes=\"(max-width: 800px) 100vw, 800px\" \/>\t\t\t\t\t\t\t\t\t\t\t\t\t<\/div>\n\t\t\t\t<\/div>\n\t\t\t\t<div class=\"elementor-element elementor-element-f63eaf7 elementor-widget elementor-widget-text-editor\" data-id=\"f63eaf7\" data-element_type=\"widget\" data-widget_type=\"text-editor.default\">\n\t\t\t\t<div class=\"elementor-widget-container\">\n\t\t\t\t\t\t\t<p>El proyecto se estructura bajo tres componentes:<\/p>\t\t\t\t\t\t<\/div>\n\t\t\t\t<\/div>\n\t\t\t\t<div class=\"elementor-element elementor-element-711bc28 elementor-position-left elementor-vertical-align-top elementor-widget elementor-widget-image-box\" data-id=\"711bc28\" data-element_type=\"widget\" data-widget_type=\"image-box.default\">\n\t\t\t\t<div class=\"elementor-widget-container\">\n\t\t\t<div class=\"elementor-image-box-wrapper\"><figure class=\"elementor-image-box-img\"><img loading=\"lazy\" decoding=\"async\" width=\"150\" height=\"150\" src=\"https:\/\/mdeurbanlab.com\/wp-content\/uploads\/2024\/02\/5.png\" class=\"attachment-medium size-medium wp-image-2077\" alt=\"\" srcset=\"https:\/\/mdeurbanlab.com\/wp-content\/uploads\/2024\/02\/5.png 150w, https:\/\/mdeurbanlab.com\/wp-content\/uploads\/2024\/02\/5-12x12.png 12w\" sizes=\"(max-width: 150px) 100vw, 150px\" \/><\/figure><div class=\"elementor-image-box-content\"><p class=\"elementor-image-box-description\">Miner\u00eda responsable: capacitar a los mineros y mineras en buenas pr\u00e1cticas  ambientales y sociales para contribuir al desarrollo de una miner\u00eda legal y responsable, para minimizar los impactos negativos y prevenir el financiamiento de actividades ilegales.<\/p><\/div><\/div>\t\t<\/div>\n\t\t\t\t<\/div>\n\t\t\t\t<div class=\"elementor-element elementor-element-b5e26f0 elementor-position-left elementor-vertical-align-top elementor-widget elementor-widget-image-box\" data-id=\"b5e26f0\" data-element_type=\"widget\" data-widget_type=\"image-box.default\">\n\t\t\t\t<div class=\"elementor-widget-container\">\n\t\t\t<div class=\"elementor-image-box-wrapper\"><figure class=\"elementor-image-box-img\"><img loading=\"lazy\" decoding=\"async\" width=\"150\" height=\"150\" src=\"https:\/\/mdeurbanlab.com\/wp-content\/uploads\/2024\/02\/6.png\" class=\"attachment-medium size-medium wp-image-2078\" alt=\"\" srcset=\"https:\/\/mdeurbanlab.com\/wp-content\/uploads\/2024\/02\/6.png 150w, https:\/\/mdeurbanlab.com\/wp-content\/uploads\/2024\/02\/6-12x12.png 12w\" sizes=\"(max-width: 150px) 100vw, 150px\" \/><\/figure><div class=\"elementor-image-box-content\"><p class=\"elementor-image-box-description\">Emprendimiento y proyectos productivos: desarrollar actividades de valor   agregado, especialmente en las zonas impactadas por la deforestaci\u00f3n, que permita a las comunidades migrar a alternativas productivas legales, rentables y sostenibles en el tiempo.<\/p><\/div><\/div>\t\t<\/div>\n\t\t\t\t<\/div>\n\t\t\t\t<div class=\"elementor-element elementor-element-9a7b254 elementor-position-left elementor-vertical-align-top elementor-widget elementor-widget-image-box\" data-id=\"9a7b254\" data-element_type=\"widget\" data-widget_type=\"image-box.default\">\n\t\t\t\t<div class=\"elementor-widget-container\">\n\t\t\t<div class=\"elementor-image-box-wrapper\"><figure class=\"elementor-image-box-img\"><img loading=\"lazy\" decoding=\"async\" width=\"150\" height=\"150\" src=\"https:\/\/mdeurbanlab.com\/wp-content\/uploads\/2024\/02\/7.png\" class=\"attachment-medium size-medium wp-image-2079\" alt=\"\" srcset=\"https:\/\/mdeurbanlab.com\/wp-content\/uploads\/2024\/02\/7.png 150w, https:\/\/mdeurbanlab.com\/wp-content\/uploads\/2024\/02\/7-12x12.png 12w\" sizes=\"(max-width: 150px) 100vw, 150px\" \/><\/figure><div class=\"elementor-image-box-content\"><p class=\"elementor-image-box-description\">Empoderamiento y equidad de g\u00e9nero: capacitar a las comunidades sobre la   sostenibilidad de su territorio y la participaci\u00f3n efectiva en el proceso de toma de     decisiones para el desarrollo territorial, visibilizando el rol de la mujer en la miner\u00eda y en sus comunidades.<\/p><\/div><\/div>\t\t<\/div>\n\t\t\t\t<\/div>\n\t\t\t\t\t<\/div>\n\t\t<\/div>\n\t\t\t\t<div class=\"elementor-column elementor-col-66 elementor-top-column elementor-element elementor-element-66e8adc\" data-id=\"66e8adc\" data-element_type=\"column\">\n\t\t\t<div class=\"elementor-widget-wrap elementor-element-populated\">\n\t\t\t\t\t\t<div class=\"elementor-element elementor-element-83421b7 elementor-widget elementor-widget-heading\" data-id=\"83421b7\" data-element_type=\"widget\" data-widget_type=\"heading.default\">\n\t\t\t\t<div class=\"elementor-widget-container\">\n\t\t\t<h2 class=\"elementor-heading-title elementor-size-default\">Evaluaci\u00f3n de fin de t\u00e9rmino del proyecto<\/h2>\t\t<\/div>\n\t\t\t\t<\/div>\n\t\t\t\t<div class=\"elementor-element elementor-element-c12102a elementor-widget elementor-widget-text-editor\" data-id=\"c12102a\" data-element_type=\"widget\" data-widget_type=\"text-editor.default\">\n\t\t\t\t<div class=\"elementor-widget-container\">\n\t\t\t\t\t\t\t<p>El proyecto mostr\u00f3 un nivel de cumplimiento satisfactorio en relaci\u00f3n con los objetivos previstos originalmente y los ajustes realizados por razones operativas. Este cumplimiento evidencia que fue llevado a cabo con una razonable relaci\u00f3n costo-efectividad. Los principales logros fueron:<\/p>\t\t\t\t\t\t<\/div>\n\t\t\t\t<\/div>\n\t\t\t\t<div class=\"elementor-element elementor-element-bf7775b elementor-position-left elementor-vertical-align-top elementor-widget elementor-widget-image-box\" data-id=\"bf7775b\" data-element_type=\"widget\" data-widget_type=\"image-box.default\">\n\t\t\t\t<div class=\"elementor-widget-container\">\n\t\t\t<div class=\"elementor-image-box-wrapper\"><figure class=\"elementor-image-box-img\"><img loading=\"lazy\" decoding=\"async\" width=\"150\" height=\"150\" src=\"https:\/\/mdeurbanlab.com\/wp-content\/uploads\/2024\/02\/8.png\" class=\"attachment-medium size-medium wp-image-2080\" alt=\"\" srcset=\"https:\/\/mdeurbanlab.com\/wp-content\/uploads\/2024\/02\/8.png 150w, https:\/\/mdeurbanlab.com\/wp-content\/uploads\/2024\/02\/8-12x12.png 12w\" sizes=\"(max-width: 150px) 100vw, 150px\" \/><\/figure><div class=\"elementor-image-box-content\"><p class=\"elementor-image-box-description\">Consolidaci\u00f3n de grupos de beneficiarios, con un alto nivel de empoderamiento del proyecto.<\/p><\/div><\/div>\t\t<\/div>\n\t\t\t\t<\/div>\n\t\t\t\t<div class=\"elementor-element elementor-element-eb7420d elementor-position-left elementor-vertical-align-top elementor-widget elementor-widget-image-box\" data-id=\"eb7420d\" data-element_type=\"widget\" data-widget_type=\"image-box.default\">\n\t\t\t\t<div class=\"elementor-widget-container\">\n\t\t\t<div class=\"elementor-image-box-wrapper\"><figure class=\"elementor-image-box-img\"><img loading=\"lazy\" decoding=\"async\" width=\"150\" height=\"150\" src=\"https:\/\/mdeurbanlab.com\/wp-content\/uploads\/2024\/02\/9.png\" class=\"attachment-medium size-medium wp-image-2081\" alt=\"\" srcset=\"https:\/\/mdeurbanlab.com\/wp-content\/uploads\/2024\/02\/9.png 150w, https:\/\/mdeurbanlab.com\/wp-content\/uploads\/2024\/02\/9-12x12.png 12w\" sizes=\"(max-width: 150px) 100vw, 150px\" \/><\/figure><div class=\"elementor-image-box-content\"><p class=\"elementor-image-box-description\">Obtenci\u00f3n de t\u00edtulos mineros para la poblaci\u00f3n beneficiaria, la integraci\u00f3n de buenas pr\u00e1cticas, cambios de proceso y desarrollos tecnol\u00f3gicos y el proceso de               licenciamiento ambiental.<\/p><\/div><\/div>\t\t<\/div>\n\t\t\t\t<\/div>\n\t\t\t\t<div class=\"elementor-element elementor-element-ef07080 elementor-position-left elementor-vertical-align-top elementor-widget elementor-widget-image-box\" data-id=\"ef07080\" data-element_type=\"widget\" data-widget_type=\"image-box.default\">\n\t\t\t\t<div class=\"elementor-widget-container\">\n\t\t\t<div class=\"elementor-image-box-wrapper\"><figure class=\"elementor-image-box-img\"><img loading=\"lazy\" decoding=\"async\" width=\"150\" height=\"150\" src=\"https:\/\/mdeurbanlab.com\/wp-content\/uploads\/2024\/02\/10.png\" class=\"attachment-medium size-medium wp-image-2082\" alt=\"\" srcset=\"https:\/\/mdeurbanlab.com\/wp-content\/uploads\/2024\/02\/10.png 150w, https:\/\/mdeurbanlab.com\/wp-content\/uploads\/2024\/02\/10-12x12.png 12w\" sizes=\"(max-width: 150px) 100vw, 150px\" \/><\/figure><div class=\"elementor-image-box-content\"><p class=\"elementor-image-box-description\">Para el cultivo de chontaduro se realizaron avances experimentales en el control  biol\u00f3gico y en las pr\u00e1cticas biotecnol\u00f3gicas propuestas. <\/p><\/div><\/div>\t\t<\/div>\n\t\t\t\t<\/div>\n\t\t\t\t<div class=\"elementor-element elementor-element-9ca71a4 elementor-widget elementor-widget-image\" data-id=\"9ca71a4\" data-element_type=\"widget\" data-widget_type=\"image.default\">\n\t\t\t\t<div class=\"elementor-widget-container\">\n\t\t\t\t\t\t\t\t\t\t\t\t\t<img loading=\"lazy\" decoding=\"async\" width=\"800\" height=\"201\" src=\"https:\/\/mdeurbanlab.com\/wp-content\/uploads\/2024\/02\/proyectp-choco3.jpg\" class=\"attachment-large size-large wp-image-2086\" alt=\"\" srcset=\"https:\/\/mdeurbanlab.com\/wp-content\/uploads\/2024\/02\/proyectp-choco3.jpg 800w, https:\/\/mdeurbanlab.com\/wp-content\/uploads\/2024\/02\/proyectp-choco3-300x75.jpg 300w, https:\/\/mdeurbanlab.com\/wp-content\/uploads\/2024\/02\/proyectp-choco3-768x193.jpg 768w, https:\/\/mdeurbanlab.com\/wp-content\/uploads\/2024\/02\/proyectp-choco3-18x5.jpg 18w\" sizes=\"(max-width: 800px) 100vw, 800px\" \/>\t\t\t\t\t\t\t\t\t\t\t\t\t<\/div>\n\t\t\t\t<\/div>\n\t\t\t\t<div class=\"elementor-element elementor-element-131d9a3 elementor-widget elementor-widget-text-editor\" data-id=\"131d9a3\" data-element_type=\"widget\" data-widget_type=\"text-editor.default\">\n\t\t\t\t<div class=\"elementor-widget-container\">\n\t\t\t\t\t\t\t<p>Para la evaluaci\u00f3n del proyecto y verificar su avance, fueron realizadas entrevistas virtuales con el Ministerio de Ambiente y Desarrollo Sostenible, el Ministerio de Minas y Energ\u00eda y la Delegaci\u00f3n de la Uni\u00f3n Europea.<\/p>\n<p>Posteriormente se realizaron diferentes encuentros con las comunidades involucradas (Uni\u00f3n Panamericana y Medio Atrato), identificando in situ los avances e implementaci\u00f3n de los conocimientos adquiridos durante el proyecto.<\/p>\t\t\t\t\t\t<\/div>\n\t\t\t\t<\/div>\n\t\t\t\t\t<\/div>\n\t\t<\/div>\n\t\t\t\t\t<\/div>\n\t\t<\/section>\n\t\t\t\t<section class=\"elementor-section elementor-top-section elementor-element elementor-element-f490312 elementor-section-boxed elementor-section-height-default elementor-section-height-default\" data-id=\"f490312\" data-element_type=\"section\">\n\t\t\t\t\t\t<div class=\"elementor-container elementor-column-gap-default\">\n\t\t\t\t\t<div class=\"elementor-column elementor-col-33 elementor-top-column elementor-element elementor-element-3e6a406\" data-id=\"3e6a406\" data-element_type=\"column\">\n\t\t\t<div class=\"elementor-widget-wrap elementor-element-populated\">\n\t\t\t\t\t\t<div class=\"elementor-element elementor-element-338c99f elementor-widget elementor-widget-image\" data-id=\"338c99f\" data-element_type=\"widget\" data-widget_type=\"image.default\">\n\t\t\t\t<div class=\"elementor-widget-container\">\n\t\t\t\t\t\t\t\t\t\t\t\t\t<img loading=\"lazy\" decoding=\"async\" width=\"800\" height=\"1057\" src=\"https:\/\/mdeurbanlab.com\/wp-content\/uploads\/2024\/02\/proyectp-choco4.jpg\" class=\"attachment-full size-full wp-image-2087\" alt=\"\" srcset=\"https:\/\/mdeurbanlab.com\/wp-content\/uploads\/2024\/02\/proyectp-choco4.jpg 800w, https:\/\/mdeurbanlab.com\/wp-content\/uploads\/2024\/02\/proyectp-choco4-227x300.jpg 227w, https:\/\/mdeurbanlab.com\/wp-content\/uploads\/2024\/02\/proyectp-choco4-775x1024.jpg 775w, https:\/\/mdeurbanlab.com\/wp-content\/uploads\/2024\/02\/proyectp-choco4-768x1015.jpg 768w, https:\/\/mdeurbanlab.com\/wp-content\/uploads\/2024\/02\/proyectp-choco4-9x12.jpg 9w\" sizes=\"(max-width: 800px) 100vw, 800px\" \/>\t\t\t\t\t\t\t\t\t\t\t\t\t<\/div>\n\t\t\t\t<\/div>\n\t\t\t\t\t<\/div>\n\t\t<\/div>\n\t\t\t\t<div class=\"elementor-column elementor-col-66 elementor-top-column elementor-element elementor-element-7b09cd6\" data-id=\"7b09cd6\" data-element_type=\"column\">\n\t\t\t<div class=\"elementor-widget-wrap elementor-element-populated\">\n\t\t\t\t\t\t<div class=\"elementor-element elementor-element-c173d7c elementor-widget elementor-widget-image\" data-id=\"c173d7c\" data-element_type=\"widget\" data-widget_type=\"image.default\">\n\t\t\t\t<div class=\"elementor-widget-container\">\n\t\t\t\t\t\t\t\t\t\t\t\t\t<img loading=\"lazy\" decoding=\"async\" width=\"775\" height=\"1024\" src=\"https:\/\/mdeurbanlab.com\/wp-content\/uploads\/2024\/02\/proyecto-choco-775x1024.png\" class=\"attachment-large size-large wp-image-2083\" alt=\"\" srcset=\"https:\/\/mdeurbanlab.com\/wp-content\/uploads\/2024\/02\/proyecto-choco-775x1024.png 775w, https:\/\/mdeurbanlab.com\/wp-content\/uploads\/2024\/02\/proyecto-choco-227x300.png 227w, https:\/\/mdeurbanlab.com\/wp-content\/uploads\/2024\/02\/proyecto-choco-768x1015.png 768w, https:\/\/mdeurbanlab.com\/wp-content\/uploads\/2024\/02\/proyecto-choco-9x12.png 9w, https:\/\/mdeurbanlab.com\/wp-content\/uploads\/2024\/02\/proyecto-choco.png 800w\" sizes=\"(max-width: 775px) 100vw, 775px\" \/>\t\t\t\t\t\t\t\t\t\t\t\t\t<\/div>\n\t\t\t\t<\/div>\n\t\t\t\t\t<\/div>\n\t\t<\/div>\n\t\t\t\t\t<\/div>\n\t\t<\/section>\n\t\t\t\t<\/div>","protected":false},"excerpt":{"rendered":"<p>DESARROLLO RURAL Y EMPODERAMIENTO DE LOS CONSEJOS COMUNITARIOS DEL DEPARTAMENTO DE CHOC\u00d3 A TRAV\u00c9S DEL USO SUSTENTABLE DE LOS RECURSOS NATURALES Y MINERALES. Organizaci\u00f3n de las Naciones Unidas para el Desarrollo Industrial &#8211; ONUDI- Choc\u00f3 es uno de los departamentos con mayor biodiversidad en Colombia, as\u00ed como uno de los m\u00e1s afectados por los impactos &hellip;<\/p>\n<p class=\"read-more\"> <a class=\"\" href=\"https:\/\/mdeurbanlab.com\/en\/desarrolla-rural-y-empoderamientode-los-concejoscomunitarios-de-choco\/\"> <span class=\"screen-reader-text\">Desarrolla rural y empoderamientode los concejoscomunitarios de choco<\/span> Read More &raquo;<\/a><\/p>","protected":false},"author":1,"featured_media":0,"parent":0,"menu_order":0,"comment_status":"closed","ping_status":"closed","template":"","meta":{"site-sidebar-layout":"no-sidebar","site-content-layout":"page-builder","ast-global-header-display":"","ast-banner-title-visibility":"","ast-main-header-display":"","ast-hfb-above-header-display":"","ast-hfb-below-header-display":"","ast-hfb-mobile-header-display":"","site-post-title":"disabled","ast-breadcrumbs-content":"","ast-featured-img":"disabled","footer-sml-layout":"","theme-transparent-header-meta":"","adv-header-id-meta":"","stick-header-meta":"","header-above-stick-meta":"","header-main-stick-meta":"","header-below-stick-meta":"","footnotes":""},"class_list":["post-2073","page","type-page","status-publish","hentry"],"_links":{"self":[{"href":"https:\/\/mdeurbanlab.com\/en\/wp-json\/wp\/v2\/pages\/2073"}],"collection":[{"href":"https:\/\/mdeurbanlab.com\/en\/wp-json\/wp\/v2\/pages"}],"about":[{"href":"https:\/\/mdeurbanlab.com\/en\/wp-json\/wp\/v2\/types\/page"}],"author":[{"embeddable":true,"href":"https:\/\/mdeurbanlab.com\/en\/wp-json\/wp\/v2\/users\/1"}],"replies":[{"embeddable":true,"href":"https:\/\/mdeurbanlab.com\/en\/wp-json\/wp\/v2\/comments?post=2073"}],"version-history":[{"count":13,"href":"https:\/\/mdeurbanlab.com\/en\/wp-json\/wp\/v2\/pages\/2073\/revisions"}],"predecessor-version":[{"id":2100,"href":"https:\/\/mdeurbanlab.com\/en\/wp-json\/wp\/v2\/pages\/2073\/revisions\/2100"}],"wp:attachment":[{"href":"https:\/\/mdeurbanlab.com\/en\/wp-json\/wp\/v2\/media?parent=2073"}],"curies":[{"name":"wp","href":"https:\/\/api.w.org\/{rel}","templated":true}]}}