{"id":2128,"date":"2024-02-29T17:03:53","date_gmt":"2024-02-29T22:03:53","guid":{"rendered":"https:\/\/mdeurbanlab.com\/?page_id=2128"},"modified":"2024-02-29T17:58:58","modified_gmt":"2024-02-29T22:58:58","slug":"club-el-rodeo","status":"publish","type":"page","link":"https:\/\/mdeurbanlab.com\/en\/club-el-rodeo\/","title":{"rendered":"Club El Rodeo"},"content":{"rendered":"<div data-elementor-type=\"wp-page\" data-elementor-id=\"2128\" class=\"elementor elementor-2128\">\n\t\t\t\t\t\t<section class=\"elementor-section elementor-top-section elementor-element elementor-element-163f5d3 elementor-section-height-min-height elementor-section-boxed elementor-section-height-default elementor-section-items-middle\" data-id=\"163f5d3\" data-element_type=\"section\" data-settings=\"{&quot;background_background&quot;:&quot;classic&quot;}\">\n\t\t\t\t\t\t\t<div class=\"elementor-background-overlay\"><\/div>\n\t\t\t\t\t\t\t<div class=\"elementor-container elementor-column-gap-default\">\n\t\t\t\t\t<div class=\"elementor-column elementor-col-100 elementor-top-column elementor-element elementor-element-f6d31af\" data-id=\"f6d31af\" data-element_type=\"column\">\n\t\t\t<div class=\"elementor-widget-wrap elementor-element-populated\">\n\t\t\t\t\t\t<div class=\"elementor-element elementor-element-3462963 elementor-widget elementor-widget-spacer\" data-id=\"3462963\" data-element_type=\"widget\" data-widget_type=\"spacer.default\">\n\t\t\t\t<div class=\"elementor-widget-container\">\n\t\t\t\t\t<div class=\"elementor-spacer\">\n\t\t\t<div class=\"elementor-spacer-inner\"><\/div>\n\t\t<\/div>\n\t\t\t\t<\/div>\n\t\t\t\t<\/div>\n\t\t\t\t\t<\/div>\n\t\t<\/div>\n\t\t\t\t\t<\/div>\n\t\t<\/section>\n\t\t\t\t<section class=\"elementor-section elementor-top-section elementor-element elementor-element-3e00b27 elementor-section-boxed elementor-section-height-default elementor-section-height-default\" data-id=\"3e00b27\" data-element_type=\"section\">\n\t\t\t\t\t\t<div class=\"elementor-container elementor-column-gap-default\">\n\t\t\t\t\t<div class=\"elementor-column elementor-col-33 elementor-top-column elementor-element elementor-element-81163dd\" data-id=\"81163dd\" data-element_type=\"column\">\n\t\t\t<div class=\"elementor-widget-wrap elementor-element-populated\">\n\t\t\t\t\t\t<div class=\"elementor-element elementor-element-acc5472 elementor-widget elementor-widget-image\" data-id=\"acc5472\" data-element_type=\"widget\" data-widget_type=\"image.default\">\n\t\t\t\t<div class=\"elementor-widget-container\">\n\t\t\t\t\t\t\t\t\t\t\t\t\t<img fetchpriority=\"high\" decoding=\"async\" width=\"800\" height=\"1057\" src=\"https:\/\/mdeurbanlab.com\/wp-content\/uploads\/2024\/02\/club-el-rodeo.jpg\" class=\"attachment-full size-full wp-image-2130\" alt=\"\" srcset=\"https:\/\/mdeurbanlab.com\/wp-content\/uploads\/2024\/02\/club-el-rodeo.jpg 800w, https:\/\/mdeurbanlab.com\/wp-content\/uploads\/2024\/02\/club-el-rodeo-227x300.jpg 227w, https:\/\/mdeurbanlab.com\/wp-content\/uploads\/2024\/02\/club-el-rodeo-775x1024.jpg 775w, https:\/\/mdeurbanlab.com\/wp-content\/uploads\/2024\/02\/club-el-rodeo-768x1015.jpg 768w, https:\/\/mdeurbanlab.com\/wp-content\/uploads\/2024\/02\/club-el-rodeo-9x12.jpg 9w\" sizes=\"(max-width: 800px) 100vw, 800px\" \/>\t\t\t\t\t\t\t\t\t\t\t\t\t<\/div>\n\t\t\t\t<\/div>\n\t\t\t\t\t<\/div>\n\t\t<\/div>\n\t\t\t\t<div class=\"elementor-column elementor-col-66 elementor-top-column elementor-element elementor-element-17f391f\" data-id=\"17f391f\" data-element_type=\"column\">\n\t\t\t<div class=\"elementor-widget-wrap elementor-element-populated\">\n\t\t\t\t\t\t<div class=\"elementor-element elementor-element-e07e125 elementor-widget elementor-widget-heading\" data-id=\"e07e125\" data-element_type=\"widget\" data-widget_type=\"heading.default\">\n\t\t\t\t<div class=\"elementor-widget-container\">\n\t\t\t<h2 class=\"elementor-heading-title elementor-size-default\">Planificaci\u00f3n de acciones estrat\u00e9gicas para la creaci\u00f3n de valor sostenible de los activos inmobiliarios del Club El Rodeo.<\/h2>\t\t<\/div>\n\t\t\t\t<\/div>\n\t\t\t\t<div class=\"elementor-element elementor-element-b0ded78 elementor-widget elementor-widget-text-editor\" data-id=\"b0ded78\" data-element_type=\"widget\" data-widget_type=\"text-editor.default\">\n\t\t\t\t<div class=\"elementor-widget-container\">\n\t\t\t\t\t\t\t<p>Ubicaci\u00f3n: municipios de Medell\u00edn y Rionegro, Colombia<\/p>\t\t\t\t\t\t<\/div>\n\t\t\t\t<\/div>\n\t\t\t\t<div class=\"elementor-element elementor-element-397b7e3 elementor-widget elementor-widget-text-editor\" data-id=\"397b7e3\" data-element_type=\"widget\" data-widget_type=\"text-editor.default\">\n\t\t\t\t<div class=\"elementor-widget-container\">\n\t\t\t\t\t\t\t<p>Los activos inmobiliarios propiedad del Club el Rodeo en la ciudad de Medell\u00edn y La Macarena, en Rionegro, son bienes de alto valor estrat\u00e9gico, gracias a sus atributos paisaj\u00edsticos, ambientales, deportivos, sociales y econ\u00f3micos, tanto para el club como para la sociedad en general.<\/p><p>Es por esto, que se ha emprendido un an\u00e1lisis de planeaci\u00f3n estrat\u00e9gica que permita tomar las mejores decisiones sobre el portafolio inmobiliario en beneficio y cuidado del significado del Club como instituci\u00f3n, incluyendo su historia, el valor del patrimonio de la comunidad del club y los impactos positivos que genera su presencia en los municipios de Antioquia, entre otros aspectos.<\/p><p>Para esto se hace necesario la formulaci\u00f3n de un Proyecto Estrat\u00e9gico General, que permitir\u00e1 al Club, asumir un rol m\u00e1s activo en la gesti\u00f3n del portafolio inmobiliario y al mismo tiempo, maximizar los mecanismos de comunicaci\u00f3n y participaci\u00f3n con actores internos y externos, y mejorar as\u00ed la gobernanza y la eventual toma de decisiones colectiva y consensuadamente.<\/p>\t\t\t\t\t\t<\/div>\n\t\t\t\t<\/div>\n\t\t\t\t\t<\/div>\n\t\t<\/div>\n\t\t\t\t\t<\/div>\n\t\t<\/section>\n\t\t\t\t<section class=\"elementor-section elementor-top-section elementor-element elementor-element-859447b elementor-section-boxed elementor-section-height-default elementor-section-height-default\" data-id=\"859447b\" data-element_type=\"section\">\n\t\t\t\t\t\t<div class=\"elementor-container elementor-column-gap-default\">\n\t\t\t\t\t<div class=\"elementor-column elementor-col-33 elementor-top-column elementor-element elementor-element-7c05982\" data-id=\"7c05982\" data-element_type=\"column\">\n\t\t\t<div class=\"elementor-widget-wrap elementor-element-populated\">\n\t\t\t\t\t\t<div class=\"elementor-element elementor-element-c12102a elementor-widget elementor-widget-text-editor\" data-id=\"c12102a\" data-element_type=\"widget\" data-widget_type=\"text-editor.default\">\n\t\t\t\t<div class=\"elementor-widget-container\">\n\t\t\t\t\t\t\t<p>Hoy existen procesos y presiones urbanas y ambientales para las sedes, a partir de asuntos como el Metro de La 80 y ampliaciones viales, que se suman a un acumulado de intervenciones e impactos de la evoluci\u00f3n de predios vecinos como han sido, en el caso de El Rodeo, el Centro Comercial Arkadia o el aeropuerto Olaya Herrera, este \u00faltimo con sus condiciones actuales y futuras y sus impactos sobre el club, que si bien se espera deje de operar como aeropuerto en los pr\u00f3ximos a\u00f1os, no cambiar\u00e1 las condiciones restringidas por razones ambientales, que tienen los predios del club.<\/p>\t\t\t\t\t\t<\/div>\n\t\t\t\t<\/div>\n\t\t\t\t<div class=\"elementor-element elementor-element-0d49f08 elementor-widget elementor-widget-image\" data-id=\"0d49f08\" data-element_type=\"widget\" data-widget_type=\"image.default\">\n\t\t\t\t<div class=\"elementor-widget-container\">\n\t\t\t\t\t\t\t\t\t\t\t\t\t<img decoding=\"async\" width=\"800\" height=\"636\" src=\"https:\/\/mdeurbanlab.com\/wp-content\/uploads\/2024\/02\/club-el-rodeo2.jpg\" class=\"attachment-full size-full wp-image-2131\" alt=\"\" srcset=\"https:\/\/mdeurbanlab.com\/wp-content\/uploads\/2024\/02\/club-el-rodeo2.jpg 800w, https:\/\/mdeurbanlab.com\/wp-content\/uploads\/2024\/02\/club-el-rodeo2-300x239.jpg 300w, https:\/\/mdeurbanlab.com\/wp-content\/uploads\/2024\/02\/club-el-rodeo2-768x611.jpg 768w, https:\/\/mdeurbanlab.com\/wp-content\/uploads\/2024\/02\/club-el-rodeo2-15x12.jpg 15w\" sizes=\"(max-width: 800px) 100vw, 800px\" \/>\t\t\t\t\t\t\t\t\t\t\t\t\t<\/div>\n\t\t\t\t<\/div>\n\t\t\t\t<div class=\"elementor-element elementor-element-3d32e0d elementor-widget elementor-widget-text-editor\" data-id=\"3d32e0d\" data-element_type=\"widget\" data-widget_type=\"text-editor.default\">\n\t\t\t\t<div class=\"elementor-widget-container\">\n\t\t\t\t\t\t\t<p>En el caso de La Macarena, existen procesos de parcelaci\u00f3n o servidumbres como tambi\u00e9n cambios en el entorno del llamado Callej\u00f3n de los Hurtado, Procter and Gamble, Flores El Capiro, as\u00ed como en los corredores suburbanos vecinos, entre otros, cuyas din\u00e1micas exigen capacidad de gesti\u00f3n normativa sobre instrumentos de ordenamiento territorial en cada uno de los municipios (Medell\u00edn, Rionegro y Marinilla) en los cuales se encuentran los predios.<\/p>\t\t\t\t\t\t<\/div>\n\t\t\t\t<\/div>\n\t\t\t\t\t<\/div>\n\t\t<\/div>\n\t\t\t\t<div class=\"elementor-column elementor-col-66 elementor-top-column elementor-element elementor-element-66e8adc\" data-id=\"66e8adc\" data-element_type=\"column\">\n\t\t\t<div class=\"elementor-widget-wrap elementor-element-populated\">\n\t\t\t\t\t\t<div class=\"elementor-element elementor-element-9ca71a4 elementor-widget elementor-widget-image\" data-id=\"9ca71a4\" data-element_type=\"widget\" data-widget_type=\"image.default\">\n\t\t\t\t<div class=\"elementor-widget-container\">\n\t\t\t\t\t\t\t\t\t\t\t\t\t<img decoding=\"async\" width=\"800\" height=\"459\" src=\"https:\/\/mdeurbanlab.com\/wp-content\/uploads\/2024\/02\/club-el-rodeo3.jpg\" class=\"attachment-large size-large wp-image-2132\" alt=\"\" srcset=\"https:\/\/mdeurbanlab.com\/wp-content\/uploads\/2024\/02\/club-el-rodeo3.jpg 800w, https:\/\/mdeurbanlab.com\/wp-content\/uploads\/2024\/02\/club-el-rodeo3-300x172.jpg 300w, https:\/\/mdeurbanlab.com\/wp-content\/uploads\/2024\/02\/club-el-rodeo3-768x441.jpg 768w, https:\/\/mdeurbanlab.com\/wp-content\/uploads\/2024\/02\/club-el-rodeo3-18x10.jpg 18w\" sizes=\"(max-width: 800px) 100vw, 800px\" \/>\t\t\t\t\t\t\t\t\t\t\t\t\t<\/div>\n\t\t\t\t<\/div>\n\t\t\t\t<div class=\"elementor-element elementor-element-f606808 elementor-widget elementor-widget-text-editor\" data-id=\"f606808\" data-element_type=\"widget\" data-widget_type=\"text-editor.default\">\n\t\t\t\t<div class=\"elementor-widget-container\">\n\t\t\t\t\t\t\t<p><br \/>El equipo de MDE Urban Lab desarrolla un an\u00e1lisis de inteligencia territorial en cada uno de los municipios considerando oportunidades, presiones y\/o amenazas; tales como las din\u00e1micas de urbanizaci\u00f3n que requieren cada vez m\u00e1s fajas de cesi\u00f3n, presiones de usos del suelo (procesos de densificaci\u00f3n, presencia de grandes superficies comerciales, actividades intensivas desde lo ambiental y social no compatibles con el club), presiones del estatuto tributario municipal que generan un riesgo para el flujo financiero y el incremento del inter\u00e9s por la localizaci\u00f3n estrat\u00e9gica de los predios conforme al modelo de ocupaci\u00f3n de las entidades territoriales, que debe capitalizar tanto intereses comunes de ciudad como del club.<\/p><p>Para esto se realiza un diagn\u00f3stico t\u00e9cnico que permita formular un planteamiento estrat\u00e9gico consensuado, que oriente en el tiempo las decisiones del club, y establezca un adecuado relacionamiento con actores como el Metro de Medell\u00edn, la Alcald\u00eda de Medell\u00edn y Rionegro, el \u00c1rea Metropolitana del Valle de Aburr\u00e1 entre otros, con el fin de preservar de la mejor manera el inter\u00e9s colectivo y la estabilidad de la instituci\u00f3n y al mismo tiempo maximizar la valoraci\u00f3n y rentabilidad del portafolio inmobiliario.<\/p>\t\t\t\t\t\t<\/div>\n\t\t\t\t<\/div>\n\t\t\t\t\t<\/div>\n\t\t<\/div>\n\t\t\t\t\t<\/div>\n\t\t<\/section>\n\t\t\t\t<\/div>","protected":false},"excerpt":{"rendered":"<p>Planificaci\u00f3n de acciones estrat\u00e9gicas para la creaci\u00f3n de valor sostenible de los activos inmobiliarios del Club El Rodeo. Ubicaci\u00f3n: municipios de Medell\u00edn y Rionegro, Colombia Los activos inmobiliarios propiedad del Club el Rodeo en la ciudad de Medell\u00edn y La Macarena, en Rionegro, son bienes de alto valor estrat\u00e9gico, gracias a sus atributos paisaj\u00edsticos, ambientales, &hellip;<\/p>\n<p class=\"read-more\"> <a class=\"\" href=\"https:\/\/mdeurbanlab.com\/en\/club-el-rodeo\/\"> <span class=\"screen-reader-text\">Club El Rodeo<\/span> Read More &raquo;<\/a><\/p>","protected":false},"author":1,"featured_media":0,"parent":0,"menu_order":0,"comment_status":"closed","ping_status":"closed","template":"","meta":{"site-sidebar-layout":"no-sidebar","site-content-layout":"page-builder","ast-global-header-display":"","ast-banner-title-visibility":"","ast-main-header-display":"","ast-hfb-above-header-display":"","ast-hfb-below-header-display":"","ast-hfb-mobile-header-display":"","site-post-title":"disabled","ast-breadcrumbs-content":"","ast-featured-img":"disabled","footer-sml-layout":"","theme-transparent-header-meta":"","adv-header-id-meta":"","stick-header-meta":"","header-above-stick-meta":"","header-main-stick-meta":"","header-below-stick-meta":"","footnotes":""},"class_list":["post-2128","page","type-page","status-publish","hentry"],"_links":{"self":[{"href":"https:\/\/mdeurbanlab.com\/en\/wp-json\/wp\/v2\/pages\/2128"}],"collection":[{"href":"https:\/\/mdeurbanlab.com\/en\/wp-json\/wp\/v2\/pages"}],"about":[{"href":"https:\/\/mdeurbanlab.com\/en\/wp-json\/wp\/v2\/types\/page"}],"author":[{"embeddable":true,"href":"https:\/\/mdeurbanlab.com\/en\/wp-json\/wp\/v2\/users\/1"}],"replies":[{"embeddable":true,"href":"https:\/\/mdeurbanlab.com\/en\/wp-json\/wp\/v2\/comments?post=2128"}],"version-history":[{"count":10,"href":"https:\/\/mdeurbanlab.com\/en\/wp-json\/wp\/v2\/pages\/2128\/revisions"}],"predecessor-version":[{"id":2143,"href":"https:\/\/mdeurbanlab.com\/en\/wp-json\/wp\/v2\/pages\/2128\/revisions\/2143"}],"wp:attachment":[{"href":"https:\/\/mdeurbanlab.com\/en\/wp-json\/wp\/v2\/media?parent=2128"}],"curies":[{"name":"wp","href":"https:\/\/api.w.org\/{rel}","templated":true}]}}