{"id":2147,"date":"2024-02-29T18:04:16","date_gmt":"2024-02-29T23:04:16","guid":{"rendered":"https:\/\/mdeurbanlab.com\/?page_id=2147"},"modified":"2024-02-29T18:19:50","modified_gmt":"2024-02-29T23:19:50","slug":"estudio-urbanisticoibague","status":"publish","type":"page","link":"https:\/\/mdeurbanlab.com\/en\/estudio-urbanisticoibague\/","title":{"rendered":"Estudio urban\u00edstico,Ibagu\u00e9"},"content":{"rendered":"<div data-elementor-type=\"wp-page\" data-elementor-id=\"2147\" class=\"elementor elementor-2147\">\n\t\t\t\t\t\t<section class=\"elementor-section elementor-top-section elementor-element elementor-element-163f5d3 elementor-section-height-min-height elementor-section-boxed elementor-section-height-default elementor-section-items-middle\" data-id=\"163f5d3\" data-element_type=\"section\" data-settings=\"{&quot;background_background&quot;:&quot;classic&quot;}\">\n\t\t\t\t\t\t\t<div class=\"elementor-background-overlay\"><\/div>\n\t\t\t\t\t\t\t<div class=\"elementor-container elementor-column-gap-default\">\n\t\t\t\t\t<div class=\"elementor-column elementor-col-100 elementor-top-column elementor-element elementor-element-f6d31af\" data-id=\"f6d31af\" data-element_type=\"column\">\n\t\t\t<div class=\"elementor-widget-wrap elementor-element-populated\">\n\t\t\t\t\t\t<div class=\"elementor-element elementor-element-3462963 elementor-widget elementor-widget-spacer\" data-id=\"3462963\" data-element_type=\"widget\" data-widget_type=\"spacer.default\">\n\t\t\t\t<div class=\"elementor-widget-container\">\n\t\t\t\t\t<div class=\"elementor-spacer\">\n\t\t\t<div class=\"elementor-spacer-inner\"><\/div>\n\t\t<\/div>\n\t\t\t\t<\/div>\n\t\t\t\t<\/div>\n\t\t\t\t\t<\/div>\n\t\t<\/div>\n\t\t\t\t\t<\/div>\n\t\t<\/section>\n\t\t\t\t<section class=\"elementor-section elementor-top-section elementor-element elementor-element-3e00b27 elementor-section-boxed elementor-section-height-default elementor-section-height-default\" data-id=\"3e00b27\" data-element_type=\"section\">\n\t\t\t\t\t\t<div class=\"elementor-container elementor-column-gap-default\">\n\t\t\t\t\t<div class=\"elementor-column elementor-col-33 elementor-top-column elementor-element elementor-element-81163dd\" data-id=\"81163dd\" data-element_type=\"column\">\n\t\t\t<div class=\"elementor-widget-wrap elementor-element-populated\">\n\t\t\t\t\t\t<div class=\"elementor-element elementor-element-acc5472 elementor-widget elementor-widget-image\" data-id=\"acc5472\" data-element_type=\"widget\" data-widget_type=\"image.default\">\n\t\t\t\t<div class=\"elementor-widget-container\">\n\t\t\t\t\t\t\t\t\t\t\t\t\t<img fetchpriority=\"high\" decoding=\"async\" width=\"800\" height=\"1057\" src=\"https:\/\/mdeurbanlab.com\/wp-content\/uploads\/2024\/02\/buenos-aires-ibague.jpg\" class=\"attachment-full size-full wp-image-2149\" alt=\"\" srcset=\"https:\/\/mdeurbanlab.com\/wp-content\/uploads\/2024\/02\/buenos-aires-ibague.jpg 800w, https:\/\/mdeurbanlab.com\/wp-content\/uploads\/2024\/02\/buenos-aires-ibague-227x300.jpg 227w, https:\/\/mdeurbanlab.com\/wp-content\/uploads\/2024\/02\/buenos-aires-ibague-775x1024.jpg 775w, https:\/\/mdeurbanlab.com\/wp-content\/uploads\/2024\/02\/buenos-aires-ibague-768x1015.jpg 768w, https:\/\/mdeurbanlab.com\/wp-content\/uploads\/2024\/02\/buenos-aires-ibague-9x12.jpg 9w\" sizes=\"(max-width: 800px) 100vw, 800px\" \/>\t\t\t\t\t\t\t\t\t\t\t\t\t<\/div>\n\t\t\t\t<\/div>\n\t\t\t\t\t<\/div>\n\t\t<\/div>\n\t\t\t\t<div class=\"elementor-column elementor-col-66 elementor-top-column elementor-element elementor-element-17f391f\" data-id=\"17f391f\" data-element_type=\"column\">\n\t\t\t<div class=\"elementor-widget-wrap elementor-element-populated\">\n\t\t\t\t\t\t<div class=\"elementor-element elementor-element-e07e125 elementor-widget elementor-widget-heading\" data-id=\"e07e125\" data-element_type=\"widget\" data-widget_type=\"heading.default\">\n\t\t\t\t<div class=\"elementor-widget-container\">\n\t\t\t<h2 class=\"elementor-heading-title elementor-size-default\">Estudio urban\u00edstico, inmobiliario y jur\u00eddico para el saneamiento de un predio rural en  Buenos Aires, Ibagu\u00e9.<\/h2>\t\t<\/div>\n\t\t\t\t<\/div>\n\t\t\t\t<div class=\"elementor-element elementor-element-b0ded78 elementor-widget elementor-widget-text-editor\" data-id=\"b0ded78\" data-element_type=\"widget\" data-widget_type=\"text-editor.default\">\n\t\t\t\t<div class=\"elementor-widget-container\">\n\t\t\t\t\t\t\t<p>Avicola triple A S.A.S \/Grupo BIOS<\/p>\t\t\t\t\t\t<\/div>\n\t\t\t\t<\/div>\n\t\t\t\t<div class=\"elementor-element elementor-element-c2eed35 elementor-widget elementor-widget-text-editor\" data-id=\"c2eed35\" data-element_type=\"widget\" data-widget_type=\"text-editor.default\">\n\t\t\t\t<div class=\"elementor-widget-container\">\n\t\t\t\t\t\t\t<p>Ubicaci\u00f3n: municipio de Ibagu\u00e9, Colombia<\/p>\t\t\t\t\t\t<\/div>\n\t\t\t\t<\/div>\n\t\t\t\t<div class=\"elementor-element elementor-element-1b49878 elementor-widget elementor-widget-image\" data-id=\"1b49878\" data-element_type=\"widget\" data-widget_type=\"image.default\">\n\t\t\t\t<div class=\"elementor-widget-container\">\n\t\t\t\t\t\t\t\t\t\t\t\t\t<img decoding=\"async\" width=\"300\" height=\"106\" src=\"https:\/\/mdeurbanlab.com\/wp-content\/uploads\/2024\/02\/14-300x106.png\" class=\"attachment-medium size-medium wp-image-2151\" alt=\"\" srcset=\"https:\/\/mdeurbanlab.com\/wp-content\/uploads\/2024\/02\/14-300x106.png 300w, https:\/\/mdeurbanlab.com\/wp-content\/uploads\/2024\/02\/14-18x6.png 18w, https:\/\/mdeurbanlab.com\/wp-content\/uploads\/2024\/02\/14.png 350w\" sizes=\"(max-width: 300px) 100vw, 300px\" \/>\t\t\t\t\t\t\t\t\t\t\t\t\t<\/div>\n\t\t\t\t<\/div>\n\t\t\t\t<div class=\"elementor-element elementor-element-397b7e3 elementor-widget elementor-widget-text-editor\" data-id=\"397b7e3\" data-element_type=\"widget\" data-widget_type=\"text-editor.default\">\n\t\t\t\t<div class=\"elementor-widget-container\">\n\t\t\t\t\t\t\t<p>El Grupo empresarial BIOS es una compa\u00f1\u00eda l\u00edder del sector agroindustrial en Colombia cuyo enfoque es participar activamente en todos los eslabones de la cadena de prote\u00edna y tiene como prop\u00f3sito superior el desarrollo del campo colombiano. Es por esto que, en funci\u00f3n de sanear uno de sus predios ubicado en el centro poblado Buenos Aires en el municipio de Ibagu\u00e9, Tolima, desarrolla un an\u00e1lisis de alternativas a trav\u00e9s del cual se puedan establecer recomendaciones, acciones y procedimientos para dar soluci\u00f3n a la problem\u00e1tica de prestaci\u00f3n de servicios p\u00fablicos y saneamiento b\u00e1sico en el predio.<\/p><p>Para esto, el equipo MDE Urban Lab realiz\u00f3 un estudio que evidencia la situaci\u00f3n actual de la prestaci\u00f3n de servicios de agua potable y saneamiento b\u00e1sico en el centro poblado, proponiendo 7 alternativas para el suministro de agua y 2 alternativas para el saneamiento de las aguas residuales dom\u00e9sticas generadas con el c\u00e1lculo de sus respectivos costos, estas con el fin de ser exploradas para impulsar y\/o apalancar acciones comunitarias o gubernamentales que den soluci\u00f3n a la problem\u00e1tica presentada.<\/p>\t\t\t\t\t\t<\/div>\n\t\t\t\t<\/div>\n\t\t\t\t\t<\/div>\n\t\t<\/div>\n\t\t\t\t\t<\/div>\n\t\t<\/section>\n\t\t\t\t<\/div>","protected":false},"excerpt":{"rendered":"<p>Estudio urban\u00edstico, inmobiliario y jur\u00eddico para el saneamiento de un predio rural en Buenos Aires, Ibagu\u00e9. Avicola triple A S.A.S \/Grupo BIOS Ubicaci\u00f3n: municipio de Ibagu\u00e9, Colombia El Grupo empresarial BIOS es una compa\u00f1\u00eda l\u00edder del sector agroindustrial en Colombia cuyo enfoque es participar activamente en todos los eslabones de la cadena de prote\u00edna y &hellip;<\/p>\n<p class=\"read-more\"> <a class=\"\" href=\"https:\/\/mdeurbanlab.com\/en\/estudio-urbanisticoibague\/\"> <span class=\"screen-reader-text\">Estudio urban\u00edstico,Ibagu\u00e9<\/span> Read More &raquo;<\/a><\/p>","protected":false},"author":1,"featured_media":0,"parent":0,"menu_order":0,"comment_status":"closed","ping_status":"closed","template":"","meta":{"site-sidebar-layout":"no-sidebar","site-content-layout":"page-builder","ast-global-header-display":"","ast-banner-title-visibility":"","ast-main-header-display":"","ast-hfb-above-header-display":"","ast-hfb-below-header-display":"","ast-hfb-mobile-header-display":"","site-post-title":"disabled","ast-breadcrumbs-content":"","ast-featured-img":"disabled","footer-sml-layout":"","theme-transparent-header-meta":"","adv-header-id-meta":"","stick-header-meta":"","header-above-stick-meta":"","header-main-stick-meta":"","header-below-stick-meta":"","footnotes":""},"class_list":["post-2147","page","type-page","status-publish","hentry"],"_links":{"self":[{"href":"https:\/\/mdeurbanlab.com\/en\/wp-json\/wp\/v2\/pages\/2147"}],"collection":[{"href":"https:\/\/mdeurbanlab.com\/en\/wp-json\/wp\/v2\/pages"}],"about":[{"href":"https:\/\/mdeurbanlab.com\/en\/wp-json\/wp\/v2\/types\/page"}],"author":[{"embeddable":true,"href":"https:\/\/mdeurbanlab.com\/en\/wp-json\/wp\/v2\/users\/1"}],"replies":[{"embeddable":true,"href":"https:\/\/mdeurbanlab.com\/en\/wp-json\/wp\/v2\/comments?post=2147"}],"version-history":[{"count":4,"href":"https:\/\/mdeurbanlab.com\/en\/wp-json\/wp\/v2\/pages\/2147\/revisions"}],"predecessor-version":[{"id":2155,"href":"https:\/\/mdeurbanlab.com\/en\/wp-json\/wp\/v2\/pages\/2147\/revisions\/2155"}],"wp:attachment":[{"href":"https:\/\/mdeurbanlab.com\/en\/wp-json\/wp\/v2\/media?parent=2147"}],"curies":[{"name":"wp","href":"https:\/\/api.w.org\/{rel}","templated":true}]}}