{"id":2159,"date":"2024-02-29T18:35:30","date_gmt":"2024-02-29T23:35:30","guid":{"rendered":"https:\/\/mdeurbanlab.com\/?page_id=2159"},"modified":"2024-02-29T21:02:24","modified_gmt":"2024-03-01T02:02:24","slug":"asesoria-en-sostenibilidad-y-cambio-climatico-antioquia","status":"publish","type":"page","link":"https:\/\/mdeurbanlab.com\/en\/asesoria-en-sostenibilidad-y-cambio-climatico-antioquia\/","title":{"rendered":"Asesor\u00eda en sostenibilidad y cambio clim\u00e1tico Antioquia"},"content":{"rendered":"<div data-elementor-type=\"wp-page\" data-elementor-id=\"2159\" class=\"elementor elementor-2159\">\n\t\t\t\t\t\t<section class=\"elementor-section elementor-top-section elementor-element elementor-element-163f5d3 elementor-section-height-min-height elementor-section-boxed elementor-section-height-default elementor-section-items-middle\" data-id=\"163f5d3\" data-element_type=\"section\" data-settings=\"{&quot;background_background&quot;:&quot;classic&quot;}\">\n\t\t\t\t\t\t\t<div class=\"elementor-background-overlay\"><\/div>\n\t\t\t\t\t\t\t<div class=\"elementor-container elementor-column-gap-default\">\n\t\t\t\t\t<div class=\"elementor-column elementor-col-100 elementor-top-column elementor-element elementor-element-f6d31af\" data-id=\"f6d31af\" data-element_type=\"column\">\n\t\t\t<div class=\"elementor-widget-wrap elementor-element-populated\">\n\t\t\t\t\t\t<div class=\"elementor-element elementor-element-3462963 elementor-widget elementor-widget-spacer\" data-id=\"3462963\" data-element_type=\"widget\" data-widget_type=\"spacer.default\">\n\t\t\t\t<div class=\"elementor-widget-container\">\n\t\t\t\t\t<div class=\"elementor-spacer\">\n\t\t\t<div class=\"elementor-spacer-inner\"><\/div>\n\t\t<\/div>\n\t\t\t\t<\/div>\n\t\t\t\t<\/div>\n\t\t\t\t\t<\/div>\n\t\t<\/div>\n\t\t\t\t\t<\/div>\n\t\t<\/section>\n\t\t\t\t<section class=\"elementor-section elementor-top-section elementor-element elementor-element-3e00b27 elementor-section-boxed elementor-section-height-default elementor-section-height-default\" data-id=\"3e00b27\" data-element_type=\"section\">\n\t\t\t\t\t\t<div class=\"elementor-container elementor-column-gap-default\">\n\t\t\t\t\t<div class=\"elementor-column elementor-col-33 elementor-top-column elementor-element elementor-element-81163dd\" data-id=\"81163dd\" data-element_type=\"column\">\n\t\t\t<div class=\"elementor-widget-wrap elementor-element-populated\">\n\t\t\t\t\t\t<div class=\"elementor-element elementor-element-acc5472 elementor-widget elementor-widget-image\" data-id=\"acc5472\" data-element_type=\"widget\" data-widget_type=\"image.default\">\n\t\t\t\t<div class=\"elementor-widget-container\">\n\t\t\t\t\t\t\t\t\t\t\t\t\t<img fetchpriority=\"high\" decoding=\"async\" width=\"800\" height=\"1080\" src=\"https:\/\/mdeurbanlab.com\/wp-content\/uploads\/2024\/02\/plan-maestro-de-transporte-y-logistica.jpg\" class=\"attachment-full size-full wp-image-2215\" alt=\"\" srcset=\"https:\/\/mdeurbanlab.com\/wp-content\/uploads\/2024\/02\/plan-maestro-de-transporte-y-logistica.jpg 800w, https:\/\/mdeurbanlab.com\/wp-content\/uploads\/2024\/02\/plan-maestro-de-transporte-y-logistica-222x300.jpg 222w, https:\/\/mdeurbanlab.com\/wp-content\/uploads\/2024\/02\/plan-maestro-de-transporte-y-logistica-759x1024.jpg 759w, https:\/\/mdeurbanlab.com\/wp-content\/uploads\/2024\/02\/plan-maestro-de-transporte-y-logistica-768x1037.jpg 768w, https:\/\/mdeurbanlab.com\/wp-content\/uploads\/2024\/02\/plan-maestro-de-transporte-y-logistica-9x12.jpg 9w\" sizes=\"(max-width: 800px) 100vw, 800px\" \/>\t\t\t\t\t\t\t\t\t\t\t\t\t<\/div>\n\t\t\t\t<\/div>\n\t\t\t\t\t<\/div>\n\t\t<\/div>\n\t\t\t\t<div class=\"elementor-column elementor-col-66 elementor-top-column elementor-element elementor-element-17f391f\" data-id=\"17f391f\" data-element_type=\"column\">\n\t\t\t<div class=\"elementor-widget-wrap elementor-element-populated\">\n\t\t\t\t\t\t<div class=\"elementor-element elementor-element-e07e125 elementor-widget elementor-widget-heading\" data-id=\"e07e125\" data-element_type=\"widget\" data-widget_type=\"heading.default\">\n\t\t\t\t<div class=\"elementor-widget-container\">\n\t\t\t<h2 class=\"elementor-heading-title elementor-size-default\">Asesor\u00eda en sostenibilidad y cambio       clim\u00e1tico del Plan Mestro de Transporte y Log\u00edstica de Antioquia PMTLA.<\/h2>\t\t<\/div>\n\t\t\t\t<\/div>\n\t\t\t\t<div class=\"elementor-element elementor-element-b0ded78 elementor-widget elementor-widget-text-editor\" data-id=\"b0ded78\" data-element_type=\"widget\" data-widget_type=\"text-editor.default\">\n\t\t\t\t<div class=\"elementor-widget-container\">\n\t\t\t\t\t\t\t<p>Promotora Ferrocarril de Antioquia<\/p>\t\t\t\t\t\t<\/div>\n\t\t\t\t<\/div>\n\t\t\t\t<div class=\"elementor-element elementor-element-c2eed35 elementor-widget elementor-widget-text-editor\" data-id=\"c2eed35\" data-element_type=\"widget\" data-widget_type=\"text-editor.default\">\n\t\t\t\t<div class=\"elementor-widget-container\">\n\t\t\t\t\t\t\t<p>Ubicaci\u00f3n: Departamento de Antioquia, Colombia<\/p>\t\t\t\t\t\t<\/div>\n\t\t\t\t<\/div>\n\t\t\t\t<div class=\"elementor-element elementor-element-397b7e3 elementor-widget elementor-widget-text-editor\" data-id=\"397b7e3\" data-element_type=\"widget\" data-widget_type=\"text-editor.default\">\n\t\t\t\t<div class=\"elementor-widget-container\">\n\t\t\t\t\t\t\t<p>La infraestructura de transporte y log\u00edstica es detonante del desarrollo de Antioquia. El departamento es una regi\u00f3n en transformaci\u00f3n, la consolidaci\u00f3n de la red de v\u00edas 4G y 5G, corredores f\u00e9rreos, puertos mar\u00edtimos y fluviales, entre otras grandes obras, demandan acciones coordinadas para actuar frente a una nueva realidad del territorio.<\/p><p>El PMLTA se constituye como una hoja de ruta para la inversi\u00f3n efectiva en la infraestructura de transporte y log\u00edstica para el departamento. La red de transporte multimodal propuesta por el PMTLA busca aprovechar los beneficios de cada modo, para facilitar los desplazamientos de bienes y personas, generando eficiencias y aportando a la mitigaci\u00f3n de impactos derivados del transporte.<\/p><p>El Plan propone una meta que integra los siguientes modos de transporte, los cuales tienen incidencia en las escalas local, regional y nacional.<\/p>\t\t\t\t\t\t<\/div>\n\t\t\t\t<\/div>\n\t\t\t\t<div class=\"elementor-element elementor-element-eb35b34 elementor-hidden-mobile elementor-widget elementor-widget-image\" data-id=\"eb35b34\" data-element_type=\"widget\" data-widget_type=\"image.default\">\n\t\t\t\t<div class=\"elementor-widget-container\">\n\t\t\t\t\t\t\t\t\t\t\t\t\t<img decoding=\"async\" width=\"800\" height=\"315\" src=\"https:\/\/mdeurbanlab.com\/wp-content\/uploads\/2024\/02\/19.png\" class=\"attachment-large size-large wp-image-2161\" alt=\"\" srcset=\"https:\/\/mdeurbanlab.com\/wp-content\/uploads\/2024\/02\/19.png 800w, https:\/\/mdeurbanlab.com\/wp-content\/uploads\/2024\/02\/19-300x118.png 300w, https:\/\/mdeurbanlab.com\/wp-content\/uploads\/2024\/02\/19-768x302.png 768w, https:\/\/mdeurbanlab.com\/wp-content\/uploads\/2024\/02\/19-18x7.png 18w\" sizes=\"(max-width: 800px) 100vw, 800px\" \/>\t\t\t\t\t\t\t\t\t\t\t\t\t<\/div>\n\t\t\t\t<\/div>\n\t\t\t\t<div class=\"elementor-element elementor-element-057f6d3 elementor-hidden-desktop elementor-hidden-tablet elementor-widget elementor-widget-image\" data-id=\"057f6d3\" data-element_type=\"widget\" data-widget_type=\"image.default\">\n\t\t\t\t<div class=\"elementor-widget-container\">\n\t\t\t\t\t\t\t\t\t\t\t\t\t<img decoding=\"async\" width=\"580\" height=\"948\" src=\"https:\/\/mdeurbanlab.com\/wp-content\/uploads\/2024\/02\/20-cel.png\" class=\"attachment-large size-large wp-image-2166\" alt=\"\" srcset=\"https:\/\/mdeurbanlab.com\/wp-content\/uploads\/2024\/02\/20-cel.png 580w, https:\/\/mdeurbanlab.com\/wp-content\/uploads\/2024\/02\/20-cel-184x300.png 184w, https:\/\/mdeurbanlab.com\/wp-content\/uploads\/2024\/02\/20-cel-7x12.png 7w\" sizes=\"(max-width: 580px) 100vw, 580px\" \/>\t\t\t\t\t\t\t\t\t\t\t\t\t<\/div>\n\t\t\t\t<\/div>\n\t\t\t\t\t<\/div>\n\t\t<\/div>\n\t\t\t\t\t<\/div>\n\t\t<\/section>\n\t\t\t\t<section class=\"elementor-section elementor-top-section elementor-element elementor-element-0577275 elementor-section-boxed elementor-section-height-default elementor-section-height-default\" data-id=\"0577275\" data-element_type=\"section\">\n\t\t\t\t\t\t<div class=\"elementor-container elementor-column-gap-default\">\n\t\t\t\t\t<div class=\"elementor-column elementor-col-33 elementor-top-column elementor-element elementor-element-0e9b4b3\" data-id=\"0e9b4b3\" data-element_type=\"column\">\n\t\t\t<div class=\"elementor-widget-wrap elementor-element-populated\">\n\t\t\t\t\t\t<div class=\"elementor-element elementor-element-a36d6d5 elementor-widget elementor-widget-image\" data-id=\"a36d6d5\" data-element_type=\"widget\" data-widget_type=\"image.default\">\n\t\t\t\t<div class=\"elementor-widget-container\">\n\t\t\t\t\t\t\t\t\t\t\t\t\t<img loading=\"lazy\" decoding=\"async\" width=\"800\" height=\"562\" src=\"https:\/\/mdeurbanlab.com\/wp-content\/uploads\/2024\/02\/asesoria-en-cambio-climatico.jpg\" class=\"attachment-full size-full wp-image-2170\" alt=\"\" srcset=\"https:\/\/mdeurbanlab.com\/wp-content\/uploads\/2024\/02\/asesoria-en-cambio-climatico.jpg 800w, https:\/\/mdeurbanlab.com\/wp-content\/uploads\/2024\/02\/asesoria-en-cambio-climatico-300x211.jpg 300w, https:\/\/mdeurbanlab.com\/wp-content\/uploads\/2024\/02\/asesoria-en-cambio-climatico-768x540.jpg 768w, https:\/\/mdeurbanlab.com\/wp-content\/uploads\/2024\/02\/asesoria-en-cambio-climatico-18x12.jpg 18w\" sizes=\"(max-width: 800px) 100vw, 800px\" \/>\t\t\t\t\t\t\t\t\t\t\t\t\t<\/div>\n\t\t\t\t<\/div>\n\t\t\t\t<div class=\"elementor-element elementor-element-02111d5 elementor-widget elementor-widget-text-editor\" data-id=\"02111d5\" data-element_type=\"widget\" data-widget_type=\"text-editor.default\">\n\t\t\t\t<div class=\"elementor-widget-container\">\n\t\t\t\t\t\t\t<p>La acci\u00f3n clim\u00e1tica en el departamento de Antioquia se materializa a trav\u00e9s de instrumentos como el PICCA (Plan Integral de Cambio Clim\u00e1tico de Antioquia), la declaratoria de Emergencia Clim\u00e1tica, la adopci\u00f3n de los ODS (Objetivos de Desarrollo Sostenible) y la Agenda Antioquia 2040.<\/p><p>El PICCA aporta a trav\u00e9s de su visi\u00f3n la primera aproximaci\u00f3n a la perspectiva de un territorio sostenible y con un modelo de desarrollo alineado con las agendas internacionales de cambio clim\u00e1tico, y es el detonante para la definici\u00f3n de los pasos a trav\u00e9s de los cuales se emprende el camino hacia el carbono neutro en el departamento para el 2050.<\/p>\t\t\t\t\t\t<\/div>\n\t\t\t\t<\/div>\n\t\t\t\t<div class=\"elementor-element elementor-element-c296c79 elementor-widget elementor-widget-text-editor\" data-id=\"c296c79\" data-element_type=\"widget\" data-widget_type=\"text-editor.default\">\n\t\t\t\t<div class=\"elementor-widget-container\">\n\t\t\t\t\t\t\t<p><strong>Camino hacia Antioquia Carbono Neutro 2050<\/strong><\/p>\t\t\t\t\t\t<\/div>\n\t\t\t\t<\/div>\n\t\t\t\t<div class=\"elementor-element elementor-element-3cb0b53 elementor-widget elementor-widget-image\" data-id=\"3cb0b53\" data-element_type=\"widget\" data-widget_type=\"image.default\">\n\t\t\t\t<div class=\"elementor-widget-container\">\n\t\t\t\t\t\t\t\t\t\t\t\t\t<img loading=\"lazy\" decoding=\"async\" width=\"800\" height=\"165\" src=\"https:\/\/mdeurbanlab.com\/wp-content\/uploads\/2024\/02\/21.png\" class=\"attachment-large size-large wp-image-2172\" alt=\"\" srcset=\"https:\/\/mdeurbanlab.com\/wp-content\/uploads\/2024\/02\/21.png 800w, https:\/\/mdeurbanlab.com\/wp-content\/uploads\/2024\/02\/21-300x62.png 300w, https:\/\/mdeurbanlab.com\/wp-content\/uploads\/2024\/02\/21-768x158.png 768w, https:\/\/mdeurbanlab.com\/wp-content\/uploads\/2024\/02\/21-18x4.png 18w\" sizes=\"(max-width: 800px) 100vw, 800px\" \/>\t\t\t\t\t\t\t\t\t\t\t\t\t<\/div>\n\t\t\t\t<\/div>\n\t\t\t\t\t<\/div>\n\t\t<\/div>\n\t\t\t\t<div class=\"elementor-column elementor-col-66 elementor-top-column elementor-element elementor-element-f9a27aa\" data-id=\"f9a27aa\" data-element_type=\"column\">\n\t\t\t<div class=\"elementor-widget-wrap elementor-element-populated\">\n\t\t\t\t\t\t<div class=\"elementor-element elementor-element-b251264 elementor-widget elementor-widget-text-editor\" data-id=\"b251264\" data-element_type=\"widget\" data-widget_type=\"text-editor.default\">\n\t\t\t\t<div class=\"elementor-widget-container\">\n\t\t\t\t\t\t\t<p>El enfoque de las intervenciones propuestas en la hoja de ruta del Plan Maestro de Transporte y Log\u00edstica de Antioquia consiste en brindar al territorio condiciones de resiliencia, eficiencia, equidad y sostenibilidad, a trav\u00e9s de la infraestructura de transporte y log\u00edstica, con proyectos que se articulan con los objetivos del departamento y respondan a las necesidades y deseos de los habitantes de los municipios que conforman sus subregiones.<\/p><p>El PMTLA propone el desarrollo de una red completa de transporte y log\u00edstica que impacta todo el territorio antioque\u00f1o, considerando las necesidades y potencialidades de los habitantes de las subregiones, soportando e impulsando el cumplimiento de la visi\u00f3n territorial definida:<\/p>\t\t\t\t\t\t<\/div>\n\t\t\t\t<\/div>\n\t\t\t\t<div class=\"elementor-element elementor-element-9e2719d elementor-position-left elementor-vertical-align-middle elementor-widget elementor-widget-image-box\" data-id=\"9e2719d\" data-element_type=\"widget\" data-widget_type=\"image-box.default\">\n\t\t\t\t<div class=\"elementor-widget-container\">\n\t\t\t<div class=\"elementor-image-box-wrapper\"><figure class=\"elementor-image-box-img\"><img loading=\"lazy\" decoding=\"async\" width=\"150\" height=\"150\" src=\"https:\/\/mdeurbanlab.com\/wp-content\/uploads\/2024\/02\/15.png\" class=\"attachment-medium size-medium wp-image-2162\" alt=\"\" srcset=\"https:\/\/mdeurbanlab.com\/wp-content\/uploads\/2024\/02\/15.png 150w, https:\/\/mdeurbanlab.com\/wp-content\/uploads\/2024\/02\/15-12x12.png 12w\" sizes=\"(max-width: 150px) 100vw, 150px\" \/><\/figure><div class=\"elementor-image-box-content\"><h3 class=\"elementor-image-box-title\">ODS 01. FIN DE LA POBREZA<\/h3><p class=\"elementor-image-box-description\">Las infraestructuras de transporte generan un impacto positivo en la disminuci\u00f3n de la          pobreza al brindar accesibilidad a servicios y oportunidades de desarrollo econ\u00f3mico.<\/p><\/div><\/div>\t\t<\/div>\n\t\t\t\t<\/div>\n\t\t\t\t<div class=\"elementor-element elementor-element-61dd625 elementor-position-left elementor-vertical-align-middle elementor-widget elementor-widget-image-box\" data-id=\"61dd625\" data-element_type=\"widget\" data-widget_type=\"image-box.default\">\n\t\t\t\t<div class=\"elementor-widget-container\">\n\t\t\t<div class=\"elementor-image-box-wrapper\"><figure class=\"elementor-image-box-img\"><img loading=\"lazy\" decoding=\"async\" width=\"150\" height=\"150\" src=\"https:\/\/mdeurbanlab.com\/wp-content\/uploads\/2024\/02\/16.png\" class=\"attachment-medium size-medium wp-image-2163\" alt=\"\" srcset=\"https:\/\/mdeurbanlab.com\/wp-content\/uploads\/2024\/02\/16.png 150w, https:\/\/mdeurbanlab.com\/wp-content\/uploads\/2024\/02\/16-12x12.png 12w\" sizes=\"(max-width: 150px) 100vw, 150px\" \/><\/figure><div class=\"elementor-image-box-content\"><h3 class=\"elementor-image-box-title\">ODS 03. SALUD Y BIENESTAR<\/h3><p class=\"elementor-image-box-description\">Los proyectos mejorar\u00e1n las condiciones de seguridad y circulaci\u00f3n para los usuarios de modos activos y motorizados.<\/p><\/div><\/div>\t\t<\/div>\n\t\t\t\t<\/div>\n\t\t\t\t<div class=\"elementor-element elementor-element-fee4db6 elementor-position-left elementor-vertical-align-middle elementor-widget elementor-widget-image-box\" data-id=\"fee4db6\" data-element_type=\"widget\" data-widget_type=\"image-box.default\">\n\t\t\t\t<div class=\"elementor-widget-container\">\n\t\t\t<div class=\"elementor-image-box-wrapper\"><figure class=\"elementor-image-box-img\"><img loading=\"lazy\" decoding=\"async\" width=\"150\" height=\"150\" src=\"https:\/\/mdeurbanlab.com\/wp-content\/uploads\/2024\/02\/17.png\" class=\"attachment-medium size-medium wp-image-2164\" alt=\"\" srcset=\"https:\/\/mdeurbanlab.com\/wp-content\/uploads\/2024\/02\/17.png 150w, https:\/\/mdeurbanlab.com\/wp-content\/uploads\/2024\/02\/17-12x12.png 12w\" sizes=\"(max-width: 150px) 100vw, 150px\" \/><\/figure><div class=\"elementor-image-box-content\"><h3 class=\"elementor-image-box-title\">ODS 07. ENERG\u00cdA ASEQUIBLE Y NO CONTAMINANTE<\/h3><p class=\"elementor-image-box-description\">La proyecci\u00f3n de las necesidades de recarga en los corredores que conectan el departamento con las principales ciudades del pa\u00eds es clave para trazar la habilitaci\u00f3n de una oferta de recarga para distintas tipolog\u00edas veh\u00edculares, especialmente el\u00e9ctricos.<\/p><\/div><\/div>\t\t<\/div>\n\t\t\t\t<\/div>\n\t\t\t\t<div class=\"elementor-element elementor-element-8ffdb67 elementor-position-left elementor-vertical-align-middle elementor-widget elementor-widget-image-box\" data-id=\"8ffdb67\" data-element_type=\"widget\" data-widget_type=\"image-box.default\">\n\t\t\t\t<div class=\"elementor-widget-container\">\n\t\t\t<div class=\"elementor-image-box-wrapper\"><figure class=\"elementor-image-box-img\"><img loading=\"lazy\" decoding=\"async\" width=\"150\" height=\"150\" src=\"https:\/\/mdeurbanlab.com\/wp-content\/uploads\/2024\/02\/11.png\" class=\"attachment-medium size-medium wp-image-2107\" alt=\"\" srcset=\"https:\/\/mdeurbanlab.com\/wp-content\/uploads\/2024\/02\/11.png 150w, https:\/\/mdeurbanlab.com\/wp-content\/uploads\/2024\/02\/11-12x12.png 12w\" sizes=\"(max-width: 150px) 100vw, 150px\" \/><\/figure><div class=\"elementor-image-box-content\"><h3 class=\"elementor-image-box-title\">ODS 11. CIUDADES Y COMUNIDADES SOSTENIBLES<\/h3><p class=\"elementor-image-box-description\">La accesibilidad es una de las premisas del PMLTA para favorecer conexiones que en su    omisi\u00f3n han reforzado condiciones de segregaci\u00f3n y desigualdad.<\/p><\/div><\/div>\t\t<\/div>\n\t\t\t\t<\/div>\n\t\t\t\t<div class=\"elementor-element elementor-element-c0a8028 elementor-position-left elementor-vertical-align-middle elementor-widget elementor-widget-image-box\" data-id=\"c0a8028\" data-element_type=\"widget\" data-widget_type=\"image-box.default\">\n\t\t\t\t<div class=\"elementor-widget-container\">\n\t\t\t<div class=\"elementor-image-box-wrapper\"><figure class=\"elementor-image-box-img\"><img loading=\"lazy\" decoding=\"async\" width=\"150\" height=\"150\" src=\"https:\/\/mdeurbanlab.com\/wp-content\/uploads\/2024\/02\/18.png\" class=\"attachment-medium size-medium wp-image-2165\" alt=\"\" srcset=\"https:\/\/mdeurbanlab.com\/wp-content\/uploads\/2024\/02\/18.png 150w, https:\/\/mdeurbanlab.com\/wp-content\/uploads\/2024\/02\/18-12x12.png 12w\" sizes=\"(max-width: 150px) 100vw, 150px\" \/><\/figure><div class=\"elementor-image-box-content\"><h3 class=\"elementor-image-box-title\">ODS 13. ACCI\u00d3N POR EL CLIMA<\/h3><p class=\"elementor-image-box-description\">La valoraci\u00f3n de impacto de los proyectos en t\u00e9rminos de resiliencia y aporte a la reducci\u00f3n de emisiones (mitigaci\u00f3n y adaptaci\u00f3n), define la hoja de ruta para la implementaci\u00f3n de los proyectos con miras a la adaptaci\u00f3n a los efectos clim\u00e1ticos sobre la red de                       infraestructura de transporte.<\/p><\/div><\/div>\t\t<\/div>\n\t\t\t\t<\/div>\n\t\t\t\t\t<\/div>\n\t\t<\/div>\n\t\t\t\t\t<\/div>\n\t\t<\/section>\n\t\t\t\t<\/div>","protected":false},"excerpt":{"rendered":"<p>Asesor\u00eda en sostenibilidad y cambio clim\u00e1tico del Plan Mestro de Transporte y Log\u00edstica de Antioquia PMTLA. Promotora Ferrocarril de Antioquia Ubicaci\u00f3n: Departamento de Antioquia, Colombia La infraestructura de transporte y log\u00edstica es detonante del desarrollo de Antioquia. El departamento es una regi\u00f3n en transformaci\u00f3n, la consolidaci\u00f3n de la red de v\u00edas 4G y 5G, corredores &hellip;<\/p>\n<p class=\"read-more\"> <a class=\"\" href=\"https:\/\/mdeurbanlab.com\/en\/asesoria-en-sostenibilidad-y-cambio-climatico-antioquia\/\"> <span class=\"screen-reader-text\">Asesor\u00eda en sostenibilidad y cambio clim\u00e1tico Antioquia<\/span> Read More &raquo;<\/a><\/p>","protected":false},"author":1,"featured_media":0,"parent":0,"menu_order":0,"comment_status":"closed","ping_status":"closed","template":"","meta":{"site-sidebar-layout":"no-sidebar","site-content-layout":"page-builder","ast-global-header-display":"","ast-banner-title-visibility":"","ast-main-header-display":"","ast-hfb-above-header-display":"","ast-hfb-below-header-display":"","ast-hfb-mobile-header-display":"","site-post-title":"disabled","ast-breadcrumbs-content":"","ast-featured-img":"disabled","footer-sml-layout":"","theme-transparent-header-meta":"","adv-header-id-meta":"","stick-header-meta":"","header-above-stick-meta":"","header-main-stick-meta":"","header-below-stick-meta":"","footnotes":""},"class_list":["post-2159","page","type-page","status-publish","hentry"],"_links":{"self":[{"href":"https:\/\/mdeurbanlab.com\/en\/wp-json\/wp\/v2\/pages\/2159"}],"collection":[{"href":"https:\/\/mdeurbanlab.com\/en\/wp-json\/wp\/v2\/pages"}],"about":[{"href":"https:\/\/mdeurbanlab.com\/en\/wp-json\/wp\/v2\/types\/page"}],"author":[{"embeddable":true,"href":"https:\/\/mdeurbanlab.com\/en\/wp-json\/wp\/v2\/users\/1"}],"replies":[{"embeddable":true,"href":"https:\/\/mdeurbanlab.com\/en\/wp-json\/wp\/v2\/comments?post=2159"}],"version-history":[{"count":13,"href":"https:\/\/mdeurbanlab.com\/en\/wp-json\/wp\/v2\/pages\/2159\/revisions"}],"predecessor-version":[{"id":2218,"href":"https:\/\/mdeurbanlab.com\/en\/wp-json\/wp\/v2\/pages\/2159\/revisions\/2218"}],"wp:attachment":[{"href":"https:\/\/mdeurbanlab.com\/en\/wp-json\/wp\/v2\/media?parent=2159"}],"curies":[{"name":"wp","href":"https:\/\/api.w.org\/{rel}","templated":true}]}}