{"id":2183,"date":"2024-02-29T19:17:55","date_gmt":"2024-03-01T00:17:55","guid":{"rendered":"https:\/\/mdeurbanlab.com\/?page_id=2183"},"modified":"2024-02-29T19:33:33","modified_gmt":"2024-03-01T00:33:33","slug":"nueva-centralidad-regional-en-la-vereda-cauca-jerico","status":"publish","type":"page","link":"https:\/\/mdeurbanlab.com\/en\/nueva-centralidad-regional-en-la-vereda-cauca-jerico\/","title":{"rendered":"nueva centralidad regional en la vereda cauca, jerico"},"content":{"rendered":"<div data-elementor-type=\"wp-page\" data-elementor-id=\"2183\" class=\"elementor elementor-2183\">\n\t\t\t\t\t\t<section class=\"elementor-section elementor-top-section elementor-element elementor-element-163f5d3 elementor-section-height-min-height elementor-section-boxed elementor-section-height-default elementor-section-items-middle\" data-id=\"163f5d3\" data-element_type=\"section\" data-settings=\"{&quot;background_background&quot;:&quot;classic&quot;}\">\n\t\t\t\t\t\t\t<div class=\"elementor-background-overlay\"><\/div>\n\t\t\t\t\t\t\t<div class=\"elementor-container elementor-column-gap-default\">\n\t\t\t\t\t<div class=\"elementor-column elementor-col-100 elementor-top-column elementor-element elementor-element-f6d31af\" data-id=\"f6d31af\" data-element_type=\"column\">\n\t\t\t<div class=\"elementor-widget-wrap elementor-element-populated\">\n\t\t\t\t\t\t<div class=\"elementor-element elementor-element-3462963 elementor-widget elementor-widget-spacer\" data-id=\"3462963\" data-element_type=\"widget\" data-widget_type=\"spacer.default\">\n\t\t\t\t<div class=\"elementor-widget-container\">\n\t\t\t\t\t<div class=\"elementor-spacer\">\n\t\t\t<div class=\"elementor-spacer-inner\"><\/div>\n\t\t<\/div>\n\t\t\t\t<\/div>\n\t\t\t\t<\/div>\n\t\t\t\t\t<\/div>\n\t\t<\/div>\n\t\t\t\t\t<\/div>\n\t\t<\/section>\n\t\t\t\t<section class=\"elementor-section elementor-top-section elementor-element elementor-element-3e00b27 elementor-section-boxed elementor-section-height-default elementor-section-height-default\" data-id=\"3e00b27\" data-element_type=\"section\">\n\t\t\t\t\t\t<div class=\"elementor-container elementor-column-gap-default\">\n\t\t\t\t\t<div class=\"elementor-column elementor-col-33 elementor-top-column elementor-element elementor-element-81163dd\" data-id=\"81163dd\" data-element_type=\"column\">\n\t\t\t<div class=\"elementor-widget-wrap elementor-element-populated\">\n\t\t\t\t\t\t<div class=\"elementor-element elementor-element-acc5472 elementor-widget elementor-widget-image\" data-id=\"acc5472\" data-element_type=\"widget\" data-widget_type=\"image.default\">\n\t\t\t\t<div class=\"elementor-widget-container\">\n\t\t\t\t\t\t\t\t\t\t\t\t\t<img fetchpriority=\"high\" decoding=\"async\" width=\"800\" height=\"1080\" src=\"https:\/\/mdeurbanlab.com\/wp-content\/uploads\/2024\/02\/Desarrollo-de-una-nueva-centralidad.jpg\" class=\"attachment-full size-full wp-image-2186\" alt=\"\" srcset=\"https:\/\/mdeurbanlab.com\/wp-content\/uploads\/2024\/02\/Desarrollo-de-una-nueva-centralidad.jpg 800w, https:\/\/mdeurbanlab.com\/wp-content\/uploads\/2024\/02\/Desarrollo-de-una-nueva-centralidad-222x300.jpg 222w, https:\/\/mdeurbanlab.com\/wp-content\/uploads\/2024\/02\/Desarrollo-de-una-nueva-centralidad-759x1024.jpg 759w, https:\/\/mdeurbanlab.com\/wp-content\/uploads\/2024\/02\/Desarrollo-de-una-nueva-centralidad-768x1037.jpg 768w, https:\/\/mdeurbanlab.com\/wp-content\/uploads\/2024\/02\/Desarrollo-de-una-nueva-centralidad-9x12.jpg 9w\" sizes=\"(max-width: 800px) 100vw, 800px\" \/>\t\t\t\t\t\t\t\t\t\t\t\t\t<\/div>\n\t\t\t\t<\/div>\n\t\t\t\t\t<\/div>\n\t\t<\/div>\n\t\t\t\t<div class=\"elementor-column elementor-col-66 elementor-top-column elementor-element elementor-element-17f391f\" data-id=\"17f391f\" data-element_type=\"column\">\n\t\t\t<div class=\"elementor-widget-wrap elementor-element-populated\">\n\t\t\t\t\t\t<div class=\"elementor-element elementor-element-e07e125 elementor-widget elementor-widget-heading\" data-id=\"e07e125\" data-element_type=\"widget\" data-widget_type=\"heading.default\">\n\t\t\t\t<div class=\"elementor-widget-container\">\n\t\t\t<h2 class=\"elementor-heading-title elementor-size-default\">Desarrollo de una nueva centralidad       regional en la vereda Cauca del municipio de Jeric\u00f3<\/h2>\t\t<\/div>\n\t\t\t\t<\/div>\n\t\t\t\t<div class=\"elementor-element elementor-element-b0ded78 elementor-widget elementor-widget-text-editor\" data-id=\"b0ded78\" data-element_type=\"widget\" data-widget_type=\"text-editor.default\">\n\t\t\t\t<div class=\"elementor-widget-container\">\n\t\t\t\t\t\t\t<p>Anglogold Ashanti Colombia S.A.S \/ Minera de Cobre QUEBRADONA S.A.S<\/p>\t\t\t\t\t\t<\/div>\n\t\t\t\t<\/div>\n\t\t\t\t<div class=\"elementor-element elementor-element-c2eed35 elementor-widget elementor-widget-text-editor\" data-id=\"c2eed35\" data-element_type=\"widget\" data-widget_type=\"text-editor.default\">\n\t\t\t\t<div class=\"elementor-widget-container\">\n\t\t\t\t\t\t\t<p>Ubicaci\u00f3n: municipio de Jeric\u00f3, Colombia<\/p>\t\t\t\t\t\t<\/div>\n\t\t\t\t<\/div>\n\t\t\t\t<div class=\"elementor-element elementor-element-397b7e3 elementor-widget elementor-widget-text-editor\" data-id=\"397b7e3\" data-element_type=\"widget\" data-widget_type=\"text-editor.default\">\n\t\t\t\t<div class=\"elementor-widget-container\">\n\t\t\t\t\t\t\t<p>El Plan de Ordenamiento Departamental POD y otros procesos de planificaci\u00f3n, complementados con los nuevos procesos que han promovido la Gobernaci\u00f3n de Antioquia, incorporados en el nuevo Plan de Desarrollo UNIDOS y enmarcados en el nuevo Taller Antioquia, ofrecen alternativas para desplegar una Gesti\u00f3n Integral del Territorio, sumando instituciones y liderazgos diversos, para desarrollar la nueva Centralidad en la vereda Cauca de Jeric\u00f3, la cual responde a las oportunidades derivadas del territorio subregional, con las nuevas infraestructuras nacionales para la accesibilidad conectividad y movilidad.<\/p><p>Responde adem\u00e1s a un modelo de desarrollo a partir de la agenda frente al cambio clim\u00e1tico y los Objetivos del Desarrollo Sostenible, ofrece oportunidades para fomentar el desarrollo del turismo y la protecci\u00f3n y valoraci\u00f3n del patrimonio natural, cultural, urban\u00edstico y religioso y configurar as\u00ed, un centro de servicios para la subregi\u00f3n, que atender\u00eda las demandas conjuntas de varios municipios y su poblaci\u00f3n.<\/p><p>Esta iniciativa, estar\u00e1 apoyada en las nuevas realidades econ\u00f3micas y de fuentes alternativas de recursos que aportar\u00e1n tanto las nuevas actividades productivas, como el desarrollo urban\u00edstico ordenado que surgir\u00eda de esta propuesta, para Jeric\u00f3 y la subregi\u00f3n.<\/p>\t\t\t\t\t\t<\/div>\n\t\t\t\t<\/div>\n\t\t\t\t\t<\/div>\n\t\t<\/div>\n\t\t\t\t\t<\/div>\n\t\t<\/section>\n\t\t\t\t<section class=\"elementor-section elementor-top-section elementor-element elementor-element-0577275 elementor-section-boxed elementor-section-height-default elementor-section-height-default\" data-id=\"0577275\" data-element_type=\"section\">\n\t\t\t\t\t\t<div class=\"elementor-container elementor-column-gap-default\">\n\t\t\t\t\t<div class=\"elementor-column elementor-col-33 elementor-top-column elementor-element elementor-element-0e9b4b3\" data-id=\"0e9b4b3\" data-element_type=\"column\">\n\t\t\t<div class=\"elementor-widget-wrap elementor-element-populated\">\n\t\t\t\t\t\t<div class=\"elementor-element elementor-element-a36d6d5 elementor-widget elementor-widget-image\" data-id=\"a36d6d5\" data-element_type=\"widget\" data-widget_type=\"image.default\">\n\t\t\t\t<div class=\"elementor-widget-container\">\n\t\t\t\t\t\t\t\t\t\t\t\t\t<img decoding=\"async\" width=\"800\" height=\"1080\" src=\"https:\/\/mdeurbanlab.com\/wp-content\/uploads\/2024\/02\/Desarrollo-de-una-nueva-centralidad2.jpg\" class=\"attachment-full size-full wp-image-2187\" alt=\"\" srcset=\"https:\/\/mdeurbanlab.com\/wp-content\/uploads\/2024\/02\/Desarrollo-de-una-nueva-centralidad2.jpg 800w, https:\/\/mdeurbanlab.com\/wp-content\/uploads\/2024\/02\/Desarrollo-de-una-nueva-centralidad2-222x300.jpg 222w, https:\/\/mdeurbanlab.com\/wp-content\/uploads\/2024\/02\/Desarrollo-de-una-nueva-centralidad2-759x1024.jpg 759w, https:\/\/mdeurbanlab.com\/wp-content\/uploads\/2024\/02\/Desarrollo-de-una-nueva-centralidad2-768x1037.jpg 768w, https:\/\/mdeurbanlab.com\/wp-content\/uploads\/2024\/02\/Desarrollo-de-una-nueva-centralidad2-9x12.jpg 9w\" sizes=\"(max-width: 800px) 100vw, 800px\" \/>\t\t\t\t\t\t\t\t\t\t\t\t\t<\/div>\n\t\t\t\t<\/div>\n\t\t\t\t<div class=\"elementor-element elementor-element-c296c79 elementor-widget elementor-widget-text-editor\" data-id=\"c296c79\" data-element_type=\"widget\" data-widget_type=\"text-editor.default\">\n\t\t\t\t<div class=\"elementor-widget-container\">\n\t\t\t\t\t\t\t<p><strong>Camino hacia Antioquia Carbono Neutro 2050<\/strong><\/p>\t\t\t\t\t\t<\/div>\n\t\t\t\t<\/div>\n\t\t\t\t\t<\/div>\n\t\t<\/div>\n\t\t\t\t<div class=\"elementor-column elementor-col-66 elementor-top-column elementor-element elementor-element-f9a27aa\" data-id=\"f9a27aa\" data-element_type=\"column\">\n\t\t\t<div class=\"elementor-widget-wrap elementor-element-populated\">\n\t\t\t\t\t\t<div class=\"elementor-element elementor-element-68ab842 elementor-widget elementor-widget-image\" data-id=\"68ab842\" data-element_type=\"widget\" data-widget_type=\"image.default\">\n\t\t\t\t<div class=\"elementor-widget-container\">\n\t\t\t\t\t\t\t\t\t\t\t\t\t<img decoding=\"async\" width=\"759\" height=\"1024\" src=\"https:\/\/mdeurbanlab.com\/wp-content\/uploads\/2024\/02\/Desarrollo-de-una-nueva-centralidad3-759x1024.jpg\" class=\"attachment-large size-large wp-image-2188\" alt=\"\" srcset=\"https:\/\/mdeurbanlab.com\/wp-content\/uploads\/2024\/02\/Desarrollo-de-una-nueva-centralidad3-759x1024.jpg 759w, https:\/\/mdeurbanlab.com\/wp-content\/uploads\/2024\/02\/Desarrollo-de-una-nueva-centralidad3-222x300.jpg 222w, https:\/\/mdeurbanlab.com\/wp-content\/uploads\/2024\/02\/Desarrollo-de-una-nueva-centralidad3-768x1037.jpg 768w, https:\/\/mdeurbanlab.com\/wp-content\/uploads\/2024\/02\/Desarrollo-de-una-nueva-centralidad3-9x12.jpg 9w, https:\/\/mdeurbanlab.com\/wp-content\/uploads\/2024\/02\/Desarrollo-de-una-nueva-centralidad3.jpg 800w\" sizes=\"(max-width: 759px) 100vw, 759px\" \/>\t\t\t\t\t\t\t\t\t\t\t\t\t<\/div>\n\t\t\t\t<\/div>\n\t\t\t\t\t<\/div>\n\t\t<\/div>\n\t\t\t\t\t<\/div>\n\t\t<\/section>\n\t\t\t\t<section class=\"elementor-section elementor-top-section elementor-element elementor-element-387500f elementor-section-boxed elementor-section-height-default elementor-section-height-default\" data-id=\"387500f\" data-element_type=\"section\">\n\t\t\t\t\t\t<div class=\"elementor-container elementor-column-gap-default\">\n\t\t\t\t\t<div class=\"elementor-column elementor-col-33 elementor-top-column elementor-element elementor-element-96741de\" data-id=\"96741de\" data-element_type=\"column\">\n\t\t\t<div class=\"elementor-widget-wrap elementor-element-populated\">\n\t\t\t\t\t\t<div class=\"elementor-element elementor-element-7cbea3a elementor-widget elementor-widget-image\" data-id=\"7cbea3a\" data-element_type=\"widget\" data-widget_type=\"image.default\">\n\t\t\t\t<div class=\"elementor-widget-container\">\n\t\t\t\t\t\t\t\t\t\t\t\t\t<img loading=\"lazy\" decoding=\"async\" width=\"800\" height=\"1080\" src=\"https:\/\/mdeurbanlab.com\/wp-content\/uploads\/2024\/02\/Desarrollo-de-una-nueva-centralidad4.jpg\" class=\"attachment-full size-full wp-image-2189\" alt=\"\" srcset=\"https:\/\/mdeurbanlab.com\/wp-content\/uploads\/2024\/02\/Desarrollo-de-una-nueva-centralidad4.jpg 800w, https:\/\/mdeurbanlab.com\/wp-content\/uploads\/2024\/02\/Desarrollo-de-una-nueva-centralidad4-222x300.jpg 222w, https:\/\/mdeurbanlab.com\/wp-content\/uploads\/2024\/02\/Desarrollo-de-una-nueva-centralidad4-759x1024.jpg 759w, https:\/\/mdeurbanlab.com\/wp-content\/uploads\/2024\/02\/Desarrollo-de-una-nueva-centralidad4-768x1037.jpg 768w, https:\/\/mdeurbanlab.com\/wp-content\/uploads\/2024\/02\/Desarrollo-de-una-nueva-centralidad4-9x12.jpg 9w\" sizes=\"(max-width: 800px) 100vw, 800px\" \/>\t\t\t\t\t\t\t\t\t\t\t\t\t<\/div>\n\t\t\t\t<\/div>\n\t\t\t\t<div class=\"elementor-element elementor-element-e4c9201 elementor-widget elementor-widget-text-editor\" data-id=\"e4c9201\" data-element_type=\"widget\" data-widget_type=\"text-editor.default\">\n\t\t\t\t<div class=\"elementor-widget-container\">\n\t\t\t\t\t\t\t<p><strong>Camino hacia Antioquia Carbono Neutro 2050<\/strong><\/p>\t\t\t\t\t\t<\/div>\n\t\t\t\t<\/div>\n\t\t\t\t\t<\/div>\n\t\t<\/div>\n\t\t\t\t<div class=\"elementor-column elementor-col-66 elementor-top-column elementor-element elementor-element-6f4307e\" data-id=\"6f4307e\" data-element_type=\"column\">\n\t\t\t<div class=\"elementor-widget-wrap elementor-element-populated\">\n\t\t\t\t\t\t<div class=\"elementor-element elementor-element-c0eb739 elementor-widget elementor-widget-image\" data-id=\"c0eb739\" data-element_type=\"widget\" data-widget_type=\"image.default\">\n\t\t\t\t<div class=\"elementor-widget-container\">\n\t\t\t\t\t\t\t\t\t\t\t\t\t<img loading=\"lazy\" decoding=\"async\" width=\"800\" height=\"816\" src=\"https:\/\/mdeurbanlab.com\/wp-content\/uploads\/2024\/02\/22.png\" class=\"attachment-large size-large wp-image-2190\" alt=\"\" srcset=\"https:\/\/mdeurbanlab.com\/wp-content\/uploads\/2024\/02\/22.png 800w, https:\/\/mdeurbanlab.com\/wp-content\/uploads\/2024\/02\/22-294x300.png 294w, https:\/\/mdeurbanlab.com\/wp-content\/uploads\/2024\/02\/22-768x783.png 768w, https:\/\/mdeurbanlab.com\/wp-content\/uploads\/2024\/02\/22-12x12.png 12w\" sizes=\"(max-width: 800px) 100vw, 800px\" \/>\t\t\t\t\t\t\t\t\t\t\t\t\t<\/div>\n\t\t\t\t<\/div>\n\t\t\t\t\t<\/div>\n\t\t<\/div>\n\t\t\t\t\t<\/div>\n\t\t<\/section>\n\t\t\t\t<\/div>","protected":false},"excerpt":{"rendered":"<p>Desarrollo de una nueva centralidad regional en la vereda Cauca del municipio de Jeric\u00f3 Anglogold Ashanti Colombia S.A.S \/ Minera de Cobre QUEBRADONA S.A.S Ubicaci\u00f3n: municipio de Jeric\u00f3, Colombia El Plan de Ordenamiento Departamental POD y otros procesos de planificaci\u00f3n, complementados con los nuevos procesos que han promovido la Gobernaci\u00f3n de Antioquia, incorporados en el &hellip;<\/p>\n<p class=\"read-more\"> <a class=\"\" href=\"https:\/\/mdeurbanlab.com\/en\/nueva-centralidad-regional-en-la-vereda-cauca-jerico\/\"> <span class=\"screen-reader-text\">nueva centralidad regional en la vereda cauca, jerico<\/span> Read More &raquo;<\/a><\/p>","protected":false},"author":1,"featured_media":0,"parent":0,"menu_order":0,"comment_status":"closed","ping_status":"closed","template":"","meta":{"site-sidebar-layout":"no-sidebar","site-content-layout":"page-builder","ast-global-header-display":"","ast-banner-title-visibility":"","ast-main-header-display":"","ast-hfb-above-header-display":"","ast-hfb-below-header-display":"","ast-hfb-mobile-header-display":"","site-post-title":"disabled","ast-breadcrumbs-content":"","ast-featured-img":"disabled","footer-sml-layout":"","theme-transparent-header-meta":"","adv-header-id-meta":"","stick-header-meta":"","header-above-stick-meta":"","header-main-stick-meta":"","header-below-stick-meta":"","footnotes":""},"class_list":["post-2183","page","type-page","status-publish","hentry"],"_links":{"self":[{"href":"https:\/\/mdeurbanlab.com\/en\/wp-json\/wp\/v2\/pages\/2183"}],"collection":[{"href":"https:\/\/mdeurbanlab.com\/en\/wp-json\/wp\/v2\/pages"}],"about":[{"href":"https:\/\/mdeurbanlab.com\/en\/wp-json\/wp\/v2\/types\/page"}],"author":[{"embeddable":true,"href":"https:\/\/mdeurbanlab.com\/en\/wp-json\/wp\/v2\/users\/1"}],"replies":[{"embeddable":true,"href":"https:\/\/mdeurbanlab.com\/en\/wp-json\/wp\/v2\/comments?post=2183"}],"version-history":[{"count":4,"href":"https:\/\/mdeurbanlab.com\/en\/wp-json\/wp\/v2\/pages\/2183\/revisions"}],"predecessor-version":[{"id":2194,"href":"https:\/\/mdeurbanlab.com\/en\/wp-json\/wp\/v2\/pages\/2183\/revisions\/2194"}],"wp:attachment":[{"href":"https:\/\/mdeurbanlab.com\/en\/wp-json\/wp\/v2\/media?parent=2183"}],"curies":[{"name":"wp","href":"https:\/\/api.w.org\/{rel}","templated":true}]}}