{"id":442,"date":"2018-11-26T12:45:57","date_gmt":"2018-11-26T17:45:57","guid":{"rendered":"http:\/\/mdeurbanlab.com\/about\/"},"modified":"2024-03-18T18:09:40","modified_gmt":"2024-03-18T23:09:40","slug":"about","status":"publish","type":"page","link":"https:\/\/mdeurbanlab.com\/en\/about\/","title":{"rendered":"\u00bfQUI\u00c9NES SOMOS?"},"content":{"rendered":"<div data-elementor-type=\"wp-post\" data-elementor-id=\"442\" class=\"elementor elementor-442\">\n\t\t\t\t\t\t<section class=\"elementor-section elementor-top-section elementor-element elementor-element-1b5d768b elementor-section-content-middle elementor-section-boxed elementor-section-height-default elementor-section-height-default\" data-id=\"1b5d768b\" data-element_type=\"section\" data-settings=\"{&quot;background_background&quot;:&quot;classic&quot;}\">\n\t\t\t\t\t\t\t<div class=\"elementor-background-overlay\"><\/div>\n\t\t\t\t\t\t\t<div class=\"elementor-container elementor-column-gap-no\">\n\t\t\t\t\t<div class=\"elementor-column elementor-col-100 elementor-top-column elementor-element elementor-element-1608c15b\" data-id=\"1608c15b\" data-element_type=\"column\">\n\t\t\t<div class=\"elementor-widget-wrap elementor-element-populated\">\n\t\t\t\t\t\t<div class=\"elementor-element elementor-element-321a34b8 elementor-widget elementor-widget-heading\" data-id=\"321a34b8\" data-element_type=\"widget\" data-widget_type=\"heading.default\">\n\t\t\t\t<div class=\"elementor-widget-container\">\n\t\t\t<h1 class=\"elementor-heading-title elementor-size-default\">ABOUT US<\/h1>\t\t<\/div>\n\t\t\t\t<\/div>\n\t\t\t\t\t<\/div>\n\t\t<\/div>\n\t\t\t\t\t<\/div>\n\t\t<\/section>\n\t\t\t\t<section class=\"elementor-section elementor-top-section elementor-element elementor-element-4170de1 elementor-section-boxed elementor-section-height-default elementor-section-height-default\" data-id=\"4170de1\" data-element_type=\"section\">\n\t\t\t\t\t\t<div class=\"elementor-container elementor-column-gap-default\">\n\t\t\t\t\t<div class=\"elementor-column elementor-col-50 elementor-top-column elementor-element elementor-element-74ffd50\" data-id=\"74ffd50\" data-element_type=\"column\">\n\t\t\t<div class=\"elementor-widget-wrap elementor-element-populated\">\n\t\t\t\t\t\t<div class=\"elementor-element elementor-element-5e89908 elementor-widget elementor-widget-image\" data-id=\"5e89908\" data-element_type=\"widget\" data-widget_type=\"image.default\">\n\t\t\t\t<div class=\"elementor-widget-container\">\n\t\t\t\t\t\t\t\t\t\t\t\t\t<img fetchpriority=\"high\" decoding=\"async\" width=\"800\" height=\"1003\" src=\"https:\/\/mdeurbanlab.com\/wp-content\/uploads\/2024\/02\/sobre-nosotros.jpg\" class=\"attachment-large size-large wp-image-2219\" alt=\"\" srcset=\"https:\/\/mdeurbanlab.com\/wp-content\/uploads\/2024\/02\/sobre-nosotros.jpg 800w, https:\/\/mdeurbanlab.com\/wp-content\/uploads\/2024\/02\/sobre-nosotros-239x300.jpg 239w, https:\/\/mdeurbanlab.com\/wp-content\/uploads\/2024\/02\/sobre-nosotros-768x963.jpg 768w, https:\/\/mdeurbanlab.com\/wp-content\/uploads\/2024\/02\/sobre-nosotros-10x12.jpg 10w\" sizes=\"(max-width: 800px) 100vw, 800px\" \/>\t\t\t\t\t\t\t\t\t\t\t\t\t<\/div>\n\t\t\t\t<\/div>\n\t\t\t\t\t<\/div>\n\t\t<\/div>\n\t\t\t\t<div class=\"elementor-column elementor-col-50 elementor-top-column elementor-element elementor-element-7e4abea\" data-id=\"7e4abea\" data-element_type=\"column\">\n\t\t\t<div class=\"elementor-widget-wrap elementor-element-populated\">\n\t\t\t\t\t\t<div class=\"elementor-element elementor-element-31b2d06 elementor-widget elementor-widget-heading\" data-id=\"31b2d06\" data-element_type=\"widget\" data-widget_type=\"heading.default\">\n\t\t\t\t<div class=\"elementor-widget-container\">\n\t\t\t<h2 class=\"elementor-heading-title elementor-size-default\">\u00bfQui\u00e9nes somos?<\/h2>\t\t<\/div>\n\t\t\t\t<\/div>\n\t\t\t\t<div class=\"elementor-element elementor-element-8017622 elementor-widget elementor-widget-text-editor\" data-id=\"8017622\" data-element_type=\"widget\" data-widget_type=\"text-editor.default\">\n\t\t\t\t<div class=\"elementor-widget-container\">\n\t\t\t\t\t\t\t<p>Aplicamos inteligencia y conocimiento para el desarrollo del territorio en diversas escalas y \u00e1mbitos, resultado de una historia amplia de trabajos en la industria, la academia, la sociedad y el territorio, que han incidido en varios \u00e1mbitos relacionados con el desarrollo regional, metropolitano, rural y urbano.<\/p><p>Somos un laboratorio para proponer soluciones a la medida, a partir de un equipo de expertos multidisciplinares, ofreciendo oportunidades para abordar problemas de manera innovadora, con rentabilidad social, ambiental y econ\u00f3mica.<\/p><p>Tenemos experiencia trabajando en procesos relacionados con la urbanizaci\u00f3n y el desarrollo territorial en diversos contextos. Somos una red articulada a la comunidad global, con conocimientos avanzados apoyados en la experiencia de gesti\u00f3n sobre problemas reales, con varias d\u00e9cadas de trabajo desde Medell\u00edn, Antioquia y el mundo.<\/p>\t\t\t\t\t\t<\/div>\n\t\t\t\t<\/div>\n\t\t\t\t\t<\/div>\n\t\t<\/div>\n\t\t\t\t\t<\/div>\n\t\t<\/section>\n\t\t\t\t<section class=\"elementor-section elementor-top-section elementor-element elementor-element-fe2c6b4 elementor-section-boxed elementor-section-height-default elementor-section-height-default\" data-id=\"fe2c6b4\" data-element_type=\"section\">\n\t\t\t\t\t\t<div class=\"elementor-container elementor-column-gap-default\">\n\t\t\t\t\t<div class=\"elementor-column elementor-col-100 elementor-top-column elementor-element elementor-element-8dfd2b8\" data-id=\"8dfd2b8\" data-element_type=\"column\">\n\t\t\t<div class=\"elementor-widget-wrap elementor-element-populated\">\n\t\t\t\t\t\t<div class=\"elementor-element elementor-element-1a78e48 elementor-widget elementor-widget-image\" data-id=\"1a78e48\" data-element_type=\"widget\" data-widget_type=\"image.default\">\n\t\t\t\t<div class=\"elementor-widget-container\">\n\t\t\t\t\t\t\t\t\t\t\t\t\t<img decoding=\"async\" width=\"1024\" height=\"576\" src=\"https:\/\/mdeurbanlab.com\/wp-content\/uploads\/2024\/02\/quienes-somos-1024x576.png\" class=\"attachment-large size-large wp-image-2220\" alt=\"\" srcset=\"https:\/\/mdeurbanlab.com\/wp-content\/uploads\/2024\/02\/quienes-somos-1024x576.png 1024w, https:\/\/mdeurbanlab.com\/wp-content\/uploads\/2024\/02\/quienes-somos-300x169.png 300w, https:\/\/mdeurbanlab.com\/wp-content\/uploads\/2024\/02\/quienes-somos-768x432.png 768w, https:\/\/mdeurbanlab.com\/wp-content\/uploads\/2024\/02\/quienes-somos-1536x864.png 1536w, https:\/\/mdeurbanlab.com\/wp-content\/uploads\/2024\/02\/quienes-somos-18x10.png 18w, https:\/\/mdeurbanlab.com\/wp-content\/uploads\/2024\/02\/quienes-somos-1320x743.png 1320w, https:\/\/mdeurbanlab.com\/wp-content\/uploads\/2024\/02\/quienes-somos.png 1920w\" sizes=\"(max-width: 1024px) 100vw, 1024px\" \/>\t\t\t\t\t\t\t\t\t\t\t\t\t<\/div>\n\t\t\t\t<\/div>\n\t\t\t\t\t<\/div>\n\t\t<\/div>\n\t\t\t\t\t<\/div>\n\t\t<\/section>\n\t\t\t\t<section class=\"elementor-section elementor-top-section elementor-element elementor-element-85fadf0 elementor-section-boxed elementor-section-height-default elementor-section-height-default\" data-id=\"85fadf0\" data-element_type=\"section\" data-settings=\"{&quot;background_background&quot;:&quot;classic&quot;}\">\n\t\t\t\t\t\t<div class=\"elementor-container elementor-column-gap-default\">\n\t\t\t\t\t<div class=\"elementor-column elementor-col-66 elementor-top-column elementor-element elementor-element-21ea31eb\" data-id=\"21ea31eb\" data-element_type=\"column\">\n\t\t\t<div class=\"elementor-widget-wrap elementor-element-populated\">\n\t\t\t\t\t\t<div class=\"elementor-element elementor-element-9135348 elementor-widget elementor-widget-heading\" data-id=\"9135348\" data-element_type=\"widget\" data-widget_type=\"heading.default\">\n\t\t\t\t<div class=\"elementor-widget-container\">\n\t\t\t<h3 class=\"elementor-heading-title elementor-size-default\">Tailored solutions for urban and territorial problems<\/h3>\t\t<\/div>\n\t\t\t\t<\/div>\n\t\t\t\t\t<\/div>\n\t\t<\/div>\n\t\t\t\t<div class=\"elementor-column elementor-col-33 elementor-top-column elementor-element elementor-element-6b94e287\" data-id=\"6b94e287\" data-element_type=\"column\">\n\t\t\t<div class=\"elementor-widget-wrap elementor-element-populated\">\n\t\t\t\t\t\t<div class=\"elementor-element elementor-element-513809ac elementor-align-center elementor-widget elementor-widget-button\" data-id=\"513809ac\" data-element_type=\"widget\" data-widget_type=\"button.default\">\n\t\t\t\t<div class=\"elementor-widget-container\">\n\t\t\t\t\t<div class=\"elementor-button-wrapper\">\n\t\t\t<a class=\"elementor-button elementor-button-link elementor-size-sm\" href=\"https:\/\/mdeurbanlab.com\/en\/contact\/\">\n\t\t\t\t\t\t<span class=\"elementor-button-content-wrapper\">\n\t\t\t\t\t\t\t\t\t<span class=\"elementor-button-text\">CONTACT US \u2192<\/span>\n\t\t\t\t\t<\/span>\n\t\t\t\t\t<\/a>\n\t\t<\/div>\n\t\t\t\t<\/div>\n\t\t\t\t<\/div>\n\t\t\t\t\t<\/div>\n\t\t<\/div>\n\t\t\t\t\t<\/div>\n\t\t<\/section>\n\t\t\t\t<\/div>","protected":false},"excerpt":{"rendered":"<p>SOBRE NOSOTROS \u00bfQui\u00e9nes somos? Aplicamos inteligencia y conocimiento para el desarrollo del territorio en diversas escalas y \u00e1mbitos, resultado de una historia amplia de trabajos en la industria, la academia, la sociedad y el territorio, que han incidido en varios \u00e1mbitos relacionados con el desarrollo regional, metropolitano, rural y urbano. Somos un laboratorio para proponer &hellip;<\/p>\n<p class=\"read-more\"> <a class=\"\" href=\"https:\/\/mdeurbanlab.com\/en\/about\/\"> <span class=\"screen-reader-text\">\u00bfQUI\u00c9NES SOMOS?<\/span> Read More &raquo;<\/a><\/p>","protected":false},"author":1,"featured_media":0,"parent":0,"menu_order":0,"comment_status":"closed","ping_status":"closed","template":"","meta":{"site-sidebar-layout":"no-sidebar","site-content-layout":"page-builder","ast-global-header-display":"","ast-banner-title-visibility":"","ast-main-header-display":"","ast-hfb-above-header-display":"","ast-hfb-below-header-display":"","ast-hfb-mobile-header-display":"","site-post-title":"disabled","ast-breadcrumbs-content":"","ast-featured-img":"disabled","footer-sml-layout":"","theme-transparent-header-meta":"enabled","adv-header-id-meta":"","stick-header-meta":"","header-above-stick-meta":"","header-main-stick-meta":"","header-below-stick-meta":"","footnotes":""},"class_list":["post-442","page","type-page","status-publish","hentry"],"_links":{"self":[{"href":"https:\/\/mdeurbanlab.com\/en\/wp-json\/wp\/v2\/pages\/442"}],"collection":[{"href":"https:\/\/mdeurbanlab.com\/en\/wp-json\/wp\/v2\/pages"}],"about":[{"href":"https:\/\/mdeurbanlab.com\/en\/wp-json\/wp\/v2\/types\/page"}],"author":[{"embeddable":true,"href":"https:\/\/mdeurbanlab.com\/en\/wp-json\/wp\/v2\/users\/1"}],"replies":[{"embeddable":true,"href":"https:\/\/mdeurbanlab.com\/en\/wp-json\/wp\/v2\/comments?post=442"}],"version-history":[{"count":69,"href":"https:\/\/mdeurbanlab.com\/en\/wp-json\/wp\/v2\/pages\/442\/revisions"}],"predecessor-version":[{"id":2261,"href":"https:\/\/mdeurbanlab.com\/en\/wp-json\/wp\/v2\/pages\/442\/revisions\/2261"}],"wp:attachment":[{"href":"https:\/\/mdeurbanlab.com\/en\/wp-json\/wp\/v2\/media?parent=442"}],"curies":[{"name":"wp","href":"https:\/\/api.w.org\/{rel}","templated":true}]}}